{"id":16098,"date":"2020-09-09T10:32:13","date_gmt":"2020-09-09T02:32:13","guid":{"rendered":"https:\/\/www.fjpremium.com\/?post_type=product&#038;p=16098"},"modified":"2023-12-14T13:51:48","modified_gmt":"2023-12-14T05:51:48","slug":"hdmi-male-to-dvi-female-short-cable","status":"publish","type":"product","link":"https:\/\/www.fjpremium.com\/pt\/product\/hdmi-male-to-dvi-female-short-cable\/","title":{"rendered":"Cabo conversor de HDMI para DVI-I macho para f\u00eamea Cabo HDMI para DVI-I duplo 24+5"},"content":{"rendered":"<p>Concebido para ligar sem problemas dispositivos com HDMI a ecr\u00e3s DVI, este cabo \u00e9 um exemplo de versatilidade.<\/p>\n<p>Quer esteja a desfrutar de streaming de v\u00eddeo de alta defini\u00e7\u00e3o ou a mergulhar em sess\u00f5es de jogo envolventes, garante imagens cristalinas at\u00e9 uma impressionante resolu\u00e7\u00e3o de 1920\u00d71080@60Hz.<\/p>\n<p>Al\u00e9m disso, para al\u00e9m de ligar, \u00e9 um facilitador, quer seja para um ambiente de trabalho alargado ou um ecr\u00e3 espelhado.<\/p>\n<p>Os conectores banhados a ouro do cabo conversor HDMI para DVI-I e os parafusos meticulosamente concebidos para serem apertados com os dedos garantem uma liga\u00e7\u00e3o s\u00f3lida.<\/p>\n<p>As suas especifica\u00e7\u00f5es:<\/p>\n<ul>\n<li>Condutor do cabo: Cobre nu<\/li>\n<li>Bitola do fio: 30AWG(1-5M)<\/li>\n<li>Revestimento: PVC<\/li>\n<li>Conformidade: RoHS, REACH<\/li>\n<\/ul>\n<p>A sua avan\u00e7ada blindagem de folha e tran\u00e7a protege contra interfer\u00eancias electromagn\u00e9ticas ou de radiofrequ\u00eancia. E, com os seus materiais de primeira qualidade, pode ter a certeza de um desempenho fi\u00e1vel durante toda a sua vida \u00fatil.<\/p>\n<p>Por isso, contacte-nos hoje mesmo e encomende o nosso cabo.<\/p>","protected":false},"excerpt":{"rendered":"<p>Eleve a experi\u00eancia digital com o cabo conversor FARSINCE macho para f\u00eamea HDMI para DVI-I, que oferece Full HD 1080p, conectores banhados a ouro e desempenho blindado.<\/p>","protected":false},"featured_media":16099,"template":"","meta":{"_acf_changed":false,"_seopress_robots_primary_cat":"","_seopress_titles_title":"Male to Female HDMI to DVI-I Converter Cable %%sep%% %%sitetitle%%","_seopress_titles_desc":"Elevate digital experience with FARSINCE male to female HDMI to DVI-I converter cable, offering 1080p Full HD, gold-plated connectors and shielded performance. ","_seopress_robots_index":"","site-sidebar-layout":"default","site-content-layout":"default","ast-site-content-layout":"default","site-content-style":"default","site-sidebar-style":"default","ast-global-header-display":"","ast-banner-title-visibility":"","ast-main-header-display":"","ast-hfb-above-header-display":"","ast-hfb-below-header-display":"","ast-hfb-mobile-header-display":"","site-post-title":"","ast-breadcrumbs-content":"","ast-featured-img":"","footer-sml-layout":"","ast-disable-related-posts":"","theme-transparent-header-meta":"default","adv-header-id-meta":"","stick-header-meta":"","header-above-stick-meta":"","header-main-stick-meta":"","header-below-stick-meta":"","astra-migrate-meta-layouts":"set","ast-page-background-enabled":"default","ast-page-background-meta":{"desktop":{"background-color":"","background-image":"","background-repeat":"repeat","background-position":"center center","background-size":"auto","background-attachment":"scroll","background-type":"","background-media":"","overlay-type":"","overlay-color":"","overlay-opacity":"","overlay-gradient":""},"tablet":{"background-color":"","background-image":"","background-repeat":"repeat","background-position":"center center","background-size":"auto","background-attachment":"scroll","background-type":"","background-media":"","overlay-type":"","overlay-color":"","overlay-opacity":"","overlay-gradient":""},"mobile":{"background-color":"","background-image":"","background-repeat":"repeat","background-position":"center center","background-size":"auto","background-attachment":"scroll","background-type":"","background-media":"","overlay-type":"","overlay-color":"","overlay-opacity":"","overlay-gradient":""}},"ast-content-background-meta":{"desktop":{"background-color":"var(--ast-global-color-5)","background-image":"","background-repeat":"repeat","background-position":"center center","background-size":"auto","background-attachment":"scroll","background-type":"","background-media":"","overlay-type":"","overlay-color":"","overlay-opacity":"","overlay-gradient":""},"tablet":{"background-color":"var(--ast-global-color-5)","background-image":"","background-repeat":"repeat","background-position":"center center","background-size":"auto","background-attachment":"scroll","background-type":"","background-media":"","overlay-type":"","overlay-color":"","overlay-opacity":"","overlay-gradient":""},"mobile":{"background-color":"var(--ast-global-color-5)","background-image":"","background-repeat":"repeat","background-position":"center center","background-size":"auto","background-attachment":"scroll","background-type":"","background-media":"","overlay-type":"","overlay-color":"","overlay-opacity":"","overlay-gradient":""}},"iawp_total_views":3},"product_brand":[],"product_cat":[211,638],"product_tag":[],"class_list":{"0":"post-16098","1":"product","2":"type-product","3":"status-publish","4":"has-post-thumbnail","6":"product_cat-hdmi","7":"product_cat-hdmi-cables","8":"desktop-align-left","9":"tablet-align-left","10":"mobile-align-left","12":"first","13":"instock","14":"shipping-taxable","15":"purchasable","16":"product-type-simple"},"acf":[],"_links":{"self":[{"href":"https:\/\/www.fjpremium.com\/pt\/wp-json\/wp\/v2\/product\/16098","targetHints":{"allow":["GET"]}}],"collection":[{"href":"https:\/\/www.fjpremium.com\/pt\/wp-json\/wp\/v2\/product"}],"about":[{"href":"https:\/\/www.fjpremium.com\/pt\/wp-json\/wp\/v2\/types\/product"}],"wp:featuredmedia":[{"embeddable":true,"href":"https:\/\/www.fjpremium.com\/pt\/wp-json\/wp\/v2\/media\/16099"}],"wp:attachment":[{"href":"https:\/\/www.fjpremium.com\/pt\/wp-json\/wp\/v2\/media?parent=16098"}],"wp:term":[{"taxonomy":"product_brand","embeddable":true,"href":"https:\/\/www.fjpremium.com\/pt\/wp-json\/wp\/v2\/product_brand?post=16098"},{"taxonomy":"product_cat","embeddable":true,"href":"https:\/\/www.fjpremium.com\/pt\/wp-json\/wp\/v2\/product_cat?post=16098"},{"taxonomy":"product_tag","embeddable":true,"href":"https:\/\/www.fjpremium.com\/pt\/wp-json\/wp\/v2\/product_tag?post=16098"}],"curies":[{"name":"wp","href":"https:\/\/api.w.org\/{rel}","templated":true}]}}