{"id":16093,"date":"2020-09-09T10:31:00","date_gmt":"2020-09-09T02:31:00","guid":{"rendered":"https:\/\/www.fjpremium.com\/?post_type=product&#038;p=16093"},"modified":"2023-12-14T13:51:48","modified_gmt":"2023-12-14T05:51:48","slug":"dvi-to-vga-hdmi-2-in-1-adapter","status":"publish","type":"product","link":"https:\/\/www.fjpremium.com\/pt\/product\/dvi-to-vga-hdmi-2-in-1-adapter\/","title":{"rendered":"Cabo adaptador HDMI VGA DVI 4K 1080p 2 em 1"},"content":{"rendered":"<p>Concebido com per\u00edcia, o cabo adaptador 2 em 1 HDMI VGA DVI liga sem esfor\u00e7o o seu Chromebook ou port\u00e1til com HDMI a um ecr\u00e3 VGA ou HDMI.<\/p>\n<p>Quer esteja a apresentar uma apresenta\u00e7\u00e3o de diapositivos ou a transmitir conte\u00fados, a op\u00e7\u00e3o de alternar para o modo Mirror proporciona uma maior flexibilidade. E com suporte para resolu\u00e7\u00f5es t\u00e3o impressionantes como 1920\u00d71080@60Hz, s\u00f3 pode esperar uma nitidez cristalina.<\/p>\n<p>\u00c9 de salientar o chip IC ativo incorporado no nosso adaptador, que aumenta a compatibilidade entre dispositivos.<\/p>\n<p>As suas especifica\u00e7\u00f5es:<\/p>\n<ul>\n<li>Caixa do adaptador: Inv\u00f3lucro em ABS<\/li>\n<li>Condutor do cabo: Cobre nu 32AWG<\/li>\n<li>Comprimento do cabo: 25cm<\/li>\n<li>Blindagem: Folha de alum\u00ednio, tran\u00e7a<\/li>\n<li>Revestimento: PVC<\/li>\n<li>OD: 4,5MM<\/li>\n<li>Conformidade: RoHS<\/li>\n<li>Embalagem: Saco com fecho<\/li>\n<li>Garantia: 2 anos<\/li>\n<\/ul>\n<p>Al\u00e9m disso, com conectores banhados a ouro, tem sempre garantida uma \u00f3ptima qualidade de sinal. Por conseguinte, contacte-nos hoje mesmo e adicione-o ao seu invent\u00e1rio.<\/p>","protected":false},"excerpt":{"rendered":"<p>Mergulhe no mundo da clareza de alta defini\u00e7\u00e3o com o cabo adaptador HDMI VGA DVI 2 em 1 da FARSINCE, fornecendo visuais vibrantes de at\u00e9 1920\u00d71080@60Hz.<\/p>","protected":false},"featured_media":16094,"template":"","meta":{"_acf_changed":false,"_seopress_robots_primary_cat":"","_seopress_titles_title":"Best 4K 1080p 2 in 1 HDMI VGA DVI Adapter Cable - FARSINCE","_seopress_titles_desc":"","_seopress_robots_index":"","site-sidebar-layout":"default","site-content-layout":"default","ast-site-content-layout":"default","site-content-style":"default","site-sidebar-style":"default","ast-global-header-display":"","ast-banner-title-visibility":"","ast-main-header-display":"","ast-hfb-above-header-display":"","ast-hfb-below-header-display":"","ast-hfb-mobile-header-display":"","site-post-title":"","ast-breadcrumbs-content":"","ast-featured-img":"","footer-sml-layout":"","ast-disable-related-posts":"","theme-transparent-header-meta":"default","adv-header-id-meta":"","stick-header-meta":"","header-above-stick-meta":"","header-main-stick-meta":"","header-below-stick-meta":"","astra-migrate-meta-layouts":"set","ast-page-background-enabled":"default","ast-page-background-meta":{"desktop":{"background-color":"","background-image":"","background-repeat":"repeat","background-position":"center center","background-size":"auto","background-attachment":"scroll","background-type":"","background-media":"","overlay-type":"","overlay-color":"","overlay-opacity":"","overlay-gradient":""},"tablet":{"background-color":"","background-image":"","background-repeat":"repeat","background-position":"center center","background-size":"auto","background-attachment":"scroll","background-type":"","background-media":"","overlay-type":"","overlay-color":"","overlay-opacity":"","overlay-gradient":""},"mobile":{"background-color":"","background-image":"","background-repeat":"repeat","background-position":"center center","background-size":"auto","background-attachment":"scroll","background-type":"","background-media":"","overlay-type":"","overlay-color":"","overlay-opacity":"","overlay-gradient":""}},"ast-content-background-meta":{"desktop":{"background-color":"var(--ast-global-color-5)","background-image":"","background-repeat":"repeat","background-position":"center center","background-size":"auto","background-attachment":"scroll","background-type":"","background-media":"","overlay-type":"","overlay-color":"","overlay-opacity":"","overlay-gradient":""},"tablet":{"background-color":"var(--ast-global-color-5)","background-image":"","background-repeat":"repeat","background-position":"center center","background-size":"auto","background-attachment":"scroll","background-type":"","background-media":"","overlay-type":"","overlay-color":"","overlay-opacity":"","overlay-gradient":""},"mobile":{"background-color":"var(--ast-global-color-5)","background-image":"","background-repeat":"repeat","background-position":"center center","background-size":"auto","background-attachment":"scroll","background-type":"","background-media":"","overlay-type":"","overlay-color":"","overlay-opacity":"","overlay-gradient":""}},"iawp_total_views":5},"product_brand":[],"product_cat":[460,211,638],"product_tag":[],"class_list":{"0":"post-16093","1":"product","2":"type-product","3":"status-publish","4":"has-post-thumbnail","6":"product_cat-featured-products","7":"product_cat-hdmi","8":"product_cat-hdmi-cables","9":"desktop-align-left","10":"tablet-align-left","11":"mobile-align-left","13":"first","14":"instock","15":"shipping-taxable","16":"purchasable","17":"product-type-simple"},"acf":[],"_links":{"self":[{"href":"https:\/\/www.fjpremium.com\/pt\/wp-json\/wp\/v2\/product\/16093","targetHints":{"allow":["GET"]}}],"collection":[{"href":"https:\/\/www.fjpremium.com\/pt\/wp-json\/wp\/v2\/product"}],"about":[{"href":"https:\/\/www.fjpremium.com\/pt\/wp-json\/wp\/v2\/types\/product"}],"wp:featuredmedia":[{"embeddable":true,"href":"https:\/\/www.fjpremium.com\/pt\/wp-json\/wp\/v2\/media\/16094"}],"wp:attachment":[{"href":"https:\/\/www.fjpremium.com\/pt\/wp-json\/wp\/v2\/media?parent=16093"}],"wp:term":[{"taxonomy":"product_brand","embeddable":true,"href":"https:\/\/www.fjpremium.com\/pt\/wp-json\/wp\/v2\/product_brand?post=16093"},{"taxonomy":"product_cat","embeddable":true,"href":"https:\/\/www.fjpremium.com\/pt\/wp-json\/wp\/v2\/product_cat?post=16093"},{"taxonomy":"product_tag","embeddable":true,"href":"https:\/\/www.fjpremium.com\/pt\/wp-json\/wp\/v2\/product_tag?post=16093"}],"curies":[{"name":"wp","href":"https:\/\/api.w.org\/{rel}","templated":true}]}}