{"id":16031,"date":"2020-09-08T10:54:36","date_gmt":"2020-09-08T02:54:36","guid":{"rendered":"https:\/\/www.fjpremium.com\/?post_type=product&#038;p=16031"},"modified":"2023-12-14T13:51:49","modified_gmt":"2023-12-14T05:51:49","slug":"vga-to-vga-hdmi-2-in-1-adapter","status":"publish","type":"product","link":"https:\/\/www.fjpremium.com\/pt\/product\/vga-to-vga-hdmi-2-in-1-adapter\/","title":{"rendered":"Cabo adaptador VGA para HDMI VGA 4K 1080P 2 em 1"},"content":{"rendered":"<p>Concebido para ligar sem problemas dispositivos compat\u00edveis com HDMI, como Chromebooks ou computadores port\u00e1teis, a ecr\u00e3s VGA ou HDMI, este cabo adaptador 2 em 1 garante uma transmiss\u00e3o impec\u00e1vel.<\/p>\n<p>Pode mergulhar num mundo de imagens n\u00edtidas, com uma resolu\u00e7\u00e3o de alta defini\u00e7\u00e3o que atinge o m\u00e1ximo de 1920\u00d71080@60Hz. Al\u00e9m disso, com um inovador chip IC ativo incorporado, as preocupa\u00e7\u00f5es com a compatibilidade s\u00e3o uma coisa do passado.<\/p>\n<p>Protegido por um inv\u00f3lucro robusto em ABS e blindado por uma folha de alum\u00ednio e uma tran\u00e7a, o adaptador garante resist\u00eancia.<\/p>\n<p>As suas especifica\u00e7\u00f5es:<\/p>\n<ul>\n<li>Comprimento do cabo: 25cm<\/li>\n<li>Revestimento: PVC<\/li>\n<li>OD: 4,5MM<\/li>\n<li>Conformidade: RoHS<\/li>\n<li>Embalagem: Saco com fecho<\/li>\n<li>Garantia: 2 anos<\/li>\n<\/ul>\n<p>E os conectores banhados a ouro, fabricados a partir de cobre nu 32AWG, s\u00e3o uma prova de desempenho e durabilidade superiores. Assim, contacte-nos hoje mesmo e encomende-o.<\/p>","protected":false},"excerpt":{"rendered":"<p>Descubra versatilidade incompar\u00e1vel com o cabo adaptador VGA para HDMI VGA 2 em 1 da FARSINCE, apresentando compatibilidade suprema e resolu\u00e7\u00e3o de 1920\u00d71080@60Hz.<\/p>","protected":false},"featured_media":16089,"template":"","meta":{"_acf_changed":false,"_seopress_robots_primary_cat":"","_seopress_titles_title":"VGA to HDMI VGA 4K 1080P 2 in 1 Adapter Cable - FARSINCE","_seopress_titles_desc":"","_seopress_robots_index":"","site-sidebar-layout":"default","site-content-layout":"default","ast-site-content-layout":"default","site-content-style":"default","site-sidebar-style":"default","ast-global-header-display":"","ast-banner-title-visibility":"","ast-main-header-display":"","ast-hfb-above-header-display":"","ast-hfb-below-header-display":"","ast-hfb-mobile-header-display":"","site-post-title":"","ast-breadcrumbs-content":"","ast-featured-img":"","footer-sml-layout":"","ast-disable-related-posts":"","theme-transparent-header-meta":"default","adv-header-id-meta":"","stick-header-meta":"","header-above-stick-meta":"","header-main-stick-meta":"","header-below-stick-meta":"","astra-migrate-meta-layouts":"set","ast-page-background-enabled":"default","ast-page-background-meta":{"desktop":{"background-color":"","background-image":"","background-repeat":"repeat","background-position":"center center","background-size":"auto","background-attachment":"scroll","background-type":"","background-media":"","overlay-type":"","overlay-color":"","overlay-opacity":"","overlay-gradient":""},"tablet":{"background-color":"","background-image":"","background-repeat":"repeat","background-position":"center center","background-size":"auto","background-attachment":"scroll","background-type":"","background-media":"","overlay-type":"","overlay-color":"","overlay-opacity":"","overlay-gradient":""},"mobile":{"background-color":"","background-image":"","background-repeat":"repeat","background-position":"center center","background-size":"auto","background-attachment":"scroll","background-type":"","background-media":"","overlay-type":"","overlay-color":"","overlay-opacity":"","overlay-gradient":""}},"ast-content-background-meta":{"desktop":{"background-color":"var(--ast-global-color-5)","background-image":"","background-repeat":"repeat","background-position":"center center","background-size":"auto","background-attachment":"scroll","background-type":"","background-media":"","overlay-type":"","overlay-color":"","overlay-opacity":"","overlay-gradient":""},"tablet":{"background-color":"var(--ast-global-color-5)","background-image":"","background-repeat":"repeat","background-position":"center center","background-size":"auto","background-attachment":"scroll","background-type":"","background-media":"","overlay-type":"","overlay-color":"","overlay-opacity":"","overlay-gradient":""},"mobile":{"background-color":"var(--ast-global-color-5)","background-image":"","background-repeat":"repeat","background-position":"center center","background-size":"auto","background-attachment":"scroll","background-type":"","background-media":"","overlay-type":"","overlay-color":"","overlay-opacity":"","overlay-gradient":""}},"iawp_total_views":7},"product_brand":[],"product_cat":[460,211,638],"product_tag":[],"class_list":{"0":"post-16031","1":"product","2":"type-product","3":"status-publish","4":"has-post-thumbnail","6":"product_cat-featured-products","7":"product_cat-hdmi","8":"product_cat-hdmi-cables","9":"desktop-align-left","10":"tablet-align-left","11":"mobile-align-left","13":"first","14":"instock","15":"shipping-taxable","16":"purchasable","17":"product-type-simple"},"acf":[],"_links":{"self":[{"href":"https:\/\/www.fjpremium.com\/pt\/wp-json\/wp\/v2\/product\/16031","targetHints":{"allow":["GET"]}}],"collection":[{"href":"https:\/\/www.fjpremium.com\/pt\/wp-json\/wp\/v2\/product"}],"about":[{"href":"https:\/\/www.fjpremium.com\/pt\/wp-json\/wp\/v2\/types\/product"}],"wp:featuredmedia":[{"embeddable":true,"href":"https:\/\/www.fjpremium.com\/pt\/wp-json\/wp\/v2\/media\/16089"}],"wp:attachment":[{"href":"https:\/\/www.fjpremium.com\/pt\/wp-json\/wp\/v2\/media?parent=16031"}],"wp:term":[{"taxonomy":"product_brand","embeddable":true,"href":"https:\/\/www.fjpremium.com\/pt\/wp-json\/wp\/v2\/product_brand?post=16031"},{"taxonomy":"product_cat","embeddable":true,"href":"https:\/\/www.fjpremium.com\/pt\/wp-json\/wp\/v2\/product_cat?post=16031"},{"taxonomy":"product_tag","embeddable":true,"href":"https:\/\/www.fjpremium.com\/pt\/wp-json\/wp\/v2\/product_tag?post=16031"}],"curies":[{"name":"wp","href":"https:\/\/api.w.org\/{rel}","templated":true}]}}