{"id":16029,"date":"2020-09-08T10:54:34","date_gmt":"2020-09-08T02:54:34","guid":{"rendered":"https:\/\/www.fjpremium.com\/?post_type=product&#038;p=16029"},"modified":"2023-12-14T13:51:50","modified_gmt":"2023-12-14T05:51:50","slug":"vga-to-hdmi-coupler","status":"publish","type":"product","link":"https:\/\/www.fjpremium.com\/pt\/product\/vga-to-hdmi-coupler\/","title":{"rendered":"Amazon Hot Selling 2023 Conversor Adaptador VGA para HDMI"},"content":{"rendered":"<p>Concebido na perfei\u00e7\u00e3o, o nosso conversor liga sem esfor\u00e7o o seu PC ou port\u00e1til a um ecr\u00e3 HDMI. Com o seu conetor est\u00e9reo, n\u00e3o s\u00f3 v\u00ea como tamb\u00e9m ouve a qualidade, transmitindo sinais de \u00e1udio cristalinos sem problemas.<\/p>\n<p>Al\u00e9m disso, n\u00e3o h\u00e1 mais cabos de alimenta\u00e7\u00e3o emaranhados; o seu engenhoso design alimentado por USB significa zero fontes de alimenta\u00e7\u00e3o adicionais.<\/p>\n<p>Este adaptador VGA para HDMI permite desfrutar de imagens cristalinas com uma resolu\u00e7\u00e3o que atinge os 1920 x 1080. Quer se trate da sensa\u00e7\u00e3o envolvente do Dolby TrueHD ou da precis\u00e3o do DTS-HD Master Audio, tem tudo o que precisa.<\/p>\n<p>As suas especifica\u00e7\u00f5es:<\/p>\n<ul>\n<li>Contacto banhado a ouro, concha banhada a ouro<\/li>\n<li>Condutor do cabo: Cobre nu<\/li>\n<li>Bitola do fio: 32AWG<\/li>\n<li>Blindagem: Folha de alum\u00ednio, tran\u00e7a<\/li>\n<li>Revestimento: PVC<\/li>\n<li>Conformidade: RoHS, REACH<\/li>\n<\/ul>\n<p>A sua independ\u00eancia do sistema operativo e a instala\u00e7\u00e3o sem controlador tamb\u00e9m prometem uma experi\u00eancia plug-and-play. Por conseguinte, contacte-nos hoje mesmo e invista no produto.<\/p>","protected":false},"excerpt":{"rendered":"<p>Eleve a experi\u00eancia de exibi\u00e7\u00e3o com o adaptador VGA para HDMI inovador da FARSINCE, atualmente o mais vendido de 2023 na Amazon, com recursos visuais ultra n\u00edtidos, \u00e1udio impec\u00e1vel e configura\u00e7\u00e3o f\u00e1cil.<\/p>","protected":false},"featured_media":16077,"template":"","meta":{"_acf_changed":false,"_seopress_robots_primary_cat":"","_seopress_titles_title":"Converter VGA Adaptor to HDMI - Farsince","_seopress_titles_desc":"Elevate display experience with FARSINCE&#039;s trend-setting VGA adaptor to HDMI, currently the hot seller of 2023 on Amazon, featuring ultra-clear visuals.","_seopress_robots_index":"","site-sidebar-layout":"default","site-content-layout":"default","ast-site-content-layout":"default","site-content-style":"default","site-sidebar-style":"default","ast-global-header-display":"","ast-banner-title-visibility":"","ast-main-header-display":"","ast-hfb-above-header-display":"","ast-hfb-below-header-display":"","ast-hfb-mobile-header-display":"","site-post-title":"","ast-breadcrumbs-content":"","ast-featured-img":"","footer-sml-layout":"","ast-disable-related-posts":"","theme-transparent-header-meta":"default","adv-header-id-meta":"","stick-header-meta":"","header-above-stick-meta":"","header-main-stick-meta":"","header-below-stick-meta":"","astra-migrate-meta-layouts":"set","ast-page-background-enabled":"default","ast-page-background-meta":{"desktop":{"background-color":"","background-image":"","background-repeat":"repeat","background-position":"center center","background-size":"auto","background-attachment":"scroll","background-type":"","background-media":"","overlay-type":"","overlay-color":"","overlay-opacity":"","overlay-gradient":""},"tablet":{"background-color":"","background-image":"","background-repeat":"repeat","background-position":"center center","background-size":"auto","background-attachment":"scroll","background-type":"","background-media":"","overlay-type":"","overlay-color":"","overlay-opacity":"","overlay-gradient":""},"mobile":{"background-color":"","background-image":"","background-repeat":"repeat","background-position":"center center","background-size":"auto","background-attachment":"scroll","background-type":"","background-media":"","overlay-type":"","overlay-color":"","overlay-opacity":"","overlay-gradient":""}},"ast-content-background-meta":{"desktop":{"background-color":"var(--ast-global-color-5)","background-image":"","background-repeat":"repeat","background-position":"center center","background-size":"auto","background-attachment":"scroll","background-type":"","background-media":"","overlay-type":"","overlay-color":"","overlay-opacity":"","overlay-gradient":""},"tablet":{"background-color":"var(--ast-global-color-5)","background-image":"","background-repeat":"repeat","background-position":"center center","background-size":"auto","background-attachment":"scroll","background-type":"","background-media":"","overlay-type":"","overlay-color":"","overlay-opacity":"","overlay-gradient":""},"mobile":{"background-color":"var(--ast-global-color-5)","background-image":"","background-repeat":"repeat","background-position":"center center","background-size":"auto","background-attachment":"scroll","background-type":"","background-media":"","overlay-type":"","overlay-color":"","overlay-opacity":"","overlay-gradient":""}},"iawp_total_views":7},"product_brand":[],"product_cat":[460,211,638],"product_tag":[],"class_list":{"0":"post-16029","1":"product","2":"type-product","3":"status-publish","4":"has-post-thumbnail","6":"product_cat-featured-products","7":"product_cat-hdmi","8":"product_cat-hdmi-cables","9":"desktop-align-left","10":"tablet-align-left","11":"mobile-align-left","13":"first","14":"instock","15":"shipping-taxable","16":"purchasable","17":"product-type-simple"},"acf":[],"_links":{"self":[{"href":"https:\/\/www.fjpremium.com\/pt\/wp-json\/wp\/v2\/product\/16029","targetHints":{"allow":["GET"]}}],"collection":[{"href":"https:\/\/www.fjpremium.com\/pt\/wp-json\/wp\/v2\/product"}],"about":[{"href":"https:\/\/www.fjpremium.com\/pt\/wp-json\/wp\/v2\/types\/product"}],"wp:featuredmedia":[{"embeddable":true,"href":"https:\/\/www.fjpremium.com\/pt\/wp-json\/wp\/v2\/media\/16077"}],"wp:attachment":[{"href":"https:\/\/www.fjpremium.com\/pt\/wp-json\/wp\/v2\/media?parent=16029"}],"wp:term":[{"taxonomy":"product_brand","embeddable":true,"href":"https:\/\/www.fjpremium.com\/pt\/wp-json\/wp\/v2\/product_brand?post=16029"},{"taxonomy":"product_cat","embeddable":true,"href":"https:\/\/www.fjpremium.com\/pt\/wp-json\/wp\/v2\/product_cat?post=16029"},{"taxonomy":"product_tag","embeddable":true,"href":"https:\/\/www.fjpremium.com\/pt\/wp-json\/wp\/v2\/product_tag?post=16029"}],"curies":[{"name":"wp","href":"https:\/\/api.w.org\/{rel}","templated":true}]}}