{"id":16028,"date":"2020-09-08T10:54:33","date_gmt":"2020-09-08T02:54:33","guid":{"rendered":"https:\/\/www.fjpremium.com\/?post_type=product&#038;p=16028"},"modified":"2023-12-14T13:51:51","modified_gmt":"2023-12-14T05:51:51","slug":"vga-to-hdmi-cable-adapter","status":"publish","type":"product","link":"https:\/\/www.fjpremium.com\/pt\/product\/vga-to-hdmi-cable-adapter\/","title":{"rendered":"Adaptador de alta qualidade VGA 15pin macho para HDMI f\u00eamea Adaptador de conversor"},"content":{"rendered":"<p>O nosso adaptador de alta qualidade \u00e9 a sua porta de entrada para um reino digital v\u00edvido, colocando todos os ecr\u00e3s HDMI ao seu alcance diretamente a partir do seu PC ou port\u00e1til.<\/p>\n<p>Basta ligar o cabo de liga\u00e7\u00e3o est\u00e9reo para mergulhar na transmiss\u00e3o de \u00e1udio perfeita que complementa as imagens deslumbrantes.<\/p>\n<p>Al\u00e9m disso, a simplicidade brilha, alimentado sem esfor\u00e7o atrav\u00e9s de USB, eliminando a necessidade de fontes de alimenta\u00e7\u00e3o estranhas.<\/p>\n<p>Quer o seu objetivo seja o brilho et\u00e9reo de 1920 x 1080 ou o conforto familiar de 1024 x 768, este adaptador ajusta-se com eleg\u00e2ncia. \u00c9 compat\u00edvel com HDCP e suporta os fascinantes Dolby TrueHD e DTS-HD Master Audio.<\/p>\n<p>As suas especifica\u00e7\u00f5es:<\/p>\n<ul>\n<li>Condutor do cabo: Cobre nu<\/li>\n<li>Bitola do fio: 32AWG<\/li>\n<li>Blindagem: Folha de alum\u00ednio, tran\u00e7a<\/li>\n<\/ul>\n<p>E est\u00e1 revestido com contactos dourados e envolto num robusto inv\u00f3lucro de PVC com conformidade RoHS e REACH. Em geral, contacte-nos hoje mesmo e adicione o adaptador ao seu invent\u00e1rio.<\/p>","protected":false},"excerpt":{"rendered":"<p>Redefina as conex\u00f5es com o adaptador VGA para HDMI de alta qualidade da FARSINCE, com precis\u00e3o banhada a ouro, diversas resolu\u00e7\u00f5es e garantia de 2 anos.<\/p>","protected":false},"featured_media":23942,"template":"","meta":{"_acf_changed":false,"_seopress_robots_primary_cat":"","_seopress_titles_title":"High Quality Adapter VGA 15pin Male to HDMI Female %%sep%% %%sitetitle%%","_seopress_titles_desc":"","_seopress_robots_index":"","site-sidebar-layout":"default","site-content-layout":"default","ast-site-content-layout":"default","site-content-style":"default","site-sidebar-style":"default","ast-global-header-display":"","ast-banner-title-visibility":"","ast-main-header-display":"","ast-hfb-above-header-display":"","ast-hfb-below-header-display":"","ast-hfb-mobile-header-display":"","site-post-title":"","ast-breadcrumbs-content":"","ast-featured-img":"","footer-sml-layout":"","ast-disable-related-posts":"","theme-transparent-header-meta":"default","adv-header-id-meta":"","stick-header-meta":"","header-above-stick-meta":"","header-main-stick-meta":"","header-below-stick-meta":"","astra-migrate-meta-layouts":"set","ast-page-background-enabled":"default","ast-page-background-meta":{"desktop":{"background-color":"","background-image":"","background-repeat":"repeat","background-position":"center center","background-size":"auto","background-attachment":"scroll","background-type":"","background-media":"","overlay-type":"","overlay-color":"","overlay-opacity":"","overlay-gradient":""},"tablet":{"background-color":"","background-image":"","background-repeat":"repeat","background-position":"center center","background-size":"auto","background-attachment":"scroll","background-type":"","background-media":"","overlay-type":"","overlay-color":"","overlay-opacity":"","overlay-gradient":""},"mobile":{"background-color":"","background-image":"","background-repeat":"repeat","background-position":"center center","background-size":"auto","background-attachment":"scroll","background-type":"","background-media":"","overlay-type":"","overlay-color":"","overlay-opacity":"","overlay-gradient":""}},"ast-content-background-meta":{"desktop":{"background-color":"var(--ast-global-color-5)","background-image":"","background-repeat":"repeat","background-position":"center center","background-size":"auto","background-attachment":"scroll","background-type":"","background-media":"","overlay-type":"","overlay-color":"","overlay-opacity":"","overlay-gradient":""},"tablet":{"background-color":"var(--ast-global-color-5)","background-image":"","background-repeat":"repeat","background-position":"center center","background-size":"auto","background-attachment":"scroll","background-type":"","background-media":"","overlay-type":"","overlay-color":"","overlay-opacity":"","overlay-gradient":""},"mobile":{"background-color":"var(--ast-global-color-5)","background-image":"","background-repeat":"repeat","background-position":"center center","background-size":"auto","background-attachment":"scroll","background-type":"","background-media":"","overlay-type":"","overlay-color":"","overlay-opacity":"","overlay-gradient":""}},"iawp_total_views":9},"product_brand":[],"product_cat":[460,211,638],"product_tag":[],"class_list":{"0":"post-16028","1":"product","2":"type-product","3":"status-publish","4":"has-post-thumbnail","6":"product_cat-featured-products","7":"product_cat-hdmi","8":"product_cat-hdmi-cables","9":"desktop-align-left","10":"tablet-align-left","11":"mobile-align-left","13":"first","14":"instock","15":"shipping-taxable","16":"purchasable","17":"product-type-simple"},"acf":[],"_links":{"self":[{"href":"https:\/\/www.fjpremium.com\/pt\/wp-json\/wp\/v2\/product\/16028","targetHints":{"allow":["GET"]}}],"collection":[{"href":"https:\/\/www.fjpremium.com\/pt\/wp-json\/wp\/v2\/product"}],"about":[{"href":"https:\/\/www.fjpremium.com\/pt\/wp-json\/wp\/v2\/types\/product"}],"wp:featuredmedia":[{"embeddable":true,"href":"https:\/\/www.fjpremium.com\/pt\/wp-json\/wp\/v2\/media\/23942"}],"wp:attachment":[{"href":"https:\/\/www.fjpremium.com\/pt\/wp-json\/wp\/v2\/media?parent=16028"}],"wp:term":[{"taxonomy":"product_brand","embeddable":true,"href":"https:\/\/www.fjpremium.com\/pt\/wp-json\/wp\/v2\/product_brand?post=16028"},{"taxonomy":"product_cat","embeddable":true,"href":"https:\/\/www.fjpremium.com\/pt\/wp-json\/wp\/v2\/product_cat?post=16028"},{"taxonomy":"product_tag","embeddable":true,"href":"https:\/\/www.fjpremium.com\/pt\/wp-json\/wp\/v2\/product_tag?post=16028"}],"curies":[{"name":"wp","href":"https:\/\/api.w.org\/{rel}","templated":true}]}}