{"id":16027,"date":"2020-09-08T10:54:32","date_gmt":"2020-09-08T02:54:32","guid":{"rendered":"https:\/\/www.fjpremium.com\/?post_type=product&#038;p=16027"},"modified":"2023-12-14T13:51:52","modified_gmt":"2023-12-14T05:51:52","slug":"hdmi-to-vga-adapter-coupler","status":"publish","type":"product","link":"https:\/\/www.fjpremium.com\/pt\/product\/hdmi-to-vga-adapter-coupler\/","title":{"rendered":"Melhor conversor HDMI para VGA Preto Branco"},"content":{"rendered":"<p>Apresentado numa escolha cl\u00e1ssica de preto e branco, o conversor elegante mas robusto liga sem esfor\u00e7o dispositivos compat\u00edveis com HDMI, como Chromebooks ou computadores port\u00e1teis, a ecr\u00e3s VGA intemporais.<\/p>\n<p>D\u00e1 vida \u00e0s suas imagens com uma resolu\u00e7\u00e3o Full HD de 1080p. Tamb\u00e9m pode mergulhar profundamente no esplendor digital do HDMI e ressurgir com as nuances quentes do VGA, complementadas pela rica harmonia do \u00e1udio est\u00e9reo.<\/p>\n<p>Fabricados com precis\u00e3o, os conectores banhados a ouro deste melhor conversor HDMI para VGA prometem uma liga\u00e7\u00e3o inabal\u00e1vel.<\/p>\n<p>O inv\u00f3lucro em ABS assegura a durabilidade, enquanto o chip IC ativo incorporado garante uma compatibilidade sem paralelo. Para os dispositivos que exigem um pouco mais, o Micro USB tem tudo o que precisa.<\/p>\n<p>As suas especifica\u00e7\u00f5es:<\/p>\n<ul>\n<li>Condutor do cabo: Cobre nu 32AWG<\/li>\n<li>Comprimento do cabo: sem cabo<\/li>\n<li>Resolu\u00e7\u00e3o: 1920*1080@60Hz<\/li>\n<\/ul>\n<p>Al\u00e9m disso, cada acoplador promete paz de esp\u00edrito, chegando num saco com fecho de correr e acompanhado por uma garantia de 2 anos, tudo isto em conformidade com as normas RoHS e REACH. Em suma, contacte-nos hoje mesmo e encomende-o.<\/p>","protected":false},"excerpt":{"rendered":"<p>Eleve a conex\u00e3o com o melhor conversor HDMI para VGA da FARSINCE, apresentando clareza HD 1080p incompar\u00e1vel e compatibilidade incompar\u00e1vel.<\/p>","protected":false},"featured_media":16061,"template":"","meta":{"_acf_changed":false,"_seopress_robots_primary_cat":"","_seopress_titles_title":"Best HDMI to VGA Converter Black White - FARSINCE","_seopress_titles_desc":"","_seopress_robots_index":"","site-sidebar-layout":"default","site-content-layout":"default","ast-site-content-layout":"default","site-content-style":"default","site-sidebar-style":"default","ast-global-header-display":"","ast-banner-title-visibility":"","ast-main-header-display":"","ast-hfb-above-header-display":"","ast-hfb-below-header-display":"","ast-hfb-mobile-header-display":"","site-post-title":"","ast-breadcrumbs-content":"","ast-featured-img":"","footer-sml-layout":"","ast-disable-related-posts":"","theme-transparent-header-meta":"default","adv-header-id-meta":"","stick-header-meta":"","header-above-stick-meta":"","header-main-stick-meta":"","header-below-stick-meta":"","astra-migrate-meta-layouts":"set","ast-page-background-enabled":"default","ast-page-background-meta":{"desktop":{"background-color":"","background-image":"","background-repeat":"repeat","background-position":"center center","background-size":"auto","background-attachment":"scroll","background-type":"","background-media":"","overlay-type":"","overlay-color":"","overlay-opacity":"","overlay-gradient":""},"tablet":{"background-color":"","background-image":"","background-repeat":"repeat","background-position":"center center","background-size":"auto","background-attachment":"scroll","background-type":"","background-media":"","overlay-type":"","overlay-color":"","overlay-opacity":"","overlay-gradient":""},"mobile":{"background-color":"","background-image":"","background-repeat":"repeat","background-position":"center center","background-size":"auto","background-attachment":"scroll","background-type":"","background-media":"","overlay-type":"","overlay-color":"","overlay-opacity":"","overlay-gradient":""}},"ast-content-background-meta":{"desktop":{"background-color":"var(--ast-global-color-5)","background-image":"","background-repeat":"repeat","background-position":"center center","background-size":"auto","background-attachment":"scroll","background-type":"","background-media":"","overlay-type":"","overlay-color":"","overlay-opacity":"","overlay-gradient":""},"tablet":{"background-color":"var(--ast-global-color-5)","background-image":"","background-repeat":"repeat","background-position":"center center","background-size":"auto","background-attachment":"scroll","background-type":"","background-media":"","overlay-type":"","overlay-color":"","overlay-opacity":"","overlay-gradient":""},"mobile":{"background-color":"var(--ast-global-color-5)","background-image":"","background-repeat":"repeat","background-position":"center center","background-size":"auto","background-attachment":"scroll","background-type":"","background-media":"","overlay-type":"","overlay-color":"","overlay-opacity":"","overlay-gradient":""}},"iawp_total_views":10},"product_brand":[],"product_cat":[460,211,638],"product_tag":[],"class_list":{"0":"post-16027","1":"product","2":"type-product","3":"status-publish","4":"has-post-thumbnail","6":"product_cat-featured-products","7":"product_cat-hdmi","8":"product_cat-hdmi-cables","9":"desktop-align-left","10":"tablet-align-left","11":"mobile-align-left","13":"first","14":"instock","15":"shipping-taxable","16":"purchasable","17":"product-type-simple"},"acf":[],"_links":{"self":[{"href":"https:\/\/www.fjpremium.com\/pt\/wp-json\/wp\/v2\/product\/16027","targetHints":{"allow":["GET"]}}],"collection":[{"href":"https:\/\/www.fjpremium.com\/pt\/wp-json\/wp\/v2\/product"}],"about":[{"href":"https:\/\/www.fjpremium.com\/pt\/wp-json\/wp\/v2\/types\/product"}],"wp:featuredmedia":[{"embeddable":true,"href":"https:\/\/www.fjpremium.com\/pt\/wp-json\/wp\/v2\/media\/16061"}],"wp:attachment":[{"href":"https:\/\/www.fjpremium.com\/pt\/wp-json\/wp\/v2\/media?parent=16027"}],"wp:term":[{"taxonomy":"product_brand","embeddable":true,"href":"https:\/\/www.fjpremium.com\/pt\/wp-json\/wp\/v2\/product_brand?post=16027"},{"taxonomy":"product_cat","embeddable":true,"href":"https:\/\/www.fjpremium.com\/pt\/wp-json\/wp\/v2\/product_cat?post=16027"},{"taxonomy":"product_tag","embeddable":true,"href":"https:\/\/www.fjpremium.com\/pt\/wp-json\/wp\/v2\/product_tag?post=16027"}],"curies":[{"name":"wp","href":"https:\/\/api.w.org\/{rel}","templated":true}]}}