{"id":16023,"date":"2020-09-08T10:54:28","date_gmt":"2020-09-08T02:54:28","guid":{"rendered":"https:\/\/www.fjpremium.com\/?post_type=product&#038;p=16023"},"modified":"2023-12-14T13:51:54","modified_gmt":"2023-12-14T05:51:54","slug":"mini-hdmi-to-vga-adapter-cable-conerter","status":"publish","type":"product","link":"https:\/\/www.fjpremium.com\/pt\/product\/mini-hdmi-to-vga-adapter-cable-conerter\/","title":{"rendered":"Adaptador macho para f\u00eamea Mini HDMI para VGA por atacado Adaptador de ecr\u00e3 de v\u00eddeo de 15 pinos 1080P"},"content":{"rendered":"<p>Concebido para quem valoriza a funcionalidade e a qualidade, o adaptador faz a ponte entre as tecnologias Mini HDMI e VGA.<\/p>\n<p>D\u00e1 uma nova vida ao seu monitor VGA, ligando-o a um dispositivo contempor\u00e2neo com uma interface Mini HDMI-C. Quer seja para apresenta\u00e7\u00f5es de alta qualidade ou para um poderoso ecr\u00e3 visual, garante clareza e precis\u00e3o.<\/p>\n<p>Com uma resolu\u00e7\u00e3o Full HD de 1080p, o nosso adaptador mini HDMI para VGA converte na perfei\u00e7\u00e3o os sinais digitais nos seus equivalentes anal\u00f3gicos, amplificando o \u00e1udio atrav\u00e9s da convers\u00e3o de sinal est\u00e9reo.<\/p>\n<p>Os contactos banhados a ouro garantem uma liga\u00e7\u00e3o sem falhas, enquanto o chip IC ativo assegura uma compatibilidade imbat\u00edvel.<\/p>\n<p>As suas especifica\u00e7\u00f5es:<\/p>\n<ul>\n<li>Condutor do cabo: Cobre nu<\/li>\n<li>Bitola do fio: 32AWG<\/li>\n<li>Comprimento do cabo: 25cm<\/li>\n<li>Blindagem: Folha de alum\u00ednio, tran\u00e7a<\/li>\n<li>Revestimento: PVC<\/li>\n<\/ul>\n<p>Al\u00e9m disso, est\u00e1 em conformidade com as normas RoHS e REACH. Em suma, contacte-nos hoje mesmo e fa\u00e7a deste adaptador uma parte do seu invent\u00e1rio.<\/p>","protected":false},"excerpt":{"rendered":"<p>Desbloqueie um mundo de ecr\u00e3s de alta defini\u00e7\u00e3o com o adaptador FARSINCE mini HDMI para VGA, que oferece uma resolu\u00e7\u00e3o HD de 1080p e uma compatibilidade perfeita.<\/p>","protected":false},"featured_media":23941,"template":"","meta":{"_acf_changed":false,"_seopress_robots_primary_cat":"","_seopress_titles_title":"Wholesale Male to Female Mini HDMI to VGA Adapter  %%sep%% %%sitetitle%%","_seopress_titles_desc":"","_seopress_robots_index":"","site-sidebar-layout":"default","site-content-layout":"default","ast-site-content-layout":"default","site-content-style":"default","site-sidebar-style":"default","ast-global-header-display":"","ast-banner-title-visibility":"","ast-main-header-display":"","ast-hfb-above-header-display":"","ast-hfb-below-header-display":"","ast-hfb-mobile-header-display":"","site-post-title":"","ast-breadcrumbs-content":"","ast-featured-img":"","footer-sml-layout":"","ast-disable-related-posts":"","theme-transparent-header-meta":"default","adv-header-id-meta":"","stick-header-meta":"","header-above-stick-meta":"","header-main-stick-meta":"","header-below-stick-meta":"","astra-migrate-meta-layouts":"set","ast-page-background-enabled":"default","ast-page-background-meta":{"desktop":{"background-color":"","background-image":"","background-repeat":"repeat","background-position":"center center","background-size":"auto","background-attachment":"scroll","background-type":"","background-media":"","overlay-type":"","overlay-color":"","overlay-opacity":"","overlay-gradient":""},"tablet":{"background-color":"","background-image":"","background-repeat":"repeat","background-position":"center center","background-size":"auto","background-attachment":"scroll","background-type":"","background-media":"","overlay-type":"","overlay-color":"","overlay-opacity":"","overlay-gradient":""},"mobile":{"background-color":"","background-image":"","background-repeat":"repeat","background-position":"center center","background-size":"auto","background-attachment":"scroll","background-type":"","background-media":"","overlay-type":"","overlay-color":"","overlay-opacity":"","overlay-gradient":""}},"ast-content-background-meta":{"desktop":{"background-color":"var(--ast-global-color-5)","background-image":"","background-repeat":"repeat","background-position":"center center","background-size":"auto","background-attachment":"scroll","background-type":"","background-media":"","overlay-type":"","overlay-color":"","overlay-opacity":"","overlay-gradient":""},"tablet":{"background-color":"var(--ast-global-color-5)","background-image":"","background-repeat":"repeat","background-position":"center center","background-size":"auto","background-attachment":"scroll","background-type":"","background-media":"","overlay-type":"","overlay-color":"","overlay-opacity":"","overlay-gradient":""},"mobile":{"background-color":"var(--ast-global-color-5)","background-image":"","background-repeat":"repeat","background-position":"center center","background-size":"auto","background-attachment":"scroll","background-type":"","background-media":"","overlay-type":"","overlay-color":"","overlay-opacity":"","overlay-gradient":""}},"iawp_total_views":4},"product_brand":[],"product_cat":[460,211,638],"product_tag":[],"class_list":{"0":"post-16023","1":"product","2":"type-product","3":"status-publish","4":"has-post-thumbnail","6":"product_cat-featured-products","7":"product_cat-hdmi","8":"product_cat-hdmi-cables","9":"desktop-align-left","10":"tablet-align-left","11":"mobile-align-left","13":"first","14":"instock","15":"shipping-taxable","16":"purchasable","17":"product-type-simple"},"acf":[],"_links":{"self":[{"href":"https:\/\/www.fjpremium.com\/pt\/wp-json\/wp\/v2\/product\/16023","targetHints":{"allow":["GET"]}}],"collection":[{"href":"https:\/\/www.fjpremium.com\/pt\/wp-json\/wp\/v2\/product"}],"about":[{"href":"https:\/\/www.fjpremium.com\/pt\/wp-json\/wp\/v2\/types\/product"}],"wp:featuredmedia":[{"embeddable":true,"href":"https:\/\/www.fjpremium.com\/pt\/wp-json\/wp\/v2\/media\/23941"}],"wp:attachment":[{"href":"https:\/\/www.fjpremium.com\/pt\/wp-json\/wp\/v2\/media?parent=16023"}],"wp:term":[{"taxonomy":"product_brand","embeddable":true,"href":"https:\/\/www.fjpremium.com\/pt\/wp-json\/wp\/v2\/product_brand?post=16023"},{"taxonomy":"product_cat","embeddable":true,"href":"https:\/\/www.fjpremium.com\/pt\/wp-json\/wp\/v2\/product_cat?post=16023"},{"taxonomy":"product_tag","embeddable":true,"href":"https:\/\/www.fjpremium.com\/pt\/wp-json\/wp\/v2\/product_tag?post=16023"}],"curies":[{"name":"wp","href":"https:\/\/api.w.org\/{rel}","templated":true}]}}