{"id":15998,"date":"2020-09-08T10:43:45","date_gmt":"2020-09-08T02:43:45","guid":{"rendered":"https:\/\/www.fjpremium.com\/?post_type=product&#038;p=15998"},"modified":"2023-12-14T13:51:55","modified_gmt":"2023-12-14T05:51:55","slug":"mini-hdmi-male-to-hdmi-female-adapter-cable","status":"publish","type":"product","link":"https:\/\/www.fjpremium.com\/pt\/product\/mini-hdmi-male-to-hdmi-female-adapter-cable\/","title":{"rendered":"Cabo Mini HDMI para HDMI macho para f\u00eamea 0,15 m"},"content":{"rendered":"<p>Com uns pr\u00e1ticos 0,15 m de comprimento, o cabo vers\u00e1til \u00e9 a ponte perfeita entre os seus dispositivos compactos, como o Raspberry Pi Zero W, a c\u00e2mara DSLR ou um projetor Pico, e a tela expansiva da sua HDTV, projetor ou monitor.<\/p>\n<p>Transfere sem problemas imagens de alta defini\u00e7\u00e3o dos seus dispositivos port\u00e1teis para ecr\u00e3s maiores. Desde a serenidade da sua sala de estar \u00e0 agita\u00e7\u00e3o da sala de confer\u00eancias, cada pixel \u00e9 transmitido com uma nitidez cristalina, suportando resolu\u00e7\u00f5es at\u00e9 4K 60Hz.<\/p>\n<p>Tamb\u00e9m poder\u00e1 desfrutar da sinfonia de \u00e1udio de 32 canais, \u00e1udio Dolby True e v\u00eddeo 3D sem necessitar de um cabo de \u00e1udio adicional.<\/p>\n<p>As suas especifica\u00e7\u00f5es:<\/p>\n<ul>\n<li>Condutor do cabo: Cobre sem oxig\u00e9nio de alta pureza<\/li>\n<li>Bitola do fio: 30AWG<\/li>\n<li>Isolamento: PEAD<\/li>\n<li>Tripla blindagem: par entran\u00e7ado Folha AL, folha AL global, entran\u00e7ado<\/li>\n<li>Revestimento: PVC<\/li>\n<li>Conformidade: RoHS, REACH<\/li>\n<\/ul>\n<p>Al\u00e9m disso, fabricado com contactos dourados e cobre sem oxig\u00e9nio de alta pureza, o nosso cabo mini HDMI para HDMI promete uma liga\u00e7\u00e3o duradoura e sem interfer\u00eancias. Por isso, contacte-nos hoje mesmo e adicione-o ao seu invent\u00e1rio.<\/p>","protected":false},"excerpt":{"rendered":"<p>Desbloqueie um mundo de visuais cristalinos e fidelidade de \u00e1udio incompar\u00e1vel com o cabo mini HDMI para HDMI da FARSINCE, perfeito para home theaters e configura\u00e7\u00f5es profissionais.<\/p>","protected":false},"featured_media":16004,"template":"","meta":{"_acf_changed":false,"_seopress_robots_primary_cat":"","_seopress_titles_title":"Best Male to Female Mini HDMI to HDMI Cable 0.3m - FARSINCE","_seopress_titles_desc":"","_seopress_robots_index":"","site-sidebar-layout":"default","site-content-layout":"default","ast-site-content-layout":"default","site-content-style":"default","site-sidebar-style":"default","ast-global-header-display":"","ast-banner-title-visibility":"","ast-main-header-display":"","ast-hfb-above-header-display":"","ast-hfb-below-header-display":"","ast-hfb-mobile-header-display":"","site-post-title":"","ast-breadcrumbs-content":"","ast-featured-img":"","footer-sml-layout":"","ast-disable-related-posts":"","theme-transparent-header-meta":"default","adv-header-id-meta":"","stick-header-meta":"","header-above-stick-meta":"","header-main-stick-meta":"","header-below-stick-meta":"","astra-migrate-meta-layouts":"set","ast-page-background-enabled":"default","ast-page-background-meta":{"desktop":{"background-color":"","background-image":"","background-repeat":"repeat","background-position":"center center","background-size":"auto","background-attachment":"scroll","background-type":"","background-media":"","overlay-type":"","overlay-color":"","overlay-opacity":"","overlay-gradient":""},"tablet":{"background-color":"","background-image":"","background-repeat":"repeat","background-position":"center center","background-size":"auto","background-attachment":"scroll","background-type":"","background-media":"","overlay-type":"","overlay-color":"","overlay-opacity":"","overlay-gradient":""},"mobile":{"background-color":"","background-image":"","background-repeat":"repeat","background-position":"center center","background-size":"auto","background-attachment":"scroll","background-type":"","background-media":"","overlay-type":"","overlay-color":"","overlay-opacity":"","overlay-gradient":""}},"ast-content-background-meta":{"desktop":{"background-color":"var(--ast-global-color-5)","background-image":"","background-repeat":"repeat","background-position":"center center","background-size":"auto","background-attachment":"scroll","background-type":"","background-media":"","overlay-type":"","overlay-color":"","overlay-opacity":"","overlay-gradient":""},"tablet":{"background-color":"var(--ast-global-color-5)","background-image":"","background-repeat":"repeat","background-position":"center center","background-size":"auto","background-attachment":"scroll","background-type":"","background-media":"","overlay-type":"","overlay-color":"","overlay-opacity":"","overlay-gradient":""},"mobile":{"background-color":"var(--ast-global-color-5)","background-image":"","background-repeat":"repeat","background-position":"center center","background-size":"auto","background-attachment":"scroll","background-type":"","background-media":"","overlay-type":"","overlay-color":"","overlay-opacity":"","overlay-gradient":""}},"iawp_total_views":4},"product_brand":[],"product_cat":[211,638],"product_tag":[],"class_list":{"0":"post-15998","1":"product","2":"type-product","3":"status-publish","4":"has-post-thumbnail","6":"product_cat-hdmi","7":"product_cat-hdmi-cables","8":"desktop-align-left","9":"tablet-align-left","10":"mobile-align-left","12":"first","13":"instock","14":"shipping-taxable","15":"purchasable","16":"product-type-simple"},"acf":[],"_links":{"self":[{"href":"https:\/\/www.fjpremium.com\/pt\/wp-json\/wp\/v2\/product\/15998","targetHints":{"allow":["GET"]}}],"collection":[{"href":"https:\/\/www.fjpremium.com\/pt\/wp-json\/wp\/v2\/product"}],"about":[{"href":"https:\/\/www.fjpremium.com\/pt\/wp-json\/wp\/v2\/types\/product"}],"wp:featuredmedia":[{"embeddable":true,"href":"https:\/\/www.fjpremium.com\/pt\/wp-json\/wp\/v2\/media\/16004"}],"wp:attachment":[{"href":"https:\/\/www.fjpremium.com\/pt\/wp-json\/wp\/v2\/media?parent=15998"}],"wp:term":[{"taxonomy":"product_brand","embeddable":true,"href":"https:\/\/www.fjpremium.com\/pt\/wp-json\/wp\/v2\/product_brand?post=15998"},{"taxonomy":"product_cat","embeddable":true,"href":"https:\/\/www.fjpremium.com\/pt\/wp-json\/wp\/v2\/product_cat?post=15998"},{"taxonomy":"product_tag","embeddable":true,"href":"https:\/\/www.fjpremium.com\/pt\/wp-json\/wp\/v2\/product_tag?post=15998"}],"curies":[{"name":"wp","href":"https:\/\/api.w.org\/{rel}","templated":true}]}}