{"id":15990,"date":"2020-09-08T10:38:44","date_gmt":"2020-09-08T02:38:44","guid":{"rendered":"https:\/\/www.fjpremium.com\/?post_type=product&#038;p=15990"},"modified":"2023-12-14T13:52:14","modified_gmt":"2023-12-14T05:52:14","slug":"hdmi-2-0-extension-cable","status":"publish","type":"product","link":"https:\/\/www.fjpremium.com\/pt\/product\/hdmi-2-0-extension-cable\/","title":{"rendered":"Cabo de extens\u00e3o HDMI 2.0 por atacado HDMI 2.0 para HDMI 4K 15cm 2m 5m"},"content":{"rendered":"<p>Garantindo n\u00e3o s\u00f3 uma imagem e um som impec\u00e1veis, mas tamb\u00e9m uma fiabilidade inabal\u00e1vel, o nosso cabo com certifica\u00e7\u00e3o \"Premium\" possui uma etiqueta digitaliz\u00e1vel exclusiva, que atesta a sua qualidade inigual\u00e1vel.<\/p>\n<p>A sua robusta blindagem tripla garante prote\u00e7\u00e3o contra interfer\u00eancias de sinal, juntamente com prote\u00e7\u00e3o EMI, para assegurar uma experi\u00eancia de utiliza\u00e7\u00e3o sem falhas. Melhora tamb\u00e9m a conetividade entre PCs, unidades de DVD ou Blu-ray, monitores e televisores.<\/p>\n<p>As suas especifica\u00e7\u00f5es:<\/p>\n<ul>\n<li>Contacto banhado a ouro; concha banhada a ouro<\/li>\n<li>Condutor do cabo: Cobre sem oxig\u00e9nio de alta pureza<\/li>\n<li>Bitola do fio: 30AWG ou 28AWG<\/li>\n<li>Revestimento: PVC<\/li>\n<li>Conformidade: RoHS, REACH<\/li>\n<\/ul>\n<p>E a incompar\u00e1vel capacidade HDMI garante uma resolu\u00e7\u00e3o de topo, versatilidade de \u00e1udio din\u00e2mico e transfer\u00eancia de dados a alta velocidade.<\/p>\n<p>Em geral, contacte-nos e invista neste cabo de extens\u00e3o HDMI 2.0.<\/p>","protected":false},"excerpt":{"rendered":"<p>Mergulhe no futuro da conectividade perfeita com o cabo de extens\u00e3o HDMI 2.0 de atacado da Farsince, fornecendo clareza 4K incompar\u00e1vel, blindagem tripla e prote\u00e7\u00e3o EMI.<\/p>","protected":false},"featured_media":23933,"template":"","meta":{"_acf_changed":false,"_seopress_robots_primary_cat":"","_seopress_titles_title":"Wholesale HDMI 2.0 Extension Cable %%sep%% %%sitetitle%%","_seopress_titles_desc":"Dive into the future of flawless connectivity with this wholesale HDMI 2.0 extension cable, providing unmatched 4K clarity, triple shielding, and EMI protection","_seopress_robots_index":"","site-sidebar-layout":"default","site-content-layout":"default","ast-site-content-layout":"default","site-content-style":"default","site-sidebar-style":"default","ast-global-header-display":"","ast-banner-title-visibility":"","ast-main-header-display":"","ast-hfb-above-header-display":"","ast-hfb-below-header-display":"","ast-hfb-mobile-header-display":"","site-post-title":"","ast-breadcrumbs-content":"","ast-featured-img":"","footer-sml-layout":"","ast-disable-related-posts":"","theme-transparent-header-meta":"default","adv-header-id-meta":"","stick-header-meta":"","header-above-stick-meta":"","header-main-stick-meta":"","header-below-stick-meta":"","astra-migrate-meta-layouts":"set","ast-page-background-enabled":"default","ast-page-background-meta":{"desktop":{"background-color":"","background-image":"","background-repeat":"repeat","background-position":"center center","background-size":"auto","background-attachment":"scroll","background-type":"","background-media":"","overlay-type":"","overlay-color":"","overlay-opacity":"","overlay-gradient":""},"tablet":{"background-color":"","background-image":"","background-repeat":"repeat","background-position":"center center","background-size":"auto","background-attachment":"scroll","background-type":"","background-media":"","overlay-type":"","overlay-color":"","overlay-opacity":"","overlay-gradient":""},"mobile":{"background-color":"","background-image":"","background-repeat":"repeat","background-position":"center center","background-size":"auto","background-attachment":"scroll","background-type":"","background-media":"","overlay-type":"","overlay-color":"","overlay-opacity":"","overlay-gradient":""}},"ast-content-background-meta":{"desktop":{"background-color":"var(--ast-global-color-5)","background-image":"","background-repeat":"repeat","background-position":"center center","background-size":"auto","background-attachment":"scroll","background-type":"","background-media":"","overlay-type":"","overlay-color":"","overlay-opacity":"","overlay-gradient":""},"tablet":{"background-color":"var(--ast-global-color-5)","background-image":"","background-repeat":"repeat","background-position":"center center","background-size":"auto","background-attachment":"scroll","background-type":"","background-media":"","overlay-type":"","overlay-color":"","overlay-opacity":"","overlay-gradient":""},"mobile":{"background-color":"var(--ast-global-color-5)","background-image":"","background-repeat":"repeat","background-position":"center center","background-size":"auto","background-attachment":"scroll","background-type":"","background-media":"","overlay-type":"","overlay-color":"","overlay-opacity":"","overlay-gradient":""}},"iawp_total_views":12},"product_brand":[],"product_cat":[211,638],"product_tag":[],"class_list":{"0":"post-15990","1":"product","2":"type-product","3":"status-publish","4":"has-post-thumbnail","6":"product_cat-hdmi","7":"product_cat-hdmi-cables","8":"desktop-align-left","9":"tablet-align-left","10":"mobile-align-left","12":"first","13":"instock","14":"shipping-taxable","15":"purchasable","16":"product-type-simple"},"acf":[],"_links":{"self":[{"href":"https:\/\/www.fjpremium.com\/pt\/wp-json\/wp\/v2\/product\/15990","targetHints":{"allow":["GET"]}}],"collection":[{"href":"https:\/\/www.fjpremium.com\/pt\/wp-json\/wp\/v2\/product"}],"about":[{"href":"https:\/\/www.fjpremium.com\/pt\/wp-json\/wp\/v2\/types\/product"}],"wp:featuredmedia":[{"embeddable":true,"href":"https:\/\/www.fjpremium.com\/pt\/wp-json\/wp\/v2\/media\/23933"}],"wp:attachment":[{"href":"https:\/\/www.fjpremium.com\/pt\/wp-json\/wp\/v2\/media?parent=15990"}],"wp:term":[{"taxonomy":"product_brand","embeddable":true,"href":"https:\/\/www.fjpremium.com\/pt\/wp-json\/wp\/v2\/product_brand?post=15990"},{"taxonomy":"product_cat","embeddable":true,"href":"https:\/\/www.fjpremium.com\/pt\/wp-json\/wp\/v2\/product_cat?post=15990"},{"taxonomy":"product_tag","embeddable":true,"href":"https:\/\/www.fjpremium.com\/pt\/wp-json\/wp\/v2\/product_tag?post=15990"}],"curies":[{"name":"wp","href":"https:\/\/api.w.org\/{rel}","templated":true}]}}