{"id":15946,"date":"2020-09-08T10:24:19","date_gmt":"2020-09-08T02:24:19","guid":{"rendered":"https:\/\/www.fjpremium.com\/?post_type=product&#038;p=15946"},"modified":"2023-12-14T13:52:15","modified_gmt":"2023-12-14T05:52:15","slug":"8k-hdmi-2-1-aoc-fiber-optic-cable","status":"publish","type":"product","link":"https:\/\/www.fjpremium.com\/pt\/product\/8k-hdmi-2-1-aoc-fiber-optic-cable\/","title":{"rendered":"Cabo \u00f3tico AOC HDMI 2.1 8K de fibra 2.1"},"content":{"rendered":"<p>Este cabo utiliza tecnologia de fibra \u00f3tica, uma solu\u00e7\u00e3o de cablagem revolucion\u00e1ria, que permite que os sinais HDMI percorram longas dist\u00e2ncias sem perda ou lat\u00eancia.<\/p>\n<p>Concebida com uma fus\u00e3o de fibras \u00f3pticas e fios de cobre, assegura que tanto os sinais TMDS de alta velocidade como os sinais de controlo de baixa frequ\u00eancia s\u00e3o transmitidos sem problemas.<\/p>\n<p>Al\u00e9m disso, pode desfrutar de at\u00e9 100 m de clareza de sinal sem o inc\u00f3modo de uma fonte de alimenta\u00e7\u00e3o externa ou de uma qualidade de sinal reduzida.<\/p>\n<p>Suportando um ecr\u00e3 UHD 8K@60hz, o cabo \u00f3tico AOC foi concebido para ser excelente e \u00e9 resistente a EMI e RFI.<\/p>\n<p>As suas especifica\u00e7\u00f5es:<\/p>\n<ul>\n<li>Contacto banhado a ouro; concha banhada a ouro<\/li>\n<li>Caixa: Carca\u00e7a de alum\u00ednio<\/li>\n<li>Condutor do cabo: Fibra (4*0,20mm), fio de alimenta\u00e7\u00e3o: 24AWG (41\/0,08mm de cobre estanhado)<\/li>\n<li>Tripla blindagem: Folha de alum\u00ednio, tran\u00e7a<\/li>\n<li>Revestimento: PVC<\/li>\n<li>Di\u00e2metro: 4,8\u00b10,15mm<\/li>\n<li>Conformidade: RoHS, REACH<\/li>\n<\/ul>\n<p>Quer seja para um cinema em casa ou para um sistema de videovigil\u00e2ncia de alta defini\u00e7\u00e3o, promete um desempenho inigual\u00e1vel. Portanto, escolha o futuro; escolha-o.<\/p>","protected":false},"excerpt":{"rendered":"<p>Descubra uma nitidez inigual\u00e1vel com o cabo \u00f3tico AOC HDMI 2.1 de fibra FARSINCE 8K, que permite prolongar os sinais HDMI ao longo de 100 m com suporte para 8K@60hz.<\/p>","protected":false},"featured_media":15984,"template":"","meta":{"_acf_changed":false,"_seopress_robots_primary_cat":"","_seopress_titles_title":"2.1 8K Fiber HDMI 2.1 AOC Optical Cable - FARSINCE","_seopress_titles_desc":"","_seopress_robots_index":"","site-sidebar-layout":"default","site-content-layout":"default","ast-site-content-layout":"default","site-content-style":"default","site-sidebar-style":"default","ast-global-header-display":"","ast-banner-title-visibility":"","ast-main-header-display":"","ast-hfb-above-header-display":"","ast-hfb-below-header-display":"","ast-hfb-mobile-header-display":"","site-post-title":"","ast-breadcrumbs-content":"","ast-featured-img":"","footer-sml-layout":"","ast-disable-related-posts":"","theme-transparent-header-meta":"default","adv-header-id-meta":"","stick-header-meta":"","header-above-stick-meta":"","header-main-stick-meta":"","header-below-stick-meta":"","astra-migrate-meta-layouts":"set","ast-page-background-enabled":"default","ast-page-background-meta":{"desktop":{"background-color":"","background-image":"","background-repeat":"repeat","background-position":"center center","background-size":"auto","background-attachment":"scroll","background-type":"","background-media":"","overlay-type":"","overlay-color":"","overlay-opacity":"","overlay-gradient":""},"tablet":{"background-color":"","background-image":"","background-repeat":"repeat","background-position":"center center","background-size":"auto","background-attachment":"scroll","background-type":"","background-media":"","overlay-type":"","overlay-color":"","overlay-opacity":"","overlay-gradient":""},"mobile":{"background-color":"","background-image":"","background-repeat":"repeat","background-position":"center center","background-size":"auto","background-attachment":"scroll","background-type":"","background-media":"","overlay-type":"","overlay-color":"","overlay-opacity":"","overlay-gradient":""}},"ast-content-background-meta":{"desktop":{"background-color":"var(--ast-global-color-5)","background-image":"","background-repeat":"repeat","background-position":"center center","background-size":"auto","background-attachment":"scroll","background-type":"","background-media":"","overlay-type":"","overlay-color":"","overlay-opacity":"","overlay-gradient":""},"tablet":{"background-color":"var(--ast-global-color-5)","background-image":"","background-repeat":"repeat","background-position":"center center","background-size":"auto","background-attachment":"scroll","background-type":"","background-media":"","overlay-type":"","overlay-color":"","overlay-opacity":"","overlay-gradient":""},"mobile":{"background-color":"var(--ast-global-color-5)","background-image":"","background-repeat":"repeat","background-position":"center center","background-size":"auto","background-attachment":"scroll","background-type":"","background-media":"","overlay-type":"","overlay-color":"","overlay-opacity":"","overlay-gradient":""}},"iawp_total_views":8},"product_brand":[],"product_cat":[211,638,694],"product_tag":[],"class_list":{"0":"post-15946","1":"product","2":"type-product","3":"status-publish","4":"has-post-thumbnail","6":"product_cat-hdmi","7":"product_cat-hdmi-cables","8":"product_cat-aoc","9":"desktop-align-left","10":"tablet-align-left","11":"mobile-align-left","13":"first","14":"instock","15":"shipping-taxable","16":"purchasable","17":"product-type-simple"},"acf":[],"_links":{"self":[{"href":"https:\/\/www.fjpremium.com\/pt\/wp-json\/wp\/v2\/product\/15946","targetHints":{"allow":["GET"]}}],"collection":[{"href":"https:\/\/www.fjpremium.com\/pt\/wp-json\/wp\/v2\/product"}],"about":[{"href":"https:\/\/www.fjpremium.com\/pt\/wp-json\/wp\/v2\/types\/product"}],"wp:featuredmedia":[{"embeddable":true,"href":"https:\/\/www.fjpremium.com\/pt\/wp-json\/wp\/v2\/media\/15984"}],"wp:attachment":[{"href":"https:\/\/www.fjpremium.com\/pt\/wp-json\/wp\/v2\/media?parent=15946"}],"wp:term":[{"taxonomy":"product_brand","embeddable":true,"href":"https:\/\/www.fjpremium.com\/pt\/wp-json\/wp\/v2\/product_brand?post=15946"},{"taxonomy":"product_cat","embeddable":true,"href":"https:\/\/www.fjpremium.com\/pt\/wp-json\/wp\/v2\/product_cat?post=15946"},{"taxonomy":"product_tag","embeddable":true,"href":"https:\/\/www.fjpremium.com\/pt\/wp-json\/wp\/v2\/product_tag?post=15946"}],"curies":[{"name":"wp","href":"https:\/\/api.w.org\/{rel}","templated":true}]}}