{"id":15945,"date":"2020-09-08T10:24:19","date_gmt":"2020-09-08T02:24:19","guid":{"rendered":"https:\/\/www.fjpremium.com\/?post_type=product&#038;p=15945"},"modified":"2023-12-08T13:16:26","modified_gmt":"2023-12-08T05:16:26","slug":"hot-selling-braided-ultra-high-speed-hdmi-2-1-8k-cable-with-zinc-alloy-housing","status":"publish","type":"product","link":"https:\/\/www.fjpremium.com\/pt\/product\/hot-selling-braided-ultra-high-speed-hdmi-2-1-8k-cable-with-zinc-alloy-housing\/","title":{"rendered":"Cabo HDMI de metal Ultra HD tran\u00e7ado em nylon para caixa de TV 8k 10k Cabo Ethernet Adaptador HDMI"},"content":{"rendered":"<p>Feito \u00e0 medida para uma nitidez suprema, o cabo entran\u00e7ado em nylon n\u00e3o s\u00f3 exala durabilidade como tamb\u00e9m tem a pot\u00eancia do HDMI 2.1, elevando a sua experi\u00eancia visual para uns impressionantes 8K a 60 Hz e uns vibrantes 4K a 120 Hz.<\/p>\n<p>Para al\u00e9m dos impressionantes efeitos visuais, ir\u00e1 desfrutar de um para\u00edso auditivo com o suporte para eARC, que apresenta formatos de \u00e1udio como Dolby\u00ae TrueHD e DTS-HD Master Audio\u2122.<\/p>\n<p>As suas especifica\u00e7\u00f5es:<\/p>\n<ul>\n<li>Contacto banhado a ouro de 24K; concha banhada a ouro<\/li>\n<li>Condutor do cabo: Cobre sem oxig\u00e9nio de alta pureza<\/li>\n<li>Bitola do fio: 30AWG(1-3M), 28(5M)<\/li>\n<li>Isolamento: PEAD<\/li>\n<li>Revestimento: PVC macio<\/li>\n<li>Conformidade: RoHS, REACH<\/li>\n<\/ul>\n<p>Al\u00e9m disso, inclui funcionalidades como o HDR din\u00e2mico, que se ajusta \u00e0s defini\u00e7\u00f5es ideais fotograma a fotograma, e o modo de jogo r\u00e1pido VRR.<\/p>\n<p>Envolvido numa caixa de liga de zinco e com blindagem tripla para pureza, o nosso adaptador HDMI para cabo Ethernet \u00e9 um investimento em qualidade sem compromissos e desempenho sem paralelo.<\/p>\n<p>Em suma, contacte-nos hoje e invista nele.<\/p>","protected":false},"excerpt":{"rendered":"<p>Eleve os visuais com o adaptador HDMI para cabo Ethernet FARSINCE, concebido para caixas de TV 8K e 10K, que promete uma nitidez incompar\u00e1vel, HDR din\u00e2mico, suporte eARC e muito mais.<\/p>","protected":false},"featured_media":15976,"template":"","meta":{"_acf_changed":false,"_seopress_robots_primary_cat":"","_seopress_titles_title":"Best 8k 10k TV Box Ethernet Cable HDMI Adapter - Farsince","_seopress_titles_desc":"","_seopress_robots_index":"","site-sidebar-layout":"default","site-content-layout":"default","ast-site-content-layout":"default","site-content-style":"default","site-sidebar-style":"default","ast-global-header-display":"","ast-banner-title-visibility":"","ast-main-header-display":"","ast-hfb-above-header-display":"","ast-hfb-below-header-display":"","ast-hfb-mobile-header-display":"","site-post-title":"","ast-breadcrumbs-content":"","ast-featured-img":"","footer-sml-layout":"","ast-disable-related-posts":"","theme-transparent-header-meta":"default","adv-header-id-meta":"","stick-header-meta":"","header-above-stick-meta":"","header-main-stick-meta":"","header-below-stick-meta":"","astra-migrate-meta-layouts":"set","ast-page-background-enabled":"default","ast-page-background-meta":{"desktop":{"background-color":"","background-image":"","background-repeat":"repeat","background-position":"center center","background-size":"auto","background-attachment":"scroll","background-type":"","background-media":"","overlay-type":"","overlay-color":"","overlay-opacity":"","overlay-gradient":""},"tablet":{"background-color":"","background-image":"","background-repeat":"repeat","background-position":"center center","background-size":"auto","background-attachment":"scroll","background-type":"","background-media":"","overlay-type":"","overlay-color":"","overlay-opacity":"","overlay-gradient":""},"mobile":{"background-color":"","background-image":"","background-repeat":"repeat","background-position":"center center","background-size":"auto","background-attachment":"scroll","background-type":"","background-media":"","overlay-type":"","overlay-color":"","overlay-opacity":"","overlay-gradient":""}},"ast-content-background-meta":{"desktop":{"background-color":"var(--ast-global-color-5)","background-image":"","background-repeat":"repeat","background-position":"center center","background-size":"auto","background-attachment":"scroll","background-type":"","background-media":"","overlay-type":"","overlay-color":"","overlay-opacity":"","overlay-gradient":""},"tablet":{"background-color":"var(--ast-global-color-5)","background-image":"","background-repeat":"repeat","background-position":"center center","background-size":"auto","background-attachment":"scroll","background-type":"","background-media":"","overlay-type":"","overlay-color":"","overlay-opacity":"","overlay-gradient":""},"mobile":{"background-color":"var(--ast-global-color-5)","background-image":"","background-repeat":"repeat","background-position":"center center","background-size":"auto","background-attachment":"scroll","background-type":"","background-media":"","overlay-type":"","overlay-color":"","overlay-opacity":"","overlay-gradient":""}},"iawp_total_views":6},"product_brand":[],"product_cat":[211],"product_tag":[],"class_list":{"0":"post-15945","1":"product","2":"type-product","3":"status-publish","4":"has-post-thumbnail","6":"product_cat-hdmi","7":"desktop-align-left","8":"tablet-align-left","9":"mobile-align-left","11":"first","12":"instock","13":"shipping-taxable","14":"purchasable","15":"product-type-simple"},"acf":[],"_links":{"self":[{"href":"https:\/\/www.fjpremium.com\/pt\/wp-json\/wp\/v2\/product\/15945","targetHints":{"allow":["GET"]}}],"collection":[{"href":"https:\/\/www.fjpremium.com\/pt\/wp-json\/wp\/v2\/product"}],"about":[{"href":"https:\/\/www.fjpremium.com\/pt\/wp-json\/wp\/v2\/types\/product"}],"wp:featuredmedia":[{"embeddable":true,"href":"https:\/\/www.fjpremium.com\/pt\/wp-json\/wp\/v2\/media\/15976"}],"wp:attachment":[{"href":"https:\/\/www.fjpremium.com\/pt\/wp-json\/wp\/v2\/media?parent=15945"}],"wp:term":[{"taxonomy":"product_brand","embeddable":true,"href":"https:\/\/www.fjpremium.com\/pt\/wp-json\/wp\/v2\/product_brand?post=15945"},{"taxonomy":"product_cat","embeddable":true,"href":"https:\/\/www.fjpremium.com\/pt\/wp-json\/wp\/v2\/product_cat?post=15945"},{"taxonomy":"product_tag","embeddable":true,"href":"https:\/\/www.fjpremium.com\/pt\/wp-json\/wp\/v2\/product_tag?post=15945"}],"curies":[{"name":"wp","href":"https:\/\/api.w.org\/{rel}","templated":true}]}}