{"id":15944,"date":"2020-09-08T10:24:18","date_gmt":"2020-09-08T02:24:18","guid":{"rendered":"https:\/\/www.fjpremium.com\/?post_type=product&#038;p=15944"},"modified":"2023-12-14T13:52:16","modified_gmt":"2023-12-14T05:52:16","slug":"braided-ultra-high-speed-hdmi-2-1-8k-cable-with-metal-housing","status":"publish","type":"product","link":"https:\/\/www.fjpremium.com\/pt\/product\/braided-ultra-high-speed-hdmi-2-1-8k-cable-with-metal-housing\/","title":{"rendered":"Cabo HDMI Metal UHD Kabel Club 3D 8k 10k Cabo para TV Box"},"content":{"rendered":"<p>Com capacidades que v\u00e3o desde o suporte de resolu\u00e7\u00f5es de 8K a 60Hz at\u00e9 4K a 120Hz, o cabo permanece compat\u00edvel com vers\u00f5es anteriores de HDMI.<\/p>\n<p>As suas funcionalidades melhoradas destacam-se pela inclus\u00e3o do Dynamic HDR e do eARC, permitindo optimiza\u00e7\u00f5es espec\u00edficas para cada cena, como ajustes de brilho e experi\u00eancias de \u00e1udio envolventes com os mais recentes formatos de \u00e1udio.<\/p>\n<p>Al\u00e9m disso, combina um design entran\u00e7ado duradouro com uma estrutura met\u00e1lica, prometendo longevidade e um desempenho elevado e consistente.<\/p>\n<p>Os aspectos t\u00e9cnicos do nosso cabo brilham com os conectores macho HDMI 2.1 duplos, acentuados por um contacto e um inv\u00f3lucro banhados a ouro de 24K. Garante uma transfer\u00eancia de dados eficiente gra\u00e7as ao seu cobre de elevada pureza e isento de oxig\u00e9nio.<\/p>\n<p>As suas especifica\u00e7\u00f5es:<\/p>\n<ul>\n<li>Bitola do fio: 30AWG(1-3M), 28(5M)<\/li>\n<li>Isolamento: PEAD<\/li>\n<li>Blindagem: Folha AL torcida com blindagem tripla, folha AL geral, tran\u00e7a 128# AL-MG, coberta com folha de cobre e caixa de prote\u00e7\u00e3o met\u00e1lica na ficha<\/li>\n<\/ul>\n<p>Al\u00e9m disso, envolto num revestimento de PVC macio, cumpre as normas de conformidade RoHS e REACH, garantindo seguran\u00e7a e desempenho superior. Resumindo, contacte-nos hoje mesmo e encomende este cabo Club 3D HDMI.<\/p>","protected":false},"excerpt":{"rendered":"<p>Apresentando o cabo HDMI Club 3D de ultra alta velocidade da FARSINCE, com largura de banda de 48 Gbps para garantir transfer\u00eancia de dados suave e ininterrupta.<\/p>","protected":false},"featured_media":23924,"template":"","meta":{"_acf_changed":false,"_seopress_robots_primary_cat":"","_seopress_titles_title":"Metal UHD Kabel Club 3D HDMI Cable %%sep%% %%sitetitle%%","_seopress_titles_desc":"","_seopress_robots_index":"","site-sidebar-layout":"default","site-content-layout":"default","ast-site-content-layout":"default","site-content-style":"default","site-sidebar-style":"default","ast-global-header-display":"","ast-banner-title-visibility":"","ast-main-header-display":"","ast-hfb-above-header-display":"","ast-hfb-below-header-display":"","ast-hfb-mobile-header-display":"","site-post-title":"","ast-breadcrumbs-content":"","ast-featured-img":"","footer-sml-layout":"","ast-disable-related-posts":"","theme-transparent-header-meta":"default","adv-header-id-meta":"","stick-header-meta":"","header-above-stick-meta":"","header-main-stick-meta":"","header-below-stick-meta":"","astra-migrate-meta-layouts":"set","ast-page-background-enabled":"default","ast-page-background-meta":{"desktop":{"background-color":"","background-image":"","background-repeat":"repeat","background-position":"center center","background-size":"auto","background-attachment":"scroll","background-type":"","background-media":"","overlay-type":"","overlay-color":"","overlay-opacity":"","overlay-gradient":""},"tablet":{"background-color":"","background-image":"","background-repeat":"repeat","background-position":"center center","background-size":"auto","background-attachment":"scroll","background-type":"","background-media":"","overlay-type":"","overlay-color":"","overlay-opacity":"","overlay-gradient":""},"mobile":{"background-color":"","background-image":"","background-repeat":"repeat","background-position":"center center","background-size":"auto","background-attachment":"scroll","background-type":"","background-media":"","overlay-type":"","overlay-color":"","overlay-opacity":"","overlay-gradient":""}},"ast-content-background-meta":{"desktop":{"background-color":"var(--ast-global-color-5)","background-image":"","background-repeat":"repeat","background-position":"center center","background-size":"auto","background-attachment":"scroll","background-type":"","background-media":"","overlay-type":"","overlay-color":"","overlay-opacity":"","overlay-gradient":""},"tablet":{"background-color":"var(--ast-global-color-5)","background-image":"","background-repeat":"repeat","background-position":"center center","background-size":"auto","background-attachment":"scroll","background-type":"","background-media":"","overlay-type":"","overlay-color":"","overlay-opacity":"","overlay-gradient":""},"mobile":{"background-color":"var(--ast-global-color-5)","background-image":"","background-repeat":"repeat","background-position":"center center","background-size":"auto","background-attachment":"scroll","background-type":"","background-media":"","overlay-type":"","overlay-color":"","overlay-opacity":"","overlay-gradient":""}},"iawp_total_views":8},"product_brand":[],"product_cat":[460,211,638],"product_tag":[],"class_list":{"0":"post-15944","1":"product","2":"type-product","3":"status-publish","4":"has-post-thumbnail","6":"product_cat-featured-products","7":"product_cat-hdmi","8":"product_cat-hdmi-cables","9":"desktop-align-left","10":"tablet-align-left","11":"mobile-align-left","13":"first","14":"instock","15":"shipping-taxable","16":"purchasable","17":"product-type-simple"},"acf":[],"_links":{"self":[{"href":"https:\/\/www.fjpremium.com\/pt\/wp-json\/wp\/v2\/product\/15944","targetHints":{"allow":["GET"]}}],"collection":[{"href":"https:\/\/www.fjpremium.com\/pt\/wp-json\/wp\/v2\/product"}],"about":[{"href":"https:\/\/www.fjpremium.com\/pt\/wp-json\/wp\/v2\/types\/product"}],"wp:featuredmedia":[{"embeddable":true,"href":"https:\/\/www.fjpremium.com\/pt\/wp-json\/wp\/v2\/media\/23924"}],"wp:attachment":[{"href":"https:\/\/www.fjpremium.com\/pt\/wp-json\/wp\/v2\/media?parent=15944"}],"wp:term":[{"taxonomy":"product_brand","embeddable":true,"href":"https:\/\/www.fjpremium.com\/pt\/wp-json\/wp\/v2\/product_brand?post=15944"},{"taxonomy":"product_cat","embeddable":true,"href":"https:\/\/www.fjpremium.com\/pt\/wp-json\/wp\/v2\/product_cat?post=15944"},{"taxonomy":"product_tag","embeddable":true,"href":"https:\/\/www.fjpremium.com\/pt\/wp-json\/wp\/v2\/product_tag?post=15944"}],"curies":[{"name":"wp","href":"https:\/\/api.w.org\/{rel}","templated":true}]}}