{"id":15933,"date":"2020-09-08T10:19:40","date_gmt":"2020-09-08T02:19:40","guid":{"rendered":"https:\/\/www.fjpremium.com\/?post_type=product&#038;p=15933"},"modified":"2023-12-14T13:52:17","modified_gmt":"2023-12-14T05:52:17","slug":"worlds-thinnest-flexible-coaxial-40awg-hdmi-cable","status":"publish","type":"product","link":"https:\/\/www.fjpremium.com\/pt\/product\/worlds-thinnest-flexible-coaxial-40awg-hdmi-cable\/","title":{"rendered":"Cabo HDMI Coaxial Super Fino 40AWG mais fino com 2,5 mm de di\u00e2metro"},"content":{"rendered":"<p>Com um di\u00e2metro ultra-fino de 2,5 mm, o cabo \u00e9 85% mais fino e cinco vezes mais flex\u00edvel do que os cabos HDMI normais.<\/p>\n<p>\u00c9 ainda mais \u00e1gil do que um USB de carregamento de iPod\/iPhone da APPLE. Al\u00e9m disso, pode libertar imagens vibrantes em 4K@60Hz e efeitos 3D, seja em \u00f3culos AR\/VR, drones ou c\u00e2maras UHD.<\/p>\n<p>M\u00faltiplos conectores e op\u00e7\u00f5es direccionais tornam o nosso cabo HDMI super fino vers\u00e1til, perfeito para cantos apertados e objectos port\u00e1teis.<\/p>\n<p>As suas especifica\u00e7\u00f5es:<\/p>\n<ul>\n<li>Contacto banhado a ouro de 24K; concha banhada a ouro<\/li>\n<li>Condutor do cabo: Cabo coaxial de cobre estanhado<\/li>\n<li>Bitola do fio: 40AWG 2,5mm de di\u00e2metro (0,3m-1,2m), 36AWG 3,3 de di\u00e2metro (at\u00e9 1,2m)<\/li>\n<li>Isolamento: PET<\/li>\n<li>Blindagem: Folha de AL torcida com blindagem tripla, folha de AL geral, tran\u00e7a de cobre estanhado<\/li>\n<li>Revestimento: PVC<\/li>\n<li>Conformidade: RoHS, REACH<\/li>\n<\/ul>\n<p>Tamb\u00e9m inclui uma largura de banda de 18 Gbps e funcionalidades como Dolby\u00ae TrueHD, concebidas para a tecnologia do futuro. Em suma, escolha o futuro, escolha o melhor e escolha o nosso produto.<\/p>","protected":false},"excerpt":{"rendered":"<p>Apresentamos o cabo HDMI super fino coaxial 40AWG mais fino da FARSINCE, o ep\u00edtome da flexibilidade e inova\u00e7\u00e3o, com suporte para 4K@60Hz, 3D e HDR.<\/p>","protected":false},"featured_media":15934,"template":"","meta":{"_acf_changed":false,"_seopress_robots_primary_cat":"","_seopress_titles_title":"Super Slim HDMI Cable 2.5mm Diameter - Farsince","_seopress_titles_desc":"","_seopress_robots_index":"","site-sidebar-layout":"default","site-content-layout":"default","ast-site-content-layout":"default","site-content-style":"default","site-sidebar-style":"default","ast-global-header-display":"","ast-banner-title-visibility":"","ast-main-header-display":"","ast-hfb-above-header-display":"","ast-hfb-below-header-display":"","ast-hfb-mobile-header-display":"","site-post-title":"","ast-breadcrumbs-content":"","ast-featured-img":"","footer-sml-layout":"","ast-disable-related-posts":"","theme-transparent-header-meta":"default","adv-header-id-meta":"","stick-header-meta":"","header-above-stick-meta":"","header-main-stick-meta":"","header-below-stick-meta":"","astra-migrate-meta-layouts":"set","ast-page-background-enabled":"default","ast-page-background-meta":{"desktop":{"background-color":"","background-image":"","background-repeat":"repeat","background-position":"center center","background-size":"auto","background-attachment":"scroll","background-type":"","background-media":"","overlay-type":"","overlay-color":"","overlay-opacity":"","overlay-gradient":""},"tablet":{"background-color":"","background-image":"","background-repeat":"repeat","background-position":"center center","background-size":"auto","background-attachment":"scroll","background-type":"","background-media":"","overlay-type":"","overlay-color":"","overlay-opacity":"","overlay-gradient":""},"mobile":{"background-color":"","background-image":"","background-repeat":"repeat","background-position":"center center","background-size":"auto","background-attachment":"scroll","background-type":"","background-media":"","overlay-type":"","overlay-color":"","overlay-opacity":"","overlay-gradient":""}},"ast-content-background-meta":{"desktop":{"background-color":"var(--ast-global-color-5)","background-image":"","background-repeat":"repeat","background-position":"center center","background-size":"auto","background-attachment":"scroll","background-type":"","background-media":"","overlay-type":"","overlay-color":"","overlay-opacity":"","overlay-gradient":""},"tablet":{"background-color":"var(--ast-global-color-5)","background-image":"","background-repeat":"repeat","background-position":"center center","background-size":"auto","background-attachment":"scroll","background-type":"","background-media":"","overlay-type":"","overlay-color":"","overlay-opacity":"","overlay-gradient":""},"mobile":{"background-color":"var(--ast-global-color-5)","background-image":"","background-repeat":"repeat","background-position":"center center","background-size":"auto","background-attachment":"scroll","background-type":"","background-media":"","overlay-type":"","overlay-color":"","overlay-opacity":"","overlay-gradient":""}},"iawp_total_views":30},"product_brand":[],"product_cat":[211,638],"product_tag":[],"class_list":{"0":"post-15933","1":"product","2":"type-product","3":"status-publish","4":"has-post-thumbnail","6":"product_cat-hdmi","7":"product_cat-hdmi-cables","8":"desktop-align-left","9":"tablet-align-left","10":"mobile-align-left","12":"first","13":"instock","14":"shipping-taxable","15":"purchasable","16":"product-type-simple"},"acf":[],"_links":{"self":[{"href":"https:\/\/www.fjpremium.com\/pt\/wp-json\/wp\/v2\/product\/15933","targetHints":{"allow":["GET"]}}],"collection":[{"href":"https:\/\/www.fjpremium.com\/pt\/wp-json\/wp\/v2\/product"}],"about":[{"href":"https:\/\/www.fjpremium.com\/pt\/wp-json\/wp\/v2\/types\/product"}],"wp:featuredmedia":[{"embeddable":true,"href":"https:\/\/www.fjpremium.com\/pt\/wp-json\/wp\/v2\/media\/15934"}],"wp:attachment":[{"href":"https:\/\/www.fjpremium.com\/pt\/wp-json\/wp\/v2\/media?parent=15933"}],"wp:term":[{"taxonomy":"product_brand","embeddable":true,"href":"https:\/\/www.fjpremium.com\/pt\/wp-json\/wp\/v2\/product_brand?post=15933"},{"taxonomy":"product_cat","embeddable":true,"href":"https:\/\/www.fjpremium.com\/pt\/wp-json\/wp\/v2\/product_cat?post=15933"},{"taxonomy":"product_tag","embeddable":true,"href":"https:\/\/www.fjpremium.com\/pt\/wp-json\/wp\/v2\/product_tag?post=15933"}],"curies":[{"name":"wp","href":"https:\/\/api.w.org\/{rel}","templated":true}]}}