{"id":15903,"date":"2020-09-08T10:09:21","date_gmt":"2020-09-08T02:09:21","guid":{"rendered":"https:\/\/www.fjpremium.com\/?post_type=product&#038;p=15903"},"modified":"2023-12-14T13:52:18","modified_gmt":"2023-12-14T05:52:18","slug":"premium-1-0-hdmi-4k-cable","status":"publish","type":"product","link":"https:\/\/www.fjpremium.com\/pt\/product\/premium-1-0-hdmi-4k-cable\/","title":{"rendered":"Cabo HDMI triplo Premium certificado com etiqueta digitaliz\u00e1vel suporta 4K@60Hz 18Gbp"},"content":{"rendered":"<p>Este cabo HDMI com blindagem tripla est\u00e1 equipado com uma etiqueta digitaliz\u00e1vel para f\u00e1cil autentica\u00e7\u00e3o e largura de banda de 18 Gbps, para que possa desfrutar de uma resolu\u00e7\u00e3o 4K Ultra HD de cortar a respira\u00e7\u00e3o, conte\u00fado 3D vibrante e \u00e1udio Dolby\u00ae TrueHD.<\/p>\n<p>\u00c9 fabricado com prote\u00e7\u00e3o EMI e cobre sem oxig\u00e9nio de elevada pureza, garantindo integridade e nitidez em cada fotograma. E desde o r\u00e1cio de aspeto de cinema 21:9 at\u00e9 ao suporte de HDR, foi concebido para os apreciadores de entretenimento.<\/p>\n<p>As suas especifica\u00e7\u00f5es:<\/p>\n<ul>\n<li>Contacto banhado a ouro de 24K, concha banhada a ouro<\/li>\n<li>Bitola do fio: 30AWG(1-3M), 28(5M), 26AWG(7.5)<\/li>\n<li>Isolamento: PEAD<\/li>\n<li>Blindagem: Folha AL torcida com blindagem tripla, folha AL geral, tran\u00e7a 128# AL-MG, coberta com folha de cobre e caixa de prote\u00e7\u00e3o met\u00e1lica na ficha<\/li>\n<li>Revestimento: PVC macio<\/li>\n<\/ul>\n<p>Al\u00e9m disso, pode confiar na qualidade do cabo HDMI triplo, com testes e certifica\u00e7\u00e3o abrangentes e em conformidade com a diretiva RoHS e REACH. Por conseguinte, contacte-nos hoje mesmo e encomende-o.<\/p>","protected":false},"excerpt":{"rendered":"<p>Experimente uma mistura perfeita de desempenho, valor e tecnologia pronta para o futuro com o cabo HDMI triplo premium certificado pela FARSINCE, que promete 4K@60Hz.<\/p>","protected":false},"featured_media":15926,"template":"","meta":{"_acf_changed":false,"_seopress_robots_primary_cat":"","_seopress_titles_title":"Triple HDMI Cable with Scannable Label - Farsince","_seopress_titles_desc":"","_seopress_robots_index":"","site-sidebar-layout":"default","site-content-layout":"default","ast-site-content-layout":"default","site-content-style":"default","site-sidebar-style":"default","ast-global-header-display":"","ast-banner-title-visibility":"","ast-main-header-display":"","ast-hfb-above-header-display":"","ast-hfb-below-header-display":"","ast-hfb-mobile-header-display":"","site-post-title":"","ast-breadcrumbs-content":"","ast-featured-img":"","footer-sml-layout":"","ast-disable-related-posts":"","theme-transparent-header-meta":"default","adv-header-id-meta":"","stick-header-meta":"","header-above-stick-meta":"","header-main-stick-meta":"","header-below-stick-meta":"","astra-migrate-meta-layouts":"set","ast-page-background-enabled":"default","ast-page-background-meta":{"desktop":{"background-color":"","background-image":"","background-repeat":"repeat","background-position":"center center","background-size":"auto","background-attachment":"scroll","background-type":"","background-media":"","overlay-type":"","overlay-color":"","overlay-opacity":"","overlay-gradient":""},"tablet":{"background-color":"","background-image":"","background-repeat":"repeat","background-position":"center center","background-size":"auto","background-attachment":"scroll","background-type":"","background-media":"","overlay-type":"","overlay-color":"","overlay-opacity":"","overlay-gradient":""},"mobile":{"background-color":"","background-image":"","background-repeat":"repeat","background-position":"center center","background-size":"auto","background-attachment":"scroll","background-type":"","background-media":"","overlay-type":"","overlay-color":"","overlay-opacity":"","overlay-gradient":""}},"ast-content-background-meta":{"desktop":{"background-color":"var(--ast-global-color-5)","background-image":"","background-repeat":"repeat","background-position":"center center","background-size":"auto","background-attachment":"scroll","background-type":"","background-media":"","overlay-type":"","overlay-color":"","overlay-opacity":"","overlay-gradient":""},"tablet":{"background-color":"var(--ast-global-color-5)","background-image":"","background-repeat":"repeat","background-position":"center center","background-size":"auto","background-attachment":"scroll","background-type":"","background-media":"","overlay-type":"","overlay-color":"","overlay-opacity":"","overlay-gradient":""},"mobile":{"background-color":"var(--ast-global-color-5)","background-image":"","background-repeat":"repeat","background-position":"center center","background-size":"auto","background-attachment":"scroll","background-type":"","background-media":"","overlay-type":"","overlay-color":"","overlay-opacity":"","overlay-gradient":""}},"iawp_total_views":10},"product_brand":[],"product_cat":[211,638],"product_tag":[],"class_list":{"0":"post-15903","1":"product","2":"type-product","3":"status-publish","4":"has-post-thumbnail","6":"product_cat-hdmi","7":"product_cat-hdmi-cables","8":"desktop-align-left","9":"tablet-align-left","10":"mobile-align-left","12":"first","13":"instock","14":"shipping-taxable","15":"purchasable","16":"product-type-simple"},"acf":[],"_links":{"self":[{"href":"https:\/\/www.fjpremium.com\/pt\/wp-json\/wp\/v2\/product\/15903","targetHints":{"allow":["GET"]}}],"collection":[{"href":"https:\/\/www.fjpremium.com\/pt\/wp-json\/wp\/v2\/product"}],"about":[{"href":"https:\/\/www.fjpremium.com\/pt\/wp-json\/wp\/v2\/types\/product"}],"wp:featuredmedia":[{"embeddable":true,"href":"https:\/\/www.fjpremium.com\/pt\/wp-json\/wp\/v2\/media\/15926"}],"wp:attachment":[{"href":"https:\/\/www.fjpremium.com\/pt\/wp-json\/wp\/v2\/media?parent=15903"}],"wp:term":[{"taxonomy":"product_brand","embeddable":true,"href":"https:\/\/www.fjpremium.com\/pt\/wp-json\/wp\/v2\/product_brand?post=15903"},{"taxonomy":"product_cat","embeddable":true,"href":"https:\/\/www.fjpremium.com\/pt\/wp-json\/wp\/v2\/product_cat?post=15903"},{"taxonomy":"product_tag","embeddable":true,"href":"https:\/\/www.fjpremium.com\/pt\/wp-json\/wp\/v2\/product_tag?post=15903"}],"curies":[{"name":"wp","href":"https:\/\/api.w.org\/{rel}","templated":true}]}}