{"id":15902,"date":"2020-09-08T10:09:20","date_gmt":"2020-09-08T02:09:20","guid":{"rendered":"https:\/\/www.fjpremium.com\/?post_type=product&#038;p=15902"},"modified":"2023-12-14T13:52:19","modified_gmt":"2023-12-14T05:52:19","slug":"high-speed-hdmi-2-0-cable-with-locking-screw","status":"publish","type":"product","link":"https:\/\/www.fjpremium.com\/pt\/product\/high-speed-hdmi-2-0-cable-with-locking-screw\/","title":{"rendered":"Cabo de bloqueio HDMI macho para macho mais vendido com conetor HDMI de parafuso de bloqueio industrial"},"content":{"rendered":"<p>Concebido com um conetor HDMI de parafuso de bloqueio industrial, o nosso cabo de bloqueio HDMI assegura uma liga\u00e7\u00e3o inabal\u00e1vel para um prazer ininterrupto.<\/p>\n<p>Oferecendo uma imensa largura de banda de 18 Gbps e suportando resolu\u00e7\u00f5es UHD at\u00e9 4K, \u00e9 feito \u00e0 medida para o ambiente de entretenimento moderno e exigente.<\/p>\n<p>Ir\u00e1 mergulhar em conte\u00fados 3D e HDR, suportados por Dolby\u00ae TrueHD e DTS-HD Master Audio\u2122.<\/p>\n<p>As suas especifica\u00e7\u00f5es:<\/p>\n<ul>\n<li>Conector 1: 2*HDMI 2.0 macho<\/li>\n<li>Contacto banhado a ouro; concha banhada a ouro<\/li>\n<li>Condutor do cabo: Cobre sem oxig\u00e9nio de alta pureza<\/li>\n<li>Bitola do fio: 30AWG(1-3M), 28AWG(5M)<\/li>\n<li>Blindagem tripla: folha de AL torcida, folha de AL total, entran\u00e7ado<\/li>\n<li>Revestimento: PVC<\/li>\n<li>Conformidade: RoHS, REACH<\/li>\n<\/ul>\n<p>Al\u00e9m disso, pode simplificar as configura\u00e7\u00f5es com o canal de retorno de \u00e1udio e deliciar-se com a riqueza de 32 canais de \u00e1udio. Por conseguinte, contacte-nos hoje mesmo e invista neste cabo.<\/p>","protected":false},"excerpt":{"rendered":"<p>Desbloqueie um mundo de qualidade visual e \u00e1udio incompar\u00e1vel com o cabo de bloqueio HDMI macho para macho mais vendido da FARSINCE, que oferece UHD 4K e largura de banda de at\u00e9 18 Gbps.<\/p>","protected":false},"featured_media":15920,"template":"","meta":{"_acf_changed":false,"_seopress_robots_primary_cat":"","_seopress_titles_title":"Best Selling Male to Male HDMI Lock Cable - Farsince","_seopress_titles_desc":"","_seopress_robots_index":"","site-sidebar-layout":"default","site-content-layout":"default","ast-site-content-layout":"default","site-content-style":"default","site-sidebar-style":"default","ast-global-header-display":"","ast-banner-title-visibility":"","ast-main-header-display":"","ast-hfb-above-header-display":"","ast-hfb-below-header-display":"","ast-hfb-mobile-header-display":"","site-post-title":"","ast-breadcrumbs-content":"","ast-featured-img":"","footer-sml-layout":"","ast-disable-related-posts":"","theme-transparent-header-meta":"default","adv-header-id-meta":"","stick-header-meta":"","header-above-stick-meta":"","header-main-stick-meta":"","header-below-stick-meta":"","astra-migrate-meta-layouts":"set","ast-page-background-enabled":"default","ast-page-background-meta":{"desktop":{"background-color":"","background-image":"","background-repeat":"repeat","background-position":"center center","background-size":"auto","background-attachment":"scroll","background-type":"","background-media":"","overlay-type":"","overlay-color":"","overlay-opacity":"","overlay-gradient":""},"tablet":{"background-color":"","background-image":"","background-repeat":"repeat","background-position":"center center","background-size":"auto","background-attachment":"scroll","background-type":"","background-media":"","overlay-type":"","overlay-color":"","overlay-opacity":"","overlay-gradient":""},"mobile":{"background-color":"","background-image":"","background-repeat":"repeat","background-position":"center center","background-size":"auto","background-attachment":"scroll","background-type":"","background-media":"","overlay-type":"","overlay-color":"","overlay-opacity":"","overlay-gradient":""}},"ast-content-background-meta":{"desktop":{"background-color":"var(--ast-global-color-5)","background-image":"","background-repeat":"repeat","background-position":"center center","background-size":"auto","background-attachment":"scroll","background-type":"","background-media":"","overlay-type":"","overlay-color":"","overlay-opacity":"","overlay-gradient":""},"tablet":{"background-color":"var(--ast-global-color-5)","background-image":"","background-repeat":"repeat","background-position":"center center","background-size":"auto","background-attachment":"scroll","background-type":"","background-media":"","overlay-type":"","overlay-color":"","overlay-opacity":"","overlay-gradient":""},"mobile":{"background-color":"var(--ast-global-color-5)","background-image":"","background-repeat":"repeat","background-position":"center center","background-size":"auto","background-attachment":"scroll","background-type":"","background-media":"","overlay-type":"","overlay-color":"","overlay-opacity":"","overlay-gradient":""}},"iawp_total_views":22},"product_brand":[],"product_cat":[211,638],"product_tag":[],"class_list":{"0":"post-15902","1":"product","2":"type-product","3":"status-publish","4":"has-post-thumbnail","6":"product_cat-hdmi","7":"product_cat-hdmi-cables","8":"desktop-align-left","9":"tablet-align-left","10":"mobile-align-left","12":"first","13":"instock","14":"shipping-taxable","15":"purchasable","16":"product-type-simple"},"acf":[],"_links":{"self":[{"href":"https:\/\/www.fjpremium.com\/pt\/wp-json\/wp\/v2\/product\/15902","targetHints":{"allow":["GET"]}}],"collection":[{"href":"https:\/\/www.fjpremium.com\/pt\/wp-json\/wp\/v2\/product"}],"about":[{"href":"https:\/\/www.fjpremium.com\/pt\/wp-json\/wp\/v2\/types\/product"}],"wp:featuredmedia":[{"embeddable":true,"href":"https:\/\/www.fjpremium.com\/pt\/wp-json\/wp\/v2\/media\/15920"}],"wp:attachment":[{"href":"https:\/\/www.fjpremium.com\/pt\/wp-json\/wp\/v2\/media?parent=15902"}],"wp:term":[{"taxonomy":"product_brand","embeddable":true,"href":"https:\/\/www.fjpremium.com\/pt\/wp-json\/wp\/v2\/product_brand?post=15902"},{"taxonomy":"product_cat","embeddable":true,"href":"https:\/\/www.fjpremium.com\/pt\/wp-json\/wp\/v2\/product_cat?post=15902"},{"taxonomy":"product_tag","embeddable":true,"href":"https:\/\/www.fjpremium.com\/pt\/wp-json\/wp\/v2\/product_tag?post=15902"}],"curies":[{"name":"wp","href":"https:\/\/api.w.org\/{rel}","templated":true}]}}