{"id":15901,"date":"2020-09-08T10:09:19","date_gmt":"2020-09-08T02:09:19","guid":{"rendered":"https:\/\/www.fjpremium.com\/?post_type=product&#038;p=15901"},"modified":"2023-12-14T13:52:20","modified_gmt":"2023-12-14T05:52:20","slug":"angled-4k-hdmi-cable","status":"publish","type":"product","link":"https:\/\/www.fjpremium.com\/pt\/product\/angled-4k-hdmi-cable\/","title":{"rendered":"Cabo HDMI banhado a ouro com \u00e2ngulo de 0,5 m a 2 mtr 4K 3D"},"content":{"rendered":"<p>O cabo HDMI angular \u00fanico proporciona flexibilidade de 4 direc\u00e7\u00f5es para a direita, esquerda, para cima e para baixo ao seu entretenimento dom\u00e9stico.<\/p>\n<p>Com uma gama de 0,5 m a 2 m e banhado a ouro para uma condutividade superior, este cabo \u00e9 o seu bilhete para um mundo de brilho 4K 3D.<\/p>\n<p>Quer esteja a ligar dispositivos de DVD ou Blu-ray ao seu televisor ou a ligar um monitor a um PC ou port\u00e1til, o conetor angular de 90 graus garante um acesso conveniente e minimiza a tens\u00e3o, protegendo tanto o cabo como as portas.<\/p>\n<p>Para al\u00e9m disso, delicia-se com resolu\u00e7\u00f5es at\u00e9 3840 x 2160 a 30 Hz e suporte 3D at\u00e9 1080p com uma taxa de atualiza\u00e7\u00e3o de 120 Hz.<\/p>\n<p>Desde a compatibilidade com Dolby\u00ae TrueHD e DTS-HD Master Audio\u2122 at\u00e9 \u00e0 ado\u00e7\u00e3o de um novo espa\u00e7o de cor avan\u00e7ado, o nosso cabo compat\u00edvel com HDMI 1.4 oferece tudo isto.<\/p>\n<p>E est\u00e1 em conformidade com as normas RoHS e REACH e \u00e9 constru\u00eddo com cobre nu e um revestimento de PVC. Por isso, contacte-nos hoje mesmo e adicione-o ao seu invent\u00e1rio.<\/p>","protected":false},"excerpt":{"rendered":"<p>Melhore a experi\u00eancia de visualiza\u00e7\u00e3o com o cabo HDMI FARSINCE com \u00e2ngulo de 90 graus, dispon\u00edvel de 0,5 m a 2 m, com suporte para resolu\u00e7\u00f5es at\u00e9 3840 x 2160.<\/p>","protected":false},"featured_media":15912,"template":"","meta":{"_acf_changed":false,"_seopress_robots_primary_cat":"","_seopress_titles_title":"Right Left Upward Downward Angled HDMI Cable - Farsince","_seopress_titles_desc":"","_seopress_robots_index":"","site-sidebar-layout":"default","site-content-layout":"default","ast-site-content-layout":"default","site-content-style":"default","site-sidebar-style":"default","ast-global-header-display":"","ast-banner-title-visibility":"","ast-main-header-display":"","ast-hfb-above-header-display":"","ast-hfb-below-header-display":"","ast-hfb-mobile-header-display":"","site-post-title":"","ast-breadcrumbs-content":"","ast-featured-img":"","footer-sml-layout":"","ast-disable-related-posts":"","theme-transparent-header-meta":"default","adv-header-id-meta":"","stick-header-meta":"","header-above-stick-meta":"","header-main-stick-meta":"","header-below-stick-meta":"","astra-migrate-meta-layouts":"set","ast-page-background-enabled":"default","ast-page-background-meta":{"desktop":{"background-color":"","background-image":"","background-repeat":"repeat","background-position":"center center","background-size":"auto","background-attachment":"scroll","background-type":"","background-media":"","overlay-type":"","overlay-color":"","overlay-opacity":"","overlay-gradient":""},"tablet":{"background-color":"","background-image":"","background-repeat":"repeat","background-position":"center center","background-size":"auto","background-attachment":"scroll","background-type":"","background-media":"","overlay-type":"","overlay-color":"","overlay-opacity":"","overlay-gradient":""},"mobile":{"background-color":"","background-image":"","background-repeat":"repeat","background-position":"center center","background-size":"auto","background-attachment":"scroll","background-type":"","background-media":"","overlay-type":"","overlay-color":"","overlay-opacity":"","overlay-gradient":""}},"ast-content-background-meta":{"desktop":{"background-color":"var(--ast-global-color-5)","background-image":"","background-repeat":"repeat","background-position":"center center","background-size":"auto","background-attachment":"scroll","background-type":"","background-media":"","overlay-type":"","overlay-color":"","overlay-opacity":"","overlay-gradient":""},"tablet":{"background-color":"var(--ast-global-color-5)","background-image":"","background-repeat":"repeat","background-position":"center center","background-size":"auto","background-attachment":"scroll","background-type":"","background-media":"","overlay-type":"","overlay-color":"","overlay-opacity":"","overlay-gradient":""},"mobile":{"background-color":"var(--ast-global-color-5)","background-image":"","background-repeat":"repeat","background-position":"center center","background-size":"auto","background-attachment":"scroll","background-type":"","background-media":"","overlay-type":"","overlay-color":"","overlay-opacity":"","overlay-gradient":""}},"iawp_total_views":14},"product_brand":[],"product_cat":[211,638],"product_tag":[],"class_list":{"0":"post-15901","1":"product","2":"type-product","3":"status-publish","4":"has-post-thumbnail","6":"product_cat-hdmi","7":"product_cat-hdmi-cables","8":"desktop-align-left","9":"tablet-align-left","10":"mobile-align-left","12":"first","13":"instock","14":"shipping-taxable","15":"purchasable","16":"product-type-simple"},"acf":[],"_links":{"self":[{"href":"https:\/\/www.fjpremium.com\/pt\/wp-json\/wp\/v2\/product\/15901","targetHints":{"allow":["GET"]}}],"collection":[{"href":"https:\/\/www.fjpremium.com\/pt\/wp-json\/wp\/v2\/product"}],"about":[{"href":"https:\/\/www.fjpremium.com\/pt\/wp-json\/wp\/v2\/types\/product"}],"wp:featuredmedia":[{"embeddable":true,"href":"https:\/\/www.fjpremium.com\/pt\/wp-json\/wp\/v2\/media\/15912"}],"wp:attachment":[{"href":"https:\/\/www.fjpremium.com\/pt\/wp-json\/wp\/v2\/media?parent=15901"}],"wp:term":[{"taxonomy":"product_brand","embeddable":true,"href":"https:\/\/www.fjpremium.com\/pt\/wp-json\/wp\/v2\/product_brand?post=15901"},{"taxonomy":"product_cat","embeddable":true,"href":"https:\/\/www.fjpremium.com\/pt\/wp-json\/wp\/v2\/product_cat?post=15901"},{"taxonomy":"product_tag","embeddable":true,"href":"https:\/\/www.fjpremium.com\/pt\/wp-json\/wp\/v2\/product_tag?post=15901"}],"curies":[{"name":"wp","href":"https:\/\/api.w.org\/{rel}","templated":true}]}}