{"id":15900,"date":"2020-10-08T10:09:17","date_gmt":"2020-10-08T02:09:17","guid":{"rendered":"https:\/\/www.fjpremium.com\/?post_type=product&#038;p=15900"},"modified":"2023-12-14T13:51:43","modified_gmt":"2023-12-14T05:51:43","slug":"high-speed-hdmi-2-0-cable-aluminum-housing","status":"publish","type":"product","link":"https:\/\/www.fjpremium.com\/pt\/product\/high-speed-hdmi-2-0-cable-aluminum-housing\/","title":{"rendered":"Cabo HDMI de metal 4k macho para macho 2.0 com tran\u00e7a de nylon por atacado"},"content":{"rendered":"<p>Fabricado com uma estrutura de alum\u00ednio e compat\u00edvel com 4K@60Hz, 3D, ARC, HDR e CEC 2.0, este cabo proporciona a experi\u00eancia de cinema no seu espa\u00e7o com a sua compatibilidade com o r\u00e1cio de aspeto 21:9.<\/p>\n<p>Concebida para uma elevada funcionalidade, permite a transmiss\u00e3o de 2 canais de v\u00eddeo e at\u00e9 4 canais de \u00e1udio em simult\u00e2neo, o que a torna perfeita para a cria\u00e7\u00e3o de um cinema em casa robusto ou para melhorar as suas aplica\u00e7\u00f5es AV de secret\u00e1ria.<\/p>\n<p>Al\u00e9m disso, possui uma largura de banda de at\u00e9 18 Gbps e uma taxa de amostragem de \u00e1udio de at\u00e9 1536 kHz, pronta para uma transfer\u00eancia de dados extremamente r\u00e1pida e um som ultra n\u00edtido.<\/p>\n<p>Pode utilizar as capacidades Ethernet do cabo entran\u00e7ado em nylon para ligar v\u00e1rios dispositivos HDMI com capacidade Ethernet atrav\u00e9s de uma \u00fanica liga\u00e7\u00e3o, simplificando o acesso ao conte\u00fado e a atualiza\u00e7\u00e3o do firmware do dispositivo.<\/p>\n<p>As suas especifica\u00e7\u00f5es:<\/p>\n<ul>\n<li>Contacto banhado a ouro, concha banhada a ouro<\/li>\n<li>Condutor do cabo: Cobre sem oxig\u00e9nio de alta pureza<\/li>\n<li>Bitola do fio: 30AWG(1-3M), 28\/30AWG(5M), 26\/28AWG(7.5-10m)<\/li>\n<li>Blindagem tripla: folha de AL torcida, folha de AL total, entran\u00e7ado<\/li>\n<li>Revestimento: PVC<\/li>\n<li>Conformidade: RoHS, REACH<\/li>\n<\/ul>\n<p>E pode confiar na sua qualidade, apoiada por uma garantia de 5 anos. Por isso, contacte-nos hoje mesmo e encomende-o.<\/p>","protected":false},"excerpt":{"rendered":"<p>Eleve a experi\u00eancia de entretenimento e transfer\u00eancia de dados com o cabo tran\u00e7ado de nylon 4K metal HDMI macho para macho 2.0 da FARSINCE.<\/p>","protected":false},"featured_media":23903,"template":"","meta":{"_acf_changed":false,"_seopress_robots_primary_cat":"","_seopress_titles_title":"HDMI Male to Male 2.0 Nylon Braided Cable Cord - Farsince","_seopress_titles_desc":"","_seopress_robots_index":"","site-sidebar-layout":"default","site-content-layout":"default","ast-site-content-layout":"default","site-content-style":"default","site-sidebar-style":"default","ast-global-header-display":"","ast-banner-title-visibility":"","ast-main-header-display":"","ast-hfb-above-header-display":"","ast-hfb-below-header-display":"","ast-hfb-mobile-header-display":"","site-post-title":"","ast-breadcrumbs-content":"","ast-featured-img":"","footer-sml-layout":"","ast-disable-related-posts":"","theme-transparent-header-meta":"default","adv-header-id-meta":"","stick-header-meta":"","header-above-stick-meta":"","header-main-stick-meta":"","header-below-stick-meta":"","astra-migrate-meta-layouts":"set","ast-page-background-enabled":"default","ast-page-background-meta":{"desktop":{"background-color":"","background-image":"","background-repeat":"repeat","background-position":"center center","background-size":"auto","background-attachment":"scroll","background-type":"","background-media":"","overlay-type":"","overlay-color":"","overlay-opacity":"","overlay-gradient":""},"tablet":{"background-color":"","background-image":"","background-repeat":"repeat","background-position":"center center","background-size":"auto","background-attachment":"scroll","background-type":"","background-media":"","overlay-type":"","overlay-color":"","overlay-opacity":"","overlay-gradient":""},"mobile":{"background-color":"","background-image":"","background-repeat":"repeat","background-position":"center center","background-size":"auto","background-attachment":"scroll","background-type":"","background-media":"","overlay-type":"","overlay-color":"","overlay-opacity":"","overlay-gradient":""}},"ast-content-background-meta":{"desktop":{"background-color":"var(--ast-global-color-5)","background-image":"","background-repeat":"repeat","background-position":"center center","background-size":"auto","background-attachment":"scroll","background-type":"","background-media":"","overlay-type":"","overlay-color":"","overlay-opacity":"","overlay-gradient":""},"tablet":{"background-color":"var(--ast-global-color-5)","background-image":"","background-repeat":"repeat","background-position":"center center","background-size":"auto","background-attachment":"scroll","background-type":"","background-media":"","overlay-type":"","overlay-color":"","overlay-opacity":"","overlay-gradient":""},"mobile":{"background-color":"var(--ast-global-color-5)","background-image":"","background-repeat":"repeat","background-position":"center center","background-size":"auto","background-attachment":"scroll","background-type":"","background-media":"","overlay-type":"","overlay-color":"","overlay-opacity":"","overlay-gradient":""}},"iawp_total_views":9},"product_brand":[],"product_cat":[211,638],"product_tag":[],"class_list":{"0":"post-15900","1":"product","2":"type-product","3":"status-publish","4":"has-post-thumbnail","6":"product_cat-hdmi","7":"product_cat-hdmi-cables","8":"desktop-align-left","9":"tablet-align-left","10":"mobile-align-left","12":"first","13":"instock","14":"shipping-taxable","15":"purchasable","16":"product-type-simple"},"acf":[],"_links":{"self":[{"href":"https:\/\/www.fjpremium.com\/pt\/wp-json\/wp\/v2\/product\/15900","targetHints":{"allow":["GET"]}}],"collection":[{"href":"https:\/\/www.fjpremium.com\/pt\/wp-json\/wp\/v2\/product"}],"about":[{"href":"https:\/\/www.fjpremium.com\/pt\/wp-json\/wp\/v2\/types\/product"}],"wp:featuredmedia":[{"embeddable":true,"href":"https:\/\/www.fjpremium.com\/pt\/wp-json\/wp\/v2\/media\/23903"}],"wp:attachment":[{"href":"https:\/\/www.fjpremium.com\/pt\/wp-json\/wp\/v2\/media?parent=15900"}],"wp:term":[{"taxonomy":"product_brand","embeddable":true,"href":"https:\/\/www.fjpremium.com\/pt\/wp-json\/wp\/v2\/product_brand?post=15900"},{"taxonomy":"product_cat","embeddable":true,"href":"https:\/\/www.fjpremium.com\/pt\/wp-json\/wp\/v2\/product_cat?post=15900"},{"taxonomy":"product_tag","embeddable":true,"href":"https:\/\/www.fjpremium.com\/pt\/wp-json\/wp\/v2\/product_tag?post=15900"}],"curies":[{"name":"wp","href":"https:\/\/api.w.org\/{rel}","templated":true}]}}