{"id":15836,"date":"2020-10-08T08:52:02","date_gmt":"2020-10-08T00:52:02","guid":{"rendered":"https:\/\/www.fjpremium.com\/?post_type=product&#038;p=15836"},"modified":"2023-12-14T13:51:44","modified_gmt":"2023-12-14T05:51:44","slug":"high-speed-hdmi-1-4-cable","status":"publish","type":"product","link":"https:\/\/www.fjpremium.com\/pt\/product\/high-speed-hdmi-1-4-cable\/","title":{"rendered":"Cabo de computador para PC por atacado l 4K HDMI 1.4 Cabo CCS 14+1 Cabos 1.2m 1.5m 3m 5m 10m 20m"},"content":{"rendered":"<p>O cabo de computador para PC por grosso \u00e9 vers\u00e1til, com comprimentos de 1,2 m, 1,5 m, 3 m, 5 m, 10 m e 20 m para se adaptar \u00e0s suas necessidades espec\u00edficas.<\/p>\n<p>Combina transfer\u00eancia de dados superior, \u00e1udio-v\u00eddeo sincronizado e liga\u00e7\u00e3o Ethernet numa solu\u00e7\u00e3o perfeita, tornando essencial a liga\u00e7\u00e3o dos seus dispositivos de DVD ou Blu-ray ao seu televisor ou monitor ao seu PC ou computador port\u00e1til.<\/p>\n<p>Este cabo CCS destaca-se pelo seu suporte para resolu\u00e7\u00f5es 4K Ultra HD e 1080p Full HD, imagens 3D, canal Ethernet, Deep Color de 48 bits e canal de retorno de \u00e1udio (ARC).<\/p>\n<p>Deleita-se com os visuais ricos e realistas e o \u00e1udio envolvente que proporciona, o que s\u00f3 \u00e9 poss\u00edvel se todos os seus dispositivos ligados estiverem preparados para 4K. E com uma taxa de atualiza\u00e7\u00e3o de at\u00e9 120 Hz, pode esperar uma visualiza\u00e7\u00e3o suave e sem atrasos.<\/p>\n<p>As suas especifica\u00e7\u00f5es:<\/p>\n<ul>\n<li>Conector: HDMI 1.4 macho x 2<\/li>\n<li>Contacto banhado a ouro; concha banhada a ouro<\/li>\n<li>Condutor do cabo: A\u00e7o revestido de cobre<\/li>\n<li>Bitola do fio: 30AWG(1-5M), 28AWG(7.5-10M), 26\/28AWG(12-20m)<\/li>\n<li>Isolamento: PEAD<\/li>\n<li>Blindagem: Folha de alum\u00ednio<\/li>\n<li>Revestimento: PVC<\/li>\n<li>Conformidade: RoHS, REACH<\/li>\n<\/ul>\n<p>Al\u00e9m disso, juntamente com o espa\u00e7o de cor avan\u00e7ado e o suporte para Dolby\u00ae TrueHD e DTS-HD Master Audio\u2122, o nosso cabo CCS eleva a sua experi\u00eancia multim\u00e9dia a novos patamares.<\/p>\n<p>Em suma, contacte-nos hoje e invista nele.<\/p>","protected":false},"excerpt":{"rendered":"<p>Experimente uma transfer\u00eancia de dados estelar e \u00e1udio-v\u00eddeo sincronizado com o cabo HDMI 1.4 CCS de alta velocidade da FARSINCE, a sua escolha para ligar dispositivos de entretenimento.<\/p>","protected":false},"featured_media":15837,"template":"","meta":{"_acf_changed":false,"_seopress_robots_primary_cat":"","_seopress_titles_title":"Best PC Computer Cable l 4K HDMI 1.4 CCS Cable - Farsince","_seopress_titles_desc":"","_seopress_robots_index":"","site-sidebar-layout":"default","site-content-layout":"default","ast-site-content-layout":"default","site-content-style":"default","site-sidebar-style":"default","ast-global-header-display":"","ast-banner-title-visibility":"","ast-main-header-display":"","ast-hfb-above-header-display":"","ast-hfb-below-header-display":"","ast-hfb-mobile-header-display":"","site-post-title":"","ast-breadcrumbs-content":"","ast-featured-img":"","footer-sml-layout":"","ast-disable-related-posts":"","theme-transparent-header-meta":"default","adv-header-id-meta":"","stick-header-meta":"","header-above-stick-meta":"","header-main-stick-meta":"","header-below-stick-meta":"","astra-migrate-meta-layouts":"set","ast-page-background-enabled":"default","ast-page-background-meta":{"desktop":{"background-color":"","background-image":"","background-repeat":"repeat","background-position":"center center","background-size":"auto","background-attachment":"scroll","background-type":"","background-media":"","overlay-type":"","overlay-color":"","overlay-opacity":"","overlay-gradient":""},"tablet":{"background-color":"","background-image":"","background-repeat":"repeat","background-position":"center center","background-size":"auto","background-attachment":"scroll","background-type":"","background-media":"","overlay-type":"","overlay-color":"","overlay-opacity":"","overlay-gradient":""},"mobile":{"background-color":"","background-image":"","background-repeat":"repeat","background-position":"center center","background-size":"auto","background-attachment":"scroll","background-type":"","background-media":"","overlay-type":"","overlay-color":"","overlay-opacity":"","overlay-gradient":""}},"ast-content-background-meta":{"desktop":{"background-color":"var(--ast-global-color-5)","background-image":"","background-repeat":"repeat","background-position":"center center","background-size":"auto","background-attachment":"scroll","background-type":"","background-media":"","overlay-type":"","overlay-color":"","overlay-opacity":"","overlay-gradient":""},"tablet":{"background-color":"var(--ast-global-color-5)","background-image":"","background-repeat":"repeat","background-position":"center center","background-size":"auto","background-attachment":"scroll","background-type":"","background-media":"","overlay-type":"","overlay-color":"","overlay-opacity":"","overlay-gradient":""},"mobile":{"background-color":"var(--ast-global-color-5)","background-image":"","background-repeat":"repeat","background-position":"center center","background-size":"auto","background-attachment":"scroll","background-type":"","background-media":"","overlay-type":"","overlay-color":"","overlay-opacity":"","overlay-gradient":""}},"iawp_total_views":5},"product_brand":[],"product_cat":[211,638],"product_tag":[],"class_list":{"0":"post-15836","1":"product","2":"type-product","3":"status-publish","4":"has-post-thumbnail","6":"product_cat-hdmi","7":"product_cat-hdmi-cables","8":"desktop-align-left","9":"tablet-align-left","10":"mobile-align-left","12":"first","13":"instock","14":"shipping-taxable","15":"purchasable","16":"product-type-simple"},"acf":[],"_links":{"self":[{"href":"https:\/\/www.fjpremium.com\/pt\/wp-json\/wp\/v2\/product\/15836","targetHints":{"allow":["GET"]}}],"collection":[{"href":"https:\/\/www.fjpremium.com\/pt\/wp-json\/wp\/v2\/product"}],"about":[{"href":"https:\/\/www.fjpremium.com\/pt\/wp-json\/wp\/v2\/types\/product"}],"wp:featuredmedia":[{"embeddable":true,"href":"https:\/\/www.fjpremium.com\/pt\/wp-json\/wp\/v2\/media\/15837"}],"wp:attachment":[{"href":"https:\/\/www.fjpremium.com\/pt\/wp-json\/wp\/v2\/media?parent=15836"}],"wp:term":[{"taxonomy":"product_brand","embeddable":true,"href":"https:\/\/www.fjpremium.com\/pt\/wp-json\/wp\/v2\/product_brand?post=15836"},{"taxonomy":"product_cat","embeddable":true,"href":"https:\/\/www.fjpremium.com\/pt\/wp-json\/wp\/v2\/product_cat?post=15836"},{"taxonomy":"product_tag","embeddable":true,"href":"https:\/\/www.fjpremium.com\/pt\/wp-json\/wp\/v2\/product_tag?post=15836"}],"curies":[{"name":"wp","href":"https:\/\/api.w.org\/{rel}","templated":true}]}}