{"id":15792,"date":"2020-08-11T13:57:16","date_gmt":"2020-08-11T05:57:16","guid":{"rendered":"https:\/\/www.fjpremium.com\/?post_type=product&#038;p=15792"},"modified":"2023-12-14T13:53:37","modified_gmt":"2023-12-14T05:53:37","slug":"farsince-high-quality-android-phone-usb-c-3-1-type-c-to-hdmi-hdtv-screen-mirroring-cable-support-swith-pd3-0-100w-4k","status":"publish","type":"product","link":"https:\/\/www.fjpremium.com\/pt\/product\/farsince-high-quality-android-phone-usb-c-3-1-type-c-to-hdmi-hdtv-screen-mirroring-cable-support-swith-pd3-0-100w-4k\/","title":{"rendered":"Cabo USB-C 3.1 Micro USB para HDMI para telefone Android Suporte Switch PD3.0 100W 4K"},"content":{"rendered":"<div>\n<div data-section=\"AliMagic-45gq4l\" data-section-title=\"Product Description\" data-spm-anchor-id=\"a2700.wholesale.pronpeci14.i0.5b1d4d3c2Ntw9a\">\n<p>Envolvido num elegante revestimento de PVC e dispon\u00edvel numa cor vermelha vibrante ou em tons personalizados, o nosso cabo de 2 m n\u00e3o \u00e9 apenas mais um acess\u00f3rio; \u00e9 uma afirma\u00e7\u00e3o de estilo de vida.<\/p>\n<p>Pode mergulhar na resolu\u00e7\u00e3o 4K*2K na sua HDTV e desfrutar de v\u00eddeos HD, jogos, fotografias e outros conte\u00fados multim\u00e9dia como nunca antes.<\/p>\n<p>Este cabo \u00e9 compat\u00edvel com a interface USB 3.1 de tipo C e suporta dispositivos com fun\u00e7\u00e3o DP, abrindo novas dimens\u00f5es na conetividade.<\/p>\n<p>Com a funcionalidade \"plug-and-play\" f\u00e1cil, at\u00e9 as pessoas com mais dificuldades tecnol\u00f3gicas podem ligar os seus dispositivos sem esfor\u00e7o.<\/p>\n<p>Al\u00e9m disso, \u00e9 apoiado pelas aprova\u00e7\u00f5es HDMI ATC, ROHS e REACH e vem com uma garantia de 2 anos. Em geral, contacte-nos hoje e invista no cabo Micro USB para HDMI para telem\u00f3veis Android.<\/p>\n<\/div>\n<\/div>","protected":false},"excerpt":{"rendered":"<p title=\"FARSINCE telefone Android de alta qualidade USB-C 3.1 Tipo C para HDMI tela hdtv espelhamento de cabo suporte Swith PD3.0 100W 4K\" data-spm-anchor-id=\"a2700.wholesale.maonnacta.i0.61ae3d9cOK5kDT\">Liberte o brilho 4K * 2K com o cabo USB-C 3.1 Micro USB para HDMI para telefones Android, apresentando plug-and-play f\u00e1cil, v\u00eddeos 1080P, \u00e1udio digital e compatibilidade com equipamento funcional DP.<\/p>","protected":false},"featured_media":15811,"template":"","meta":{"_acf_changed":false,"_seopress_robots_primary_cat":"","_seopress_titles_title":"Best Micro USB to HDMI Cable for Android Phone - Farsince","_seopress_titles_desc":"Unleash 4K*2K brilliance with the USB-C 3.1 micro USB to HDMI cable for Android phones, boasting easy plug-and-play, 1080P videos and digital audio.","_seopress_robots_index":"","site-sidebar-layout":"default","site-content-layout":"default","ast-site-content-layout":"default","site-content-style":"default","site-sidebar-style":"default","ast-global-header-display":"","ast-banner-title-visibility":"","ast-main-header-display":"","ast-hfb-above-header-display":"","ast-hfb-below-header-display":"","ast-hfb-mobile-header-display":"","site-post-title":"","ast-breadcrumbs-content":"","ast-featured-img":"","footer-sml-layout":"","ast-disable-related-posts":"","theme-transparent-header-meta":"default","adv-header-id-meta":"","stick-header-meta":"","header-above-stick-meta":"","header-main-stick-meta":"","header-below-stick-meta":"","astra-migrate-meta-layouts":"set","ast-page-background-enabled":"default","ast-page-background-meta":{"desktop":{"background-color":"","background-image":"","background-repeat":"repeat","background-position":"center center","background-size":"auto","background-attachment":"scroll","background-type":"","background-media":"","overlay-type":"","overlay-color":"","overlay-opacity":"","overlay-gradient":""},"tablet":{"background-color":"","background-image":"","background-repeat":"repeat","background-position":"center center","background-size":"auto","background-attachment":"scroll","background-type":"","background-media":"","overlay-type":"","overlay-color":"","overlay-opacity":"","overlay-gradient":""},"mobile":{"background-color":"","background-image":"","background-repeat":"repeat","background-position":"center center","background-size":"auto","background-attachment":"scroll","background-type":"","background-media":"","overlay-type":"","overlay-color":"","overlay-opacity":"","overlay-gradient":""}},"ast-content-background-meta":{"desktop":{"background-color":"var(--ast-global-color-5)","background-image":"","background-repeat":"repeat","background-position":"center center","background-size":"auto","background-attachment":"scroll","background-type":"","background-media":"","overlay-type":"","overlay-color":"","overlay-opacity":"","overlay-gradient":""},"tablet":{"background-color":"var(--ast-global-color-5)","background-image":"","background-repeat":"repeat","background-position":"center center","background-size":"auto","background-attachment":"scroll","background-type":"","background-media":"","overlay-type":"","overlay-color":"","overlay-opacity":"","overlay-gradient":""},"mobile":{"background-color":"var(--ast-global-color-5)","background-image":"","background-repeat":"repeat","background-position":"center center","background-size":"auto","background-attachment":"scroll","background-type":"","background-media":"","overlay-type":"","overlay-color":"","overlay-opacity":"","overlay-gradient":""}},"iawp_total_views":8},"product_brand":[],"product_cat":[252],"product_tag":[],"class_list":{"0":"post-15792","1":"product","2":"type-product","3":"status-publish","4":"has-post-thumbnail","6":"product_cat-bulk-cables","7":"desktop-align-left","8":"tablet-align-left","9":"mobile-align-left","11":"first","12":"instock","13":"shipping-taxable","14":"purchasable","15":"product-type-simple"},"acf":[],"_links":{"self":[{"href":"https:\/\/www.fjpremium.com\/pt\/wp-json\/wp\/v2\/product\/15792","targetHints":{"allow":["GET"]}}],"collection":[{"href":"https:\/\/www.fjpremium.com\/pt\/wp-json\/wp\/v2\/product"}],"about":[{"href":"https:\/\/www.fjpremium.com\/pt\/wp-json\/wp\/v2\/types\/product"}],"wp:featuredmedia":[{"embeddable":true,"href":"https:\/\/www.fjpremium.com\/pt\/wp-json\/wp\/v2\/media\/15811"}],"wp:attachment":[{"href":"https:\/\/www.fjpremium.com\/pt\/wp-json\/wp\/v2\/media?parent=15792"}],"wp:term":[{"taxonomy":"product_brand","embeddable":true,"href":"https:\/\/www.fjpremium.com\/pt\/wp-json\/wp\/v2\/product_brand?post=15792"},{"taxonomy":"product_cat","embeddable":true,"href":"https:\/\/www.fjpremium.com\/pt\/wp-json\/wp\/v2\/product_cat?post=15792"},{"taxonomy":"product_tag","embeddable":true,"href":"https:\/\/www.fjpremium.com\/pt\/wp-json\/wp\/v2\/product_tag?post=15792"}],"curies":[{"name":"wp","href":"https:\/\/api.w.org\/{rel}","templated":true}]}}