{"id":15791,"date":"2020-08-11T13:57:15","date_gmt":"2020-08-11T05:57:15","guid":{"rendered":"https:\/\/www.fjpremium.com\/?post_type=product&#038;p=15791"},"modified":"2023-12-14T13:53:38","modified_gmt":"2023-12-14T05:53:38","slug":"farsince-2m-android-usb-c-3-1-type-c-to-hdmi-hdtv-screen-mirriong-4k-cable-for-video-with-usb-power","status":"publish","type":"product","link":"https:\/\/www.fjpremium.com\/pt\/product\/farsince-2m-android-usb-c-3-1-type-c-to-hdmi-hdtv-screen-mirriong-4k-cable-for-video-with-usb-power\/","title":{"rendered":"Cabo Android USB-C 3.1 Tipo C de 2 m para ligar o telem\u00f3vel Android \u00e0 TV para v\u00eddeo com alimenta\u00e7\u00e3o USB"},"content":{"rendered":"<div>\n<div data-section=\"AliMagic-45gq4l\" data-section-title=\"Product Description\" data-spm-anchor-id=\"a2700.wholesale.pronpeci14.i0.5b1d4d3c2Ntw9a\">\n<p>Dispon\u00edvel em tons modernos de cinzento, cor-de-rosa, laranja, preto ou cores personalizadas, o cabo de 5,0 mm para ligar o telem\u00f3vel Android ao televisor chama a aten\u00e7\u00e3o. Os conectores HDTV dourados e o revestimento em PVC aumentam o seu atrativo e garantem a qualidade.<\/p>\n<p>Pode experimentar a resolu\u00e7\u00e3o m\u00e1xima de 1080p e mergulhar em v\u00eddeos HD, jogos, fotografias e muito mais com amigos e fam\u00edlia numa grande HDTV.<\/p>\n<p>Aplic\u00e1vel \u00e0 interface USB 3.1 de tipo C, o nosso cabo suporta telem\u00f3veis e tablets com uma fun\u00e7\u00e3o DP. O seu design plug-and-play f\u00e1cil de utilizar e blindado com uma tran\u00e7a, garante uma utiliza\u00e7\u00e3o sem interfer\u00eancias.<\/p>\n<p>Al\u00e9m disso, a satisfa\u00e7\u00e3o \u00e9 garantida com uma garantia de 2 anos e aprova\u00e7\u00e3o CE, FCC e RoHS. Em suma, contacte-nos hoje mesmo e adicione-o ao seu invent\u00e1rio.<\/p>\n<\/div>\n<\/div>","protected":false},"excerpt":{"rendered":"<p class=\"ma-title\" title=\"FARSINCE 2m Android USB-C 3.1 Tipo C para hdmi hdtv ecr\u00e3 mirriong 4K cabo para v\u00eddeo com alimenta\u00e7\u00e3o USB\" data-spm-anchor-id=\"a2700.wholesale.maonnacta.i0.e92e3c201AsN4u\">Conhe\u00e7a o futuro da conetividade com o nosso cabo Android USB-C 3.1 Tipo C de 2 m para ligar o telem\u00f3vel Android \u00e0 TV, prometendo a derradeira experi\u00eancia de v\u00eddeo.<\/p>","protected":false},"featured_media":15803,"template":"","meta":{"_acf_changed":false,"_seopress_robots_primary_cat":"","_seopress_titles_title":"Type C Cable to Connect Android Phone to TV - Farsince","_seopress_titles_desc":"","_seopress_robots_index":"","site-sidebar-layout":"default","site-content-layout":"default","ast-site-content-layout":"default","site-content-style":"default","site-sidebar-style":"default","ast-global-header-display":"","ast-banner-title-visibility":"","ast-main-header-display":"","ast-hfb-above-header-display":"","ast-hfb-below-header-display":"","ast-hfb-mobile-header-display":"","site-post-title":"","ast-breadcrumbs-content":"","ast-featured-img":"","footer-sml-layout":"","ast-disable-related-posts":"","theme-transparent-header-meta":"default","adv-header-id-meta":"","stick-header-meta":"","header-above-stick-meta":"","header-main-stick-meta":"","header-below-stick-meta":"","astra-migrate-meta-layouts":"set","ast-page-background-enabled":"default","ast-page-background-meta":{"desktop":{"background-color":"","background-image":"","background-repeat":"repeat","background-position":"center center","background-size":"auto","background-attachment":"scroll","background-type":"","background-media":"","overlay-type":"","overlay-color":"","overlay-opacity":"","overlay-gradient":""},"tablet":{"background-color":"","background-image":"","background-repeat":"repeat","background-position":"center center","background-size":"auto","background-attachment":"scroll","background-type":"","background-media":"","overlay-type":"","overlay-color":"","overlay-opacity":"","overlay-gradient":""},"mobile":{"background-color":"","background-image":"","background-repeat":"repeat","background-position":"center center","background-size":"auto","background-attachment":"scroll","background-type":"","background-media":"","overlay-type":"","overlay-color":"","overlay-opacity":"","overlay-gradient":""}},"ast-content-background-meta":{"desktop":{"background-color":"var(--ast-global-color-5)","background-image":"","background-repeat":"repeat","background-position":"center center","background-size":"auto","background-attachment":"scroll","background-type":"","background-media":"","overlay-type":"","overlay-color":"","overlay-opacity":"","overlay-gradient":""},"tablet":{"background-color":"var(--ast-global-color-5)","background-image":"","background-repeat":"repeat","background-position":"center center","background-size":"auto","background-attachment":"scroll","background-type":"","background-media":"","overlay-type":"","overlay-color":"","overlay-opacity":"","overlay-gradient":""},"mobile":{"background-color":"var(--ast-global-color-5)","background-image":"","background-repeat":"repeat","background-position":"center center","background-size":"auto","background-attachment":"scroll","background-type":"","background-media":"","overlay-type":"","overlay-color":"","overlay-opacity":"","overlay-gradient":""}},"iawp_total_views":8},"product_brand":[],"product_cat":[252],"product_tag":[],"class_list":{"0":"post-15791","1":"product","2":"type-product","3":"status-publish","4":"has-post-thumbnail","6":"product_cat-bulk-cables","7":"desktop-align-left","8":"tablet-align-left","9":"mobile-align-left","11":"first","12":"instock","13":"shipping-taxable","14":"purchasable","15":"product-type-simple"},"acf":[],"_links":{"self":[{"href":"https:\/\/www.fjpremium.com\/pt\/wp-json\/wp\/v2\/product\/15791","targetHints":{"allow":["GET"]}}],"collection":[{"href":"https:\/\/www.fjpremium.com\/pt\/wp-json\/wp\/v2\/product"}],"about":[{"href":"https:\/\/www.fjpremium.com\/pt\/wp-json\/wp\/v2\/types\/product"}],"wp:featuredmedia":[{"embeddable":true,"href":"https:\/\/www.fjpremium.com\/pt\/wp-json\/wp\/v2\/media\/15803"}],"wp:attachment":[{"href":"https:\/\/www.fjpremium.com\/pt\/wp-json\/wp\/v2\/media?parent=15791"}],"wp:term":[{"taxonomy":"product_brand","embeddable":true,"href":"https:\/\/www.fjpremium.com\/pt\/wp-json\/wp\/v2\/product_brand?post=15791"},{"taxonomy":"product_cat","embeddable":true,"href":"https:\/\/www.fjpremium.com\/pt\/wp-json\/wp\/v2\/product_cat?post=15791"},{"taxonomy":"product_tag","embeddable":true,"href":"https:\/\/www.fjpremium.com\/pt\/wp-json\/wp\/v2\/product_tag?post=15791"}],"curies":[{"name":"wp","href":"https:\/\/api.w.org\/{rel}","templated":true}]}}