{"id":15790,"date":"2020-08-11T13:57:14","date_gmt":"2020-08-11T05:57:14","guid":{"rendered":"https:\/\/www.fjpremium.com\/?post_type=product&#038;p=15790"},"modified":"2023-12-14T13:53:38","modified_gmt":"2023-12-14T05:53:38","slug":"farsince-phone-to-hdtv-converter-for-lightning-to-hdmi-vga-jack-audio-tv-adapter-cable-for-iso-phone-x-8-7-7-plus-6-6s","status":"publish","type":"product","link":"https:\/\/www.fjpremium.com\/pt\/product\/farsince-phone-to-hdtv-converter-for-lightning-to-hdmi-vga-jack-audio-tv-adapter-cable-for-iso-phone-x-8-7-7-plus-6-6s\/","title":{"rendered":"FARSINCE Conversor de telefone para HDTV Conversor de telefone para HDTV Conversor de telefone para HDTV Conversor de telefone para HDMI Cabo adaptador de TV de \u00e1udio de tomada VGA para IOS Telefone X 8 7 7 Plus 6 6SCabo adaptador de TV de \u00e1udio de tomada VGA para iso Telefone X 8 7 7 Plus 6 6S"},"content":{"rendered":"<div>\n<div data-section=\"AliMagic-45gq4l\" data-section-title=\"Product Description\" data-spm-anchor-id=\"a2700.wholesale.pronpeci14.i0.5b1d4d3c2Ntw9a\">\n<p>Este adaptador vers\u00e1til, dispon\u00edvel em prateado ou preto, foi concebido para a s\u00e9rie iPhone X at\u00e9 ao iPhone 5, bem como para iPads e iPod Touch.<\/p>\n<p>Com um di\u00e2metro exterior de 5,0 mm, conectores HDTV dourados e um comprimento de 2 metros, proporciona uma ponte sem paralelo para o seu universo visual e auditivo.<\/p>\n<p>O cabo adaptador de TV suporta n\u00e3o s\u00f3 HDMI, mas tamb\u00e9m VGA e AV, permitindo espelhar o ecr\u00e3 do seu dispositivo at\u00e9 1080p HD.<\/p>\n<p>Desfrutar\u00e1 de programas de TV, filmes, m\u00fasica e muito mais com uma simples configura\u00e7\u00e3o plug-and-play, sem aplica\u00e7\u00f5es adicionais. E a sua garantia de 2 anos e a ades\u00e3o \u00e0s normas CE FCC RoHS asseguram uma tranquilidade duradoura.<\/p>\n<p>Al\u00e9m disso, tenha em aten\u00e7\u00e3o que requer uma fonte de alimenta\u00e7\u00e3o (5V 1A) e n\u00e3o \u00e9 compat\u00edvel com alguns v\u00eddeos pagos em aplica\u00e7\u00f5es.<\/p>\n<p>Em conclus\u00e3o, contacte-nos hoje mesmo e encomende-o para transformar o seu projeto.<\/p>\n<\/div>\n<\/div>","protected":false},"excerpt":{"rendered":"<p title=\"FARSINCE conversor de telefone para hdtv para Lightning para HDMI VGA Jack Cabo adaptador de TV de \u00e1udio para telefone iso X 8 7 7 Plus 6 6S\" data-spm-anchor-id=\"a2700.wholesale.maonnacta.i0.7e784cfasNEs4V\">Eleve o n\u00edvel de entretenimento com o cabo adaptador de TV FARSINCE, compat\u00edvel com v\u00e1rios modelos de iPhone e iPads, suportando HDMI, VGA, AV e espelhos at\u00e9 1080p HD.<\/p>","protected":false},"featured_media":15795,"template":"","meta":{"_acf_changed":false,"_seopress_robots_primary_cat":"","_seopress_titles_title":"Best Lightning to HDMI VGA Jack Audio TV Adapter Cable - Farsince","_seopress_titles_desc":"","_seopress_robots_index":"","site-sidebar-layout":"default","site-content-layout":"default","ast-site-content-layout":"default","site-content-style":"default","site-sidebar-style":"default","ast-global-header-display":"","ast-banner-title-visibility":"","ast-main-header-display":"","ast-hfb-above-header-display":"","ast-hfb-below-header-display":"","ast-hfb-mobile-header-display":"","site-post-title":"","ast-breadcrumbs-content":"","ast-featured-img":"","footer-sml-layout":"","ast-disable-related-posts":"","theme-transparent-header-meta":"default","adv-header-id-meta":"","stick-header-meta":"","header-above-stick-meta":"","header-main-stick-meta":"","header-below-stick-meta":"","astra-migrate-meta-layouts":"set","ast-page-background-enabled":"default","ast-page-background-meta":{"desktop":{"background-color":"","background-image":"","background-repeat":"repeat","background-position":"center center","background-size":"auto","background-attachment":"scroll","background-type":"","background-media":"","overlay-type":"","overlay-color":"","overlay-opacity":"","overlay-gradient":""},"tablet":{"background-color":"","background-image":"","background-repeat":"repeat","background-position":"center center","background-size":"auto","background-attachment":"scroll","background-type":"","background-media":"","overlay-type":"","overlay-color":"","overlay-opacity":"","overlay-gradient":""},"mobile":{"background-color":"","background-image":"","background-repeat":"repeat","background-position":"center center","background-size":"auto","background-attachment":"scroll","background-type":"","background-media":"","overlay-type":"","overlay-color":"","overlay-opacity":"","overlay-gradient":""}},"ast-content-background-meta":{"desktop":{"background-color":"var(--ast-global-color-5)","background-image":"","background-repeat":"repeat","background-position":"center center","background-size":"auto","background-attachment":"scroll","background-type":"","background-media":"","overlay-type":"","overlay-color":"","overlay-opacity":"","overlay-gradient":""},"tablet":{"background-color":"var(--ast-global-color-5)","background-image":"","background-repeat":"repeat","background-position":"center center","background-size":"auto","background-attachment":"scroll","background-type":"","background-media":"","overlay-type":"","overlay-color":"","overlay-opacity":"","overlay-gradient":""},"mobile":{"background-color":"var(--ast-global-color-5)","background-image":"","background-repeat":"repeat","background-position":"center center","background-size":"auto","background-attachment":"scroll","background-type":"","background-media":"","overlay-type":"","overlay-color":"","overlay-opacity":"","overlay-gradient":""}},"iawp_total_views":2},"product_brand":[],"product_cat":[252],"product_tag":[],"class_list":{"0":"post-15790","1":"product","2":"type-product","3":"status-publish","4":"has-post-thumbnail","6":"product_cat-bulk-cables","7":"desktop-align-left","8":"tablet-align-left","9":"mobile-align-left","11":"first","12":"instock","13":"shipping-taxable","14":"purchasable","15":"product-type-simple"},"acf":[],"_links":{"self":[{"href":"https:\/\/www.fjpremium.com\/pt\/wp-json\/wp\/v2\/product\/15790","targetHints":{"allow":["GET"]}}],"collection":[{"href":"https:\/\/www.fjpremium.com\/pt\/wp-json\/wp\/v2\/product"}],"about":[{"href":"https:\/\/www.fjpremium.com\/pt\/wp-json\/wp\/v2\/types\/product"}],"wp:featuredmedia":[{"embeddable":true,"href":"https:\/\/www.fjpremium.com\/pt\/wp-json\/wp\/v2\/media\/15795"}],"wp:attachment":[{"href":"https:\/\/www.fjpremium.com\/pt\/wp-json\/wp\/v2\/media?parent=15790"}],"wp:term":[{"taxonomy":"product_brand","embeddable":true,"href":"https:\/\/www.fjpremium.com\/pt\/wp-json\/wp\/v2\/product_brand?post=15790"},{"taxonomy":"product_cat","embeddable":true,"href":"https:\/\/www.fjpremium.com\/pt\/wp-json\/wp\/v2\/product_cat?post=15790"},{"taxonomy":"product_tag","embeddable":true,"href":"https:\/\/www.fjpremium.com\/pt\/wp-json\/wp\/v2\/product_tag?post=15790"}],"curies":[{"name":"wp","href":"https:\/\/api.w.org\/{rel}","templated":true}]}}