{"id":15717,"date":"2020-08-11T13:27:02","date_gmt":"2020-08-11T05:27:02","guid":{"rendered":"https:\/\/www.fjpremium.com\/?post_type=product&#038;p=15717"},"modified":"2023-12-14T13:53:39","modified_gmt":"2023-12-14T05:53:39","slug":"farsince-micro-usb-input-to-hdmi-female-output-converter-android-phone-to-hdtv-hdmi-screen-mirroring-tv-adapter","status":"publish","type":"product","link":"https:\/\/www.fjpremium.com\/pt\/product\/farsince-micro-usb-input-to-hdmi-female-output-converter-android-phone-to-hdtv-hdmi-screen-mirroring-tv-adapter\/","title":{"rendered":"FARSINCE Conversor de entrada micro USB para sa\u00edda HDMI f\u00eamea Cabo HDMI USB do telem\u00f3vel para o televisor"},"content":{"rendered":"<div>\n<div data-section=\"AliMagic-45gq4l\" data-section-title=\"Product Description\" data-spm-anchor-id=\"a2700.wholesale.pronpeci14.i0.5b1d4d3c2Ntw9a\">\n<p>Com o seu design preto elegante e conectores HDTV dourados, o nosso cabo de 15 cm proporciona uma ponte perfeita entre os seus dispositivos MHL e o televisor HD.<\/p>\n<p>Envolvido num robusto revestimento de PVC e com blindagem combinada, pode confiar num v\u00eddeo ininterrupto de 1080p (Full HD) e numa passagem de \u00e1udio sem falhas para 7.1, 5.1 ou 2 canais digitais.<\/p>\n<p>Al\u00e9m disso, \u00e9 \"plug-and-play\" e n\u00e3o requer defini\u00e7\u00f5es complexas para utiliza\u00e7\u00e3o pessoal ou aplica\u00e7\u00f5es profissionais.<\/p>\n<p>O cabo USB HDMI do telem\u00f3vel para o televisor tem uma garantia de 2 anos e cumpre as normas CE FCC RoHS.<\/p>\n<p>Apresenta-se numa caixa a cores e pode carregar o seu dispositivo durante a reprodu\u00e7\u00e3o. Em suma, contacte-nos hoje mesmo e invista nela.<\/p>\n<\/div>\n<\/div>","protected":false},"excerpt":{"rendered":"<p title=\"FARSINCE Micro USB input to HDMI female output converter android phone to hdtv hdmi screen mirroring TV adapter\" data-spm-anchor-id=\"a2700.wholesale.maonnacta.i0.2b17183846IIzD\">Desbloqueie uma experi\u00eancia visual extraordin\u00e1ria com o telefone com cabo FARSINCE USB HDMI para TV, prometendo conectividade perfeita, resolu\u00e7\u00e3o Full HD de 1080p e \u00e1udio impec\u00e1vel, perfeito para uso dom\u00e9stico ou no escrit\u00f3rio.<\/p>","protected":false},"featured_media":15766,"template":"","meta":{"_acf_changed":false,"_seopress_robots_primary_cat":"","_seopress_titles_title":"Best USB HDMI Cable Phone to TV - Farsince","_seopress_titles_desc":"Unlock an extraordinary visual experience with FARSINCE USB HDMI cable phone to TV, promising seamless connectivity and 1080p Full HD resolution.","_seopress_robots_index":"","site-sidebar-layout":"default","site-content-layout":"default","ast-site-content-layout":"default","site-content-style":"default","site-sidebar-style":"default","ast-global-header-display":"","ast-banner-title-visibility":"","ast-main-header-display":"","ast-hfb-above-header-display":"","ast-hfb-below-header-display":"","ast-hfb-mobile-header-display":"","site-post-title":"","ast-breadcrumbs-content":"","ast-featured-img":"","footer-sml-layout":"","ast-disable-related-posts":"","theme-transparent-header-meta":"default","adv-header-id-meta":"","stick-header-meta":"","header-above-stick-meta":"","header-main-stick-meta":"","header-below-stick-meta":"","astra-migrate-meta-layouts":"set","ast-page-background-enabled":"default","ast-page-background-meta":{"desktop":{"background-color":"","background-image":"","background-repeat":"repeat","background-position":"center center","background-size":"auto","background-attachment":"scroll","background-type":"","background-media":"","overlay-type":"","overlay-color":"","overlay-opacity":"","overlay-gradient":""},"tablet":{"background-color":"","background-image":"","background-repeat":"repeat","background-position":"center center","background-size":"auto","background-attachment":"scroll","background-type":"","background-media":"","overlay-type":"","overlay-color":"","overlay-opacity":"","overlay-gradient":""},"mobile":{"background-color":"","background-image":"","background-repeat":"repeat","background-position":"center center","background-size":"auto","background-attachment":"scroll","background-type":"","background-media":"","overlay-type":"","overlay-color":"","overlay-opacity":"","overlay-gradient":""}},"ast-content-background-meta":{"desktop":{"background-color":"var(--ast-global-color-5)","background-image":"","background-repeat":"repeat","background-position":"center center","background-size":"auto","background-attachment":"scroll","background-type":"","background-media":"","overlay-type":"","overlay-color":"","overlay-opacity":"","overlay-gradient":""},"tablet":{"background-color":"var(--ast-global-color-5)","background-image":"","background-repeat":"repeat","background-position":"center center","background-size":"auto","background-attachment":"scroll","background-type":"","background-media":"","overlay-type":"","overlay-color":"","overlay-opacity":"","overlay-gradient":""},"mobile":{"background-color":"var(--ast-global-color-5)","background-image":"","background-repeat":"repeat","background-position":"center center","background-size":"auto","background-attachment":"scroll","background-type":"","background-media":"","overlay-type":"","overlay-color":"","overlay-opacity":"","overlay-gradient":""}},"iawp_total_views":8},"product_brand":[],"product_cat":[252],"product_tag":[],"class_list":{"0":"post-15717","1":"product","2":"type-product","3":"status-publish","4":"has-post-thumbnail","6":"product_cat-bulk-cables","7":"desktop-align-left","8":"tablet-align-left","9":"mobile-align-left","11":"first","12":"instock","13":"shipping-taxable","14":"purchasable","15":"product-type-simple"},"acf":[],"_links":{"self":[{"href":"https:\/\/www.fjpremium.com\/pt\/wp-json\/wp\/v2\/product\/15717","targetHints":{"allow":["GET"]}}],"collection":[{"href":"https:\/\/www.fjpremium.com\/pt\/wp-json\/wp\/v2\/product"}],"about":[{"href":"https:\/\/www.fjpremium.com\/pt\/wp-json\/wp\/v2\/types\/product"}],"wp:featuredmedia":[{"embeddable":true,"href":"https:\/\/www.fjpremium.com\/pt\/wp-json\/wp\/v2\/media\/15766"}],"wp:attachment":[{"href":"https:\/\/www.fjpremium.com\/pt\/wp-json\/wp\/v2\/media?parent=15717"}],"wp:term":[{"taxonomy":"product_brand","embeddable":true,"href":"https:\/\/www.fjpremium.com\/pt\/wp-json\/wp\/v2\/product_brand?post=15717"},{"taxonomy":"product_cat","embeddable":true,"href":"https:\/\/www.fjpremium.com\/pt\/wp-json\/wp\/v2\/product_cat?post=15717"},{"taxonomy":"product_tag","embeddable":true,"href":"https:\/\/www.fjpremium.com\/pt\/wp-json\/wp\/v2\/product_tag?post=15717"}],"curies":[{"name":"wp","href":"https:\/\/api.w.org\/{rel}","templated":true}]}}