{"id":15716,"date":"2020-08-11T13:27:01","date_gmt":"2020-08-11T05:27:01","guid":{"rendered":"https:\/\/www.fjpremium.com\/?post_type=product&#038;p=15716"},"modified":"2023-12-14T13:53:40","modified_gmt":"2023-12-14T05:53:40","slug":"farsince-usb-c-3-1-type-c-to-hdmi-4k-60hz-audio-adapter-converter-for-phone-connect-to-hdtv-hdmi-screen-mirroring-cable","status":"publish","type":"product","link":"https:\/\/www.fjpremium.com\/pt\/product\/farsince-usb-c-3-1-type-c-to-hdmi-4k-60hz-audio-adapter-converter-for-phone-connect-to-hdtv-hdmi-screen-mirroring-cable\/","title":{"rendered":"FARSINCE USB-C 3.1 Tipo C Cabo HDMI Telefone para TV 4K 60hz Adaptador de \u00e1udio Conversor"},"content":{"rendered":"<div>\n<div data-section=\"AliMagic-45gq4l\" data-section-title=\"Product Description\" data-spm-anchor-id=\"a2700.wholesale.pronpeci14.i0.5b1d4d3c2Ntw9a\">\n<p>O n\u00facleo de cobre superior do adaptador assegura uma transmiss\u00e3o de sinal \u00f3ptima e est\u00e1vel sem distor\u00e7\u00e3o ou desfocagem, proporcionando uma qualidade de \u00e1udio e v\u00eddeo sem paralelo.<\/p>\n<p>Pode facilmente espelhar ou expandir o conte\u00fado do seu ecr\u00e3 para uma HDTV, monitor ou projetor com uma resolu\u00e7\u00e3o at\u00e9 4K a 60 Hz, perfeito para partilhar filmes com a fam\u00edlia ou fazer apresenta\u00e7\u00f5es numa sala de confer\u00eancias.<\/p>\n<p>\u00c9 universalmente compat\u00edvel com todos os dispositivos Type-C, incluindo MacBook Pro, Surface Go, Samsung Galaxy S9\/S8 e muitos outros.<\/p>\n<p>Al\u00e9m disso, \u00e9 incrivelmente f\u00e1cil de utilizar com a sua funcionalidade plug-and-play, n\u00e3o necessitando de controladores ou de processos de instala\u00e7\u00e3o complicados.<\/p>\n<p>O design ultra-leve e compacto do nosso adaptador torna-o f\u00e1cil de transportar e o seu cabo dobr\u00e1vel e resistente ao desgaste garante uma utiliza\u00e7\u00e3o duradoura. O seu elegante inv\u00f3lucro em liga de alum\u00ednio preto confere um toque de estilo e \u00e9 embalado numa caixa a cores.<\/p>\n<p>Al\u00e9m disso, oferece fiabilidade com a aprova\u00e7\u00e3o CE, FCC e RoHS e uma garantia de 2 anos. Em suma, contacte-nos hoje e adicione este cabo HDMI tipo C para telefone e TV ao seu invent\u00e1rio.<\/p>\n<\/div>\n<\/div>","protected":false},"excerpt":{"rendered":"<p>Descubra o cabo HDMI FARSINCE USB-C 3.1 Tipo C do telefone para a TV, trazendo convers\u00e3o de \u00e1udio e v\u00eddeo de alta qualidade para seus projetos.<\/p>","protected":false},"featured_media":15758,"template":"","meta":{"_acf_changed":false,"_seopress_robots_primary_cat":"","_seopress_titles_title":"USB-C 3.1 Type C HDMI Cable Phone to TV - Farsince","_seopress_titles_desc":"","_seopress_robots_index":"","site-sidebar-layout":"default","site-content-layout":"default","ast-site-content-layout":"default","site-content-style":"default","site-sidebar-style":"default","ast-global-header-display":"","ast-banner-title-visibility":"","ast-main-header-display":"","ast-hfb-above-header-display":"","ast-hfb-below-header-display":"","ast-hfb-mobile-header-display":"","site-post-title":"","ast-breadcrumbs-content":"","ast-featured-img":"","footer-sml-layout":"","ast-disable-related-posts":"","theme-transparent-header-meta":"default","adv-header-id-meta":"","stick-header-meta":"","header-above-stick-meta":"","header-main-stick-meta":"","header-below-stick-meta":"","astra-migrate-meta-layouts":"set","ast-page-background-enabled":"default","ast-page-background-meta":{"desktop":{"background-color":"","background-image":"","background-repeat":"repeat","background-position":"center center","background-size":"auto","background-attachment":"scroll","background-type":"","background-media":"","overlay-type":"","overlay-color":"","overlay-opacity":"","overlay-gradient":""},"tablet":{"background-color":"","background-image":"","background-repeat":"repeat","background-position":"center center","background-size":"auto","background-attachment":"scroll","background-type":"","background-media":"","overlay-type":"","overlay-color":"","overlay-opacity":"","overlay-gradient":""},"mobile":{"background-color":"","background-image":"","background-repeat":"repeat","background-position":"center center","background-size":"auto","background-attachment":"scroll","background-type":"","background-media":"","overlay-type":"","overlay-color":"","overlay-opacity":"","overlay-gradient":""}},"ast-content-background-meta":{"desktop":{"background-color":"var(--ast-global-color-5)","background-image":"","background-repeat":"repeat","background-position":"center center","background-size":"auto","background-attachment":"scroll","background-type":"","background-media":"","overlay-type":"","overlay-color":"","overlay-opacity":"","overlay-gradient":""},"tablet":{"background-color":"var(--ast-global-color-5)","background-image":"","background-repeat":"repeat","background-position":"center center","background-size":"auto","background-attachment":"scroll","background-type":"","background-media":"","overlay-type":"","overlay-color":"","overlay-opacity":"","overlay-gradient":""},"mobile":{"background-color":"var(--ast-global-color-5)","background-image":"","background-repeat":"repeat","background-position":"center center","background-size":"auto","background-attachment":"scroll","background-type":"","background-media":"","overlay-type":"","overlay-color":"","overlay-opacity":"","overlay-gradient":""}},"iawp_total_views":4},"product_brand":[],"product_cat":[252],"product_tag":[],"class_list":{"0":"post-15716","1":"product","2":"type-product","3":"status-publish","4":"has-post-thumbnail","6":"product_cat-bulk-cables","7":"desktop-align-left","8":"tablet-align-left","9":"mobile-align-left","11":"first","12":"instock","13":"shipping-taxable","14":"purchasable","15":"product-type-simple"},"acf":[],"_links":{"self":[{"href":"https:\/\/www.fjpremium.com\/pt\/wp-json\/wp\/v2\/product\/15716","targetHints":{"allow":["GET"]}}],"collection":[{"href":"https:\/\/www.fjpremium.com\/pt\/wp-json\/wp\/v2\/product"}],"about":[{"href":"https:\/\/www.fjpremium.com\/pt\/wp-json\/wp\/v2\/types\/product"}],"wp:featuredmedia":[{"embeddable":true,"href":"https:\/\/www.fjpremium.com\/pt\/wp-json\/wp\/v2\/media\/15758"}],"wp:attachment":[{"href":"https:\/\/www.fjpremium.com\/pt\/wp-json\/wp\/v2\/media?parent=15716"}],"wp:term":[{"taxonomy":"product_brand","embeddable":true,"href":"https:\/\/www.fjpremium.com\/pt\/wp-json\/wp\/v2\/product_brand?post=15716"},{"taxonomy":"product_cat","embeddable":true,"href":"https:\/\/www.fjpremium.com\/pt\/wp-json\/wp\/v2\/product_cat?post=15716"},{"taxonomy":"product_tag","embeddable":true,"href":"https:\/\/www.fjpremium.com\/pt\/wp-json\/wp\/v2\/product_tag?post=15716"}],"curies":[{"name":"wp","href":"https:\/\/api.w.org\/{rel}","templated":true}]}}