{"id":15715,"date":"2020-08-11T13:27:00","date_gmt":"2020-08-11T05:27:00","guid":{"rendered":"https:\/\/www.fjpremium.com\/?post_type=product&#038;p=15715"},"modified":"2023-12-14T13:53:41","modified_gmt":"2023-12-14T05:53:41","slug":"farsince-4k-high-quality-2m-android-mobile-phone-to-hdtv-adapter-cable-hdmi-mirroring-cable-connect-phone-and-tv","status":"publish","type":"product","link":"https:\/\/www.fjpremium.com\/pt\/product\/farsince-4k-high-quality-2m-android-mobile-phone-to-hdtv-adapter-cable-hdmi-mirroring-cable-connect-phone-and-tv\/","title":{"rendered":"Cabo adaptador de telem\u00f3vel Android para HDTV 4K de alta qualidade 2m Cabo HDMI para Android para TV"},"content":{"rendered":"<div>\n<div data-section=\"AliMagic-45gq4l\" data-section-title=\"Product Description\" data-spm-anchor-id=\"a2700.wholesale.pronpeci14.i0.5b1d4d3c2Ntw9a\">\n<p>Concebido para ligar o seu dispositivo Android \u00e0 grandiosidade da HDTV, este cabo adaptador garante a excel\u00eancia 4K em cada fotograma.<\/p>\n<p>Encarna a eleg\u00e2ncia e a efici\u00eancia com um di\u00e2metro exterior de 7,0 mm, um elegante revestimento de PVC preto ou prateado e conectores dourados brilhantes.<\/p>\n<p>A conetividade macho-f\u00eamea e a constru\u00e7\u00e3o n\u00e3o blindada garantem sempre uma liga\u00e7\u00e3o sem falhas. E pode desfrutar de espelhamento com suporte de carregamento, proporcionando entretenimento cont\u00ednuo sem interrup\u00e7\u00f5es.<\/p>\n<p>Com a funcionalidade plug-and-play sem esfor\u00e7o e a atualiza\u00e7\u00e3o autom\u00e1tica de firmware (OTA), o cabo HDMI para Android para TV est\u00e1 sempre pronto para funcionar com dispositivos com iOS 9 ou Android 4.4 e superior.<\/p>\n<p>Al\u00e9m disso, possui aprova\u00e7\u00e3o CE, FCC e RoHS e uma garantia fi\u00e1vel de 2 anos. Por isso, contacte-nos hoje mesmo e encomende-o.<\/p>\n<\/div>\n<\/div>","protected":false},"excerpt":{"rendered":"<p title=\"FARSINCE 4K de alta qualidade 2m telem\u00f3vel android para cabo adaptador hdtv cabo de espelhamento hdmi ligar telefone e tv\" data-spm-anchor-id=\"a2700.wholesale.maonnacta.i0.25806875dU9tHN\">Explore o brilho 4K com o cabo HDMI de 2 m de alta qualidade para Android para TV, com um acabamento preto e prateado, conectores dourados, macho-f\u00eamea, plug and play e espelhamento com carregamento.<\/p>","protected":false},"featured_media":15749,"template":"","meta":{"_acf_changed":false,"_seopress_robots_primary_cat":"","_seopress_titles_title":"Best HDMI Cable for Android to TV - Farsince","_seopress_titles_desc":"Explore 4K brilliance with the HDMI cable for Android to TV, featuring a black and silver finish, gold connectors, male-female, and mirroring with charging.","_seopress_robots_index":"","site-sidebar-layout":"default","site-content-layout":"default","ast-site-content-layout":"default","site-content-style":"default","site-sidebar-style":"default","ast-global-header-display":"","ast-banner-title-visibility":"","ast-main-header-display":"","ast-hfb-above-header-display":"","ast-hfb-below-header-display":"","ast-hfb-mobile-header-display":"","site-post-title":"","ast-breadcrumbs-content":"","ast-featured-img":"","footer-sml-layout":"","ast-disable-related-posts":"","theme-transparent-header-meta":"default","adv-header-id-meta":"","stick-header-meta":"","header-above-stick-meta":"","header-main-stick-meta":"","header-below-stick-meta":"","astra-migrate-meta-layouts":"set","ast-page-background-enabled":"default","ast-page-background-meta":{"desktop":{"background-color":"","background-image":"","background-repeat":"repeat","background-position":"center center","background-size":"auto","background-attachment":"scroll","background-type":"","background-media":"","overlay-type":"","overlay-color":"","overlay-opacity":"","overlay-gradient":""},"tablet":{"background-color":"","background-image":"","background-repeat":"repeat","background-position":"center center","background-size":"auto","background-attachment":"scroll","background-type":"","background-media":"","overlay-type":"","overlay-color":"","overlay-opacity":"","overlay-gradient":""},"mobile":{"background-color":"","background-image":"","background-repeat":"repeat","background-position":"center center","background-size":"auto","background-attachment":"scroll","background-type":"","background-media":"","overlay-type":"","overlay-color":"","overlay-opacity":"","overlay-gradient":""}},"ast-content-background-meta":{"desktop":{"background-color":"var(--ast-global-color-5)","background-image":"","background-repeat":"repeat","background-position":"center center","background-size":"auto","background-attachment":"scroll","background-type":"","background-media":"","overlay-type":"","overlay-color":"","overlay-opacity":"","overlay-gradient":""},"tablet":{"background-color":"var(--ast-global-color-5)","background-image":"","background-repeat":"repeat","background-position":"center center","background-size":"auto","background-attachment":"scroll","background-type":"","background-media":"","overlay-type":"","overlay-color":"","overlay-opacity":"","overlay-gradient":""},"mobile":{"background-color":"var(--ast-global-color-5)","background-image":"","background-repeat":"repeat","background-position":"center center","background-size":"auto","background-attachment":"scroll","background-type":"","background-media":"","overlay-type":"","overlay-color":"","overlay-opacity":"","overlay-gradient":""}},"iawp_total_views":12},"product_brand":[],"product_cat":[252],"product_tag":[],"class_list":{"0":"post-15715","1":"product","2":"type-product","3":"status-publish","4":"has-post-thumbnail","6":"product_cat-bulk-cables","7":"desktop-align-left","8":"tablet-align-left","9":"mobile-align-left","11":"first","12":"instock","13":"shipping-taxable","14":"purchasable","15":"product-type-simple"},"acf":[],"_links":{"self":[{"href":"https:\/\/www.fjpremium.com\/pt\/wp-json\/wp\/v2\/product\/15715","targetHints":{"allow":["GET"]}}],"collection":[{"href":"https:\/\/www.fjpremium.com\/pt\/wp-json\/wp\/v2\/product"}],"about":[{"href":"https:\/\/www.fjpremium.com\/pt\/wp-json\/wp\/v2\/types\/product"}],"wp:featuredmedia":[{"embeddable":true,"href":"https:\/\/www.fjpremium.com\/pt\/wp-json\/wp\/v2\/media\/15749"}],"wp:attachment":[{"href":"https:\/\/www.fjpremium.com\/pt\/wp-json\/wp\/v2\/media?parent=15715"}],"wp:term":[{"taxonomy":"product_brand","embeddable":true,"href":"https:\/\/www.fjpremium.com\/pt\/wp-json\/wp\/v2\/product_brand?post=15715"},{"taxonomy":"product_cat","embeddable":true,"href":"https:\/\/www.fjpremium.com\/pt\/wp-json\/wp\/v2\/product_cat?post=15715"},{"taxonomy":"product_tag","embeddable":true,"href":"https:\/\/www.fjpremium.com\/pt\/wp-json\/wp\/v2\/product_tag?post=15715"}],"curies":[{"name":"wp","href":"https:\/\/api.w.org\/{rel}","templated":true}]}}