{"id":15714,"date":"2020-08-11T13:26:59","date_gmt":"2020-08-11T05:26:59","guid":{"rendered":"https:\/\/www.fjpremium.com\/?post_type=product&#038;p=15714"},"modified":"2023-12-14T13:53:41","modified_gmt":"2023-12-14T05:53:41","slug":"farsince-2m-smart-mobile-phone-to-hdtv-hdmi-mirroring-adapter-cable-connect-android-to-phone-and-tv-cable","status":"publish","type":"product","link":"https:\/\/www.fjpremium.com\/pt\/product\/farsince-2m-smart-mobile-phone-to-hdtv-hdmi-mirroring-adapter-cable-connect-android-to-phone-and-tv-cable\/","title":{"rendered":"FARSINCE Cabo adaptador de espelhamento HDMI para telem\u00f3vel inteligente de 2 m para HDTV Cabo HDMI para Android TV"},"content":{"rendered":"<div>\n<div data-section=\"AliMagic-45gq4l\" data-section-title=\"Product Description\" data-spm-anchor-id=\"a2700.wholesale.pronpeci14.i0.5b1d4d3c2Ntw9a\">\n<p>Especificamente concebido para as modernas Android TVs, o nosso cabo de 2 m utiliza a mais recente interface USB 3.1 Tipo-C, garantindo uma impressionante taxa de transfer\u00eancia de dados de at\u00e9 10 Gbps.<\/p>\n<p>Oferece robustez e fiabilidade com um di\u00e2metro exterior de 7,0 mm e \u00e9 blindado com uma tran\u00e7a. Al\u00e9m disso, envolto num inv\u00f3lucro de ABS colorido, o seu design moderno e topo de gama ir\u00e1 certamente chamar a sua aten\u00e7\u00e3o.<\/p>\n<p>Os conectores dourados e o revestimento em PVC vermelho, cinzento ou preto conferem a este cabo HDMI para Android TV um aspeto de qualidade superior que complementa a sua excelente funcionalidade.<\/p>\n<p>Compat\u00edvel com dispositivos HDMI externos, como monitores, projectores e televisores, \u00e9 fornecido com aprova\u00e7\u00e3o CE, FCC, RoHS e uma garantia de 2 anos. Por conseguinte, contacte-nos hoje mesmo e invista nele.<\/p>\n<\/div>\n<\/div>","protected":false},"excerpt":{"rendered":"<p>Apresentamos o cabo HDMI para Android TV FARSINCE de 2 m, com interface USB 3.1 Type-C, transfer\u00eancia de dados a 10 Gbps e compatibilidade com dispositivos HDMI.<\/p>","protected":false},"featured_media":15741,"template":"","meta":{"_acf_changed":false,"_seopress_robots_primary_cat":"","_seopress_titles_title":"Best Android TV HDMI Cable - Farsince","_seopress_titles_desc":"","_seopress_robots_index":"","site-sidebar-layout":"default","site-content-layout":"default","ast-site-content-layout":"default","site-content-style":"default","site-sidebar-style":"default","ast-global-header-display":"","ast-banner-title-visibility":"","ast-main-header-display":"","ast-hfb-above-header-display":"","ast-hfb-below-header-display":"","ast-hfb-mobile-header-display":"","site-post-title":"","ast-breadcrumbs-content":"","ast-featured-img":"","footer-sml-layout":"","ast-disable-related-posts":"","theme-transparent-header-meta":"default","adv-header-id-meta":"","stick-header-meta":"","header-above-stick-meta":"","header-main-stick-meta":"","header-below-stick-meta":"","astra-migrate-meta-layouts":"set","ast-page-background-enabled":"default","ast-page-background-meta":{"desktop":{"background-color":"","background-image":"","background-repeat":"repeat","background-position":"center center","background-size":"auto","background-attachment":"scroll","background-type":"","background-media":"","overlay-type":"","overlay-color":"","overlay-opacity":"","overlay-gradient":""},"tablet":{"background-color":"","background-image":"","background-repeat":"repeat","background-position":"center center","background-size":"auto","background-attachment":"scroll","background-type":"","background-media":"","overlay-type":"","overlay-color":"","overlay-opacity":"","overlay-gradient":""},"mobile":{"background-color":"","background-image":"","background-repeat":"repeat","background-position":"center center","background-size":"auto","background-attachment":"scroll","background-type":"","background-media":"","overlay-type":"","overlay-color":"","overlay-opacity":"","overlay-gradient":""}},"ast-content-background-meta":{"desktop":{"background-color":"var(--ast-global-color-5)","background-image":"","background-repeat":"repeat","background-position":"center center","background-size":"auto","background-attachment":"scroll","background-type":"","background-media":"","overlay-type":"","overlay-color":"","overlay-opacity":"","overlay-gradient":""},"tablet":{"background-color":"var(--ast-global-color-5)","background-image":"","background-repeat":"repeat","background-position":"center center","background-size":"auto","background-attachment":"scroll","background-type":"","background-media":"","overlay-type":"","overlay-color":"","overlay-opacity":"","overlay-gradient":""},"mobile":{"background-color":"var(--ast-global-color-5)","background-image":"","background-repeat":"repeat","background-position":"center center","background-size":"auto","background-attachment":"scroll","background-type":"","background-media":"","overlay-type":"","overlay-color":"","overlay-opacity":"","overlay-gradient":""}},"iawp_total_views":13},"product_brand":[],"product_cat":[252],"product_tag":[],"class_list":{"0":"post-15714","1":"product","2":"type-product","3":"status-publish","4":"has-post-thumbnail","6":"product_cat-bulk-cables","7":"desktop-align-left","8":"tablet-align-left","9":"mobile-align-left","11":"first","12":"instock","13":"shipping-taxable","14":"purchasable","15":"product-type-simple"},"acf":[],"_links":{"self":[{"href":"https:\/\/www.fjpremium.com\/pt\/wp-json\/wp\/v2\/product\/15714","targetHints":{"allow":["GET"]}}],"collection":[{"href":"https:\/\/www.fjpremium.com\/pt\/wp-json\/wp\/v2\/product"}],"about":[{"href":"https:\/\/www.fjpremium.com\/pt\/wp-json\/wp\/v2\/types\/product"}],"wp:featuredmedia":[{"embeddable":true,"href":"https:\/\/www.fjpremium.com\/pt\/wp-json\/wp\/v2\/media\/15741"}],"wp:attachment":[{"href":"https:\/\/www.fjpremium.com\/pt\/wp-json\/wp\/v2\/media?parent=15714"}],"wp:term":[{"taxonomy":"product_brand","embeddable":true,"href":"https:\/\/www.fjpremium.com\/pt\/wp-json\/wp\/v2\/product_brand?post=15714"},{"taxonomy":"product_cat","embeddable":true,"href":"https:\/\/www.fjpremium.com\/pt\/wp-json\/wp\/v2\/product_cat?post=15714"},{"taxonomy":"product_tag","embeddable":true,"href":"https:\/\/www.fjpremium.com\/pt\/wp-json\/wp\/v2\/product_tag?post=15714"}],"curies":[{"name":"wp","href":"https:\/\/api.w.org\/{rel}","templated":true}]}}