{"id":15713,"date":"2020-08-11T13:26:58","date_gmt":"2020-08-11T05:26:58","guid":{"rendered":"https:\/\/www.fjpremium.com\/?post_type=product&#038;p=15713"},"modified":"2023-12-14T13:53:42","modified_gmt":"2023-12-14T05:53:42","slug":"farsince-4k-usb-3-1-usb-c-type-c-phon-to-hdmi-screen-mirroring-cable-hdtv-adapter-connect-mobile-phone-to-tv-cable","status":"publish","type":"product","link":"https:\/\/www.fjpremium.com\/pt\/product\/farsince-4k-usb-3-1-usb-c-type-c-phon-to-hdmi-screen-mirroring-cable-hdtv-adapter-connect-mobile-phone-to-tv-cable\/","title":{"rendered":"FARSINCE Cabo HDMI 4K Telefone para TV Adaptador tipo C Conectar"},"content":{"rendered":"<div>\n<div data-section=\"AliMagic-45gq4l\" data-section-title=\"Product Description\" data-spm-anchor-id=\"a2700.wholesale.pronpeci14.i0.5b1d4d3c2Ntw9a\">\n<p>O nosso cabo de 1,8 m foi concebido para ligar facilmente o seu telem\u00f3vel, tablet ou computador a um televisor HD. Com um impressionante di\u00e2metro exterior de 7,0 mm, conectores dourados e blindagem de folha met\u00e1lica, est\u00e1 alojado num robusto revestimento de PVC dispon\u00edvel em cinzento, vermelho ou preto.<\/p>\n<p>Tamb\u00e9m converte perfeitamente \u00e1udio, v\u00eddeo e imagens em sinais digitais HD, suportando resolu\u00e7\u00f5es de 480P a 4K\u00d72K.<\/p>\n<p>Quer seja para aumentar o seu espa\u00e7o de trabalho em casa ou para desfrutar de entretenimento visual, a funcionalidade plug-and-play torna-o surpreendentemente f\u00e1cil de utilizar.<\/p>\n<p>Compat\u00edvel com o macOS 10.11 a 10.14 e o Windows 10, este cabo HDMI de telefone para TV Tipo C destina-se ao p\u00fablico moderno e conhecedor de tecnologia.<\/p>\n<p>Al\u00e9m disso, com uma garantia de 2 anos, \u00e9 apresentado numa caixa de cor apelativa. Por isso, contacte-nos hoje mesmo e adicione-o ao seu invent\u00e1rio.<\/p>\n<\/div>\n<\/div>","protected":false},"excerpt":{"rendered":"<p title=\"Farsince 4k usb 3.1 USB-C tipo c phon para hdmi cabo de espelhamento de tela adaptador hdtv conectar telefone celular ao cabo de tv\" data-spm-anchor-id=\"a2700.wholesale.maonnacta.i0.47684431necU82\">Apresentando a conex\u00e3o do adaptador de telefone com cabo HDMI FARSINCE 4K para TV tipo C, proporcionando prazer visual e de \u00e1udio incompar\u00e1vel, ideal para escrit\u00f3rio dom\u00e9stico, entretenimento ou multitarefa.<\/p>","protected":false},"featured_media":15774,"template":"","meta":{"_acf_changed":false,"_seopress_robots_primary_cat":"","_seopress_titles_title":"Best HDMI Cable Phone to TV Type C Adapter Connect - Farsince","_seopress_titles_desc":"Unveiling FARSINCE 4K HDMI cable phone to TV Type C adapter connect, delivering unparalleled audio and visual pleasure, ideal for home office.","_seopress_robots_index":"","site-sidebar-layout":"default","site-content-layout":"default","ast-site-content-layout":"default","site-content-style":"default","site-sidebar-style":"default","ast-global-header-display":"","ast-banner-title-visibility":"","ast-main-header-display":"","ast-hfb-above-header-display":"","ast-hfb-below-header-display":"","ast-hfb-mobile-header-display":"","site-post-title":"","ast-breadcrumbs-content":"","ast-featured-img":"","footer-sml-layout":"","ast-disable-related-posts":"","theme-transparent-header-meta":"default","adv-header-id-meta":"","stick-header-meta":"","header-above-stick-meta":"","header-main-stick-meta":"","header-below-stick-meta":"","astra-migrate-meta-layouts":"set","ast-page-background-enabled":"default","ast-page-background-meta":{"desktop":{"background-color":"","background-image":"","background-repeat":"repeat","background-position":"center center","background-size":"auto","background-attachment":"scroll","background-type":"","background-media":"","overlay-type":"","overlay-color":"","overlay-opacity":"","overlay-gradient":""},"tablet":{"background-color":"","background-image":"","background-repeat":"repeat","background-position":"center center","background-size":"auto","background-attachment":"scroll","background-type":"","background-media":"","overlay-type":"","overlay-color":"","overlay-opacity":"","overlay-gradient":""},"mobile":{"background-color":"","background-image":"","background-repeat":"repeat","background-position":"center center","background-size":"auto","background-attachment":"scroll","background-type":"","background-media":"","overlay-type":"","overlay-color":"","overlay-opacity":"","overlay-gradient":""}},"ast-content-background-meta":{"desktop":{"background-color":"var(--ast-global-color-5)","background-image":"","background-repeat":"repeat","background-position":"center center","background-size":"auto","background-attachment":"scroll","background-type":"","background-media":"","overlay-type":"","overlay-color":"","overlay-opacity":"","overlay-gradient":""},"tablet":{"background-color":"var(--ast-global-color-5)","background-image":"","background-repeat":"repeat","background-position":"center center","background-size":"auto","background-attachment":"scroll","background-type":"","background-media":"","overlay-type":"","overlay-color":"","overlay-opacity":"","overlay-gradient":""},"mobile":{"background-color":"var(--ast-global-color-5)","background-image":"","background-repeat":"repeat","background-position":"center center","background-size":"auto","background-attachment":"scroll","background-type":"","background-media":"","overlay-type":"","overlay-color":"","overlay-opacity":"","overlay-gradient":""}},"iawp_total_views":12},"product_brand":[],"product_cat":[252],"product_tag":[],"class_list":{"0":"post-15713","1":"product","2":"type-product","3":"status-publish","4":"has-post-thumbnail","6":"product_cat-bulk-cables","7":"desktop-align-left","8":"tablet-align-left","9":"mobile-align-left","11":"first","12":"instock","13":"shipping-taxable","14":"purchasable","15":"product-type-simple"},"acf":[],"_links":{"self":[{"href":"https:\/\/www.fjpremium.com\/pt\/wp-json\/wp\/v2\/product\/15713","targetHints":{"allow":["GET"]}}],"collection":[{"href":"https:\/\/www.fjpremium.com\/pt\/wp-json\/wp\/v2\/product"}],"about":[{"href":"https:\/\/www.fjpremium.com\/pt\/wp-json\/wp\/v2\/types\/product"}],"wp:featuredmedia":[{"embeddable":true,"href":"https:\/\/www.fjpremium.com\/pt\/wp-json\/wp\/v2\/media\/15774"}],"wp:attachment":[{"href":"https:\/\/www.fjpremium.com\/pt\/wp-json\/wp\/v2\/media?parent=15713"}],"wp:term":[{"taxonomy":"product_brand","embeddable":true,"href":"https:\/\/www.fjpremium.com\/pt\/wp-json\/wp\/v2\/product_brand?post=15713"},{"taxonomy":"product_cat","embeddable":true,"href":"https:\/\/www.fjpremium.com\/pt\/wp-json\/wp\/v2\/product_cat?post=15713"},{"taxonomy":"product_tag","embeddable":true,"href":"https:\/\/www.fjpremium.com\/pt\/wp-json\/wp\/v2\/product_tag?post=15713"}],"curies":[{"name":"wp","href":"https:\/\/api.w.org\/{rel}","templated":true}]}}