{"id":15712,"date":"2020-08-11T13:26:57","date_gmt":"2020-08-11T05:26:57","guid":{"rendered":"https:\/\/www.fjpremium.com\/?post_type=product&#038;p=15712"},"modified":"2023-12-14T13:53:43","modified_gmt":"2023-12-14T05:53:43","slug":"farsince-video-adapter-for-8pin-lightning-port-to-tv-hdmi-4k-video-digital-av-cable-adapter-converter-for-ios-phone-6-7-8-pl","status":"publish","type":"product","link":"https:\/\/www.fjpremium.com\/pt\/product\/farsince-video-adapter-for-8pin-lightning-port-to-tv-hdmi-4k-video-digital-av-cable-adapter-converter-for-ios-phone-6-7-8-pl\/","title":{"rendered":"Adaptador de v\u00eddeo FARSINCE para adaptador AV digital de 8 pinos para HDMI para IOS Phone 6 7 8 Pl"},"content":{"rendered":"<div>\n<div data-section=\"AliMagic-45gq4l\" data-section-title=\"Product Description\" data-spm-anchor-id=\"a2700.wholesale.pronpeci14.i0.5b1d4d3c2Ntw9a\">\n<p>Fabricado na perfei\u00e7\u00e3o, o adaptador revestido a PVC branco ou preto oferece uma liga\u00e7\u00e3o extremamente r\u00e1pida do seu telem\u00f3vel iOS 6, 7, 8 ou Plus a qualquer ecr\u00e3 compat\u00edvel com HDMI.<\/p>\n<p>Com um comprimento modesto de 15 cm, conectores dourados e blindagem de tran\u00e7a sofisticada, n\u00e3o \u00e9 apenas uma beleza, mas tamb\u00e9m um desempenho robusto.<\/p>\n<p>Al\u00e9m disso, poder\u00e1 ver as suas apresenta\u00e7\u00f5es, s\u00edtios Web e muito mais com uma impressionante qualidade HD de 1080p sem demora.<\/p>\n<p>A funcionalidade \"plug-and-play\" do nosso adaptador AV digital lightning para HDMI facilita a liga\u00e7\u00e3o a televisores, projectores ou ecr\u00e3s.<\/p>\n<p>Embrulhado numa caixa de cor elegante e apoiado por uma garantia de 2 anos, est\u00e1 em conformidade com a CE, FCC e RoHS. Por isso, contacte-nos hoje mesmo e adicione-o ao seu invent\u00e1rio.<\/p>\n<\/div>\n<\/div>","protected":false},"excerpt":{"rendered":"<p title=\"Farsince adaptador de v\u00eddeo para 8pin porta rel\u00e2mpago para tv hdmi 4k v\u00eddeo digital av cabo adaptador conversor para ios telefone 6 7 8 pl\" data-spm-anchor-id=\"a2700.wholesale.maonnacta.i0.7dcb30aawmda1l\">Eleve o n\u00edvel de visualiza\u00e7\u00e3o com o adaptador digital AV para HDMI FARSINCE lightning para IOS Phone 6 7 8 Plus, equipado com uma garantia de 2 anos, dispon\u00edvel em branco e preto.<\/p>","protected":false},"featured_media":15725,"template":"","meta":{"_acf_changed":false,"_seopress_robots_primary_cat":"","_seopress_titles_title":"Best Lightning Digital AV To HDMI Adapter - Farsince","_seopress_titles_desc":"","_seopress_robots_index":"","site-sidebar-layout":"default","site-content-layout":"default","ast-site-content-layout":"default","site-content-style":"default","site-sidebar-style":"default","ast-global-header-display":"","ast-banner-title-visibility":"","ast-main-header-display":"","ast-hfb-above-header-display":"","ast-hfb-below-header-display":"","ast-hfb-mobile-header-display":"","site-post-title":"","ast-breadcrumbs-content":"","ast-featured-img":"","footer-sml-layout":"","ast-disable-related-posts":"","theme-transparent-header-meta":"default","adv-header-id-meta":"","stick-header-meta":"","header-above-stick-meta":"","header-main-stick-meta":"","header-below-stick-meta":"","astra-migrate-meta-layouts":"set","ast-page-background-enabled":"default","ast-page-background-meta":{"desktop":{"background-color":"","background-image":"","background-repeat":"repeat","background-position":"center center","background-size":"auto","background-attachment":"scroll","background-type":"","background-media":"","overlay-type":"","overlay-color":"","overlay-opacity":"","overlay-gradient":""},"tablet":{"background-color":"","background-image":"","background-repeat":"repeat","background-position":"center center","background-size":"auto","background-attachment":"scroll","background-type":"","background-media":"","overlay-type":"","overlay-color":"","overlay-opacity":"","overlay-gradient":""},"mobile":{"background-color":"","background-image":"","background-repeat":"repeat","background-position":"center center","background-size":"auto","background-attachment":"scroll","background-type":"","background-media":"","overlay-type":"","overlay-color":"","overlay-opacity":"","overlay-gradient":""}},"ast-content-background-meta":{"desktop":{"background-color":"var(--ast-global-color-5)","background-image":"","background-repeat":"repeat","background-position":"center center","background-size":"auto","background-attachment":"scroll","background-type":"","background-media":"","overlay-type":"","overlay-color":"","overlay-opacity":"","overlay-gradient":""},"tablet":{"background-color":"var(--ast-global-color-5)","background-image":"","background-repeat":"repeat","background-position":"center center","background-size":"auto","background-attachment":"scroll","background-type":"","background-media":"","overlay-type":"","overlay-color":"","overlay-opacity":"","overlay-gradient":""},"mobile":{"background-color":"var(--ast-global-color-5)","background-image":"","background-repeat":"repeat","background-position":"center center","background-size":"auto","background-attachment":"scroll","background-type":"","background-media":"","overlay-type":"","overlay-color":"","overlay-opacity":"","overlay-gradient":""}},"iawp_total_views":8},"product_brand":[],"product_cat":[252],"product_tag":[],"class_list":{"0":"post-15712","1":"product","2":"type-product","3":"status-publish","4":"has-post-thumbnail","6":"product_cat-bulk-cables","7":"desktop-align-left","8":"tablet-align-left","9":"mobile-align-left","11":"first","12":"instock","13":"shipping-taxable","14":"purchasable","15":"product-type-simple"},"acf":[],"_links":{"self":[{"href":"https:\/\/www.fjpremium.com\/pt\/wp-json\/wp\/v2\/product\/15712","targetHints":{"allow":["GET"]}}],"collection":[{"href":"https:\/\/www.fjpremium.com\/pt\/wp-json\/wp\/v2\/product"}],"about":[{"href":"https:\/\/www.fjpremium.com\/pt\/wp-json\/wp\/v2\/types\/product"}],"wp:featuredmedia":[{"embeddable":true,"href":"https:\/\/www.fjpremium.com\/pt\/wp-json\/wp\/v2\/media\/15725"}],"wp:attachment":[{"href":"https:\/\/www.fjpremium.com\/pt\/wp-json\/wp\/v2\/media?parent=15712"}],"wp:term":[{"taxonomy":"product_brand","embeddable":true,"href":"https:\/\/www.fjpremium.com\/pt\/wp-json\/wp\/v2\/product_brand?post=15712"},{"taxonomy":"product_cat","embeddable":true,"href":"https:\/\/www.fjpremium.com\/pt\/wp-json\/wp\/v2\/product_cat?post=15712"},{"taxonomy":"product_tag","embeddable":true,"href":"https:\/\/www.fjpremium.com\/pt\/wp-json\/wp\/v2\/product_tag?post=15712"}],"curies":[{"name":"wp","href":"https:\/\/api.w.org\/{rel}","templated":true}]}}