{"id":15711,"date":"2020-08-11T13:26:56","date_gmt":"2020-08-11T05:26:56","guid":{"rendered":"https:\/\/www.fjpremium.com\/?post_type=product&#038;p=15711"},"modified":"2023-12-14T13:53:43","modified_gmt":"2023-12-14T05:53:43","slug":"farsince-8-pin-ios-phone-to-hdmi-hdtv-screen-mirroring-cable-connect-phone-to-tv-plug-and-play","status":"publish","type":"product","link":"https:\/\/www.fjpremium.com\/pt\/product\/farsince-8-pin-ios-phone-to-hdmi-hdtv-screen-mirroring-cable-connect-phone-to-tv-plug-and-play\/","title":{"rendered":"FARSINCE 8 pinos Telefone IOS para HDMI HDTV Screen Mirroring Telefone para TV Cabo de liga\u00e7\u00e3o Plug and Play"},"content":{"rendered":"<div>\n<div data-section=\"AliMagic-45gq4l\" data-section-title=\"Product Description\" data-spm-anchor-id=\"a2700.wholesale.pronpeci14.i0.5b1d4d3c2Ntw9a\">\n<p>Fabricado com cobre nu de alta qualidade e condutor niquelado, o nosso cabo promete uma liga\u00e7\u00e3o est\u00e1vel e uma condutividade superior.<\/p>\n<p>A sua funcionalidade \u00fanica plug-and-play assegura uma configura\u00e7\u00e3o sem problemas, eliminando a necessidade de controladores.<\/p>\n<p>E pode desfrutar de imagens Full HD 1080p no seu televisor, complementadas por um canal surround 7.1 ressonante e transmiss\u00e3o de \u00e1udio a 192 kHz.<\/p>\n<p>Com 2 m de comprimento, este cabo de liga\u00e7\u00e3o do telefone \u00e0 TV oferece uma flexibilidade \u00f3ptima no seu espa\u00e7o. O seu impressionante revestimento em PVC vermelho confere um toque de sofistica\u00e7\u00e3o ao seu equipamento tecnol\u00f3gico.<\/p>\n<p>Al\u00e9m disso, ficar\u00e1 descansado com a nossa garantia de 2 anos e a garantia das aprova\u00e7\u00f5es HDMI ATC, ROHS e REACH.<\/p>\n<p>Em suma, contacte-nos hoje mesmo e invista nele.<\/p>\n<\/div>\n<\/div>","protected":false},"excerpt":{"rendered":"<p title=\"FARSINCE telefone IOS de 8 pinos para cabo de espelhamento de tela HDMI hdtv conecta telefone \u00e0 tv plug and play\" data-spm-anchor-id=\"a2700.wholesale.maonnacta.i0.5d6050b9htuZ1P\">Melhore a experi\u00eancia visual com o cabo de liga\u00e7\u00e3o entre o telefone ios de 8 pinos da Farsince e o cabo de liga\u00e7\u00e3o HDMI HDTV para espelhar o ecr\u00e3 do telefone para a TV, que promete um \u00e1udio envolvente e de alta qualidade.<\/p>","protected":false},"featured_media":15718,"template":"","meta":{"_acf_changed":false,"_seopress_robots_primary_cat":"","_seopress_titles_title":"Phone to TV Connect Cable Plug and Play - Farsince","_seopress_titles_desc":"","_seopress_robots_index":"","site-sidebar-layout":"default","site-content-layout":"default","ast-site-content-layout":"default","site-content-style":"default","site-sidebar-style":"default","ast-global-header-display":"","ast-banner-title-visibility":"","ast-main-header-display":"","ast-hfb-above-header-display":"","ast-hfb-below-header-display":"","ast-hfb-mobile-header-display":"","site-post-title":"","ast-breadcrumbs-content":"","ast-featured-img":"","footer-sml-layout":"","ast-disable-related-posts":"","theme-transparent-header-meta":"default","adv-header-id-meta":"","stick-header-meta":"","header-above-stick-meta":"","header-main-stick-meta":"","header-below-stick-meta":"","astra-migrate-meta-layouts":"set","ast-page-background-enabled":"default","ast-page-background-meta":{"desktop":{"background-color":"","background-image":"","background-repeat":"repeat","background-position":"center center","background-size":"auto","background-attachment":"scroll","background-type":"","background-media":"","overlay-type":"","overlay-color":"","overlay-opacity":"","overlay-gradient":""},"tablet":{"background-color":"","background-image":"","background-repeat":"repeat","background-position":"center center","background-size":"auto","background-attachment":"scroll","background-type":"","background-media":"","overlay-type":"","overlay-color":"","overlay-opacity":"","overlay-gradient":""},"mobile":{"background-color":"","background-image":"","background-repeat":"repeat","background-position":"center center","background-size":"auto","background-attachment":"scroll","background-type":"","background-media":"","overlay-type":"","overlay-color":"","overlay-opacity":"","overlay-gradient":""}},"ast-content-background-meta":{"desktop":{"background-color":"var(--ast-global-color-5)","background-image":"","background-repeat":"repeat","background-position":"center center","background-size":"auto","background-attachment":"scroll","background-type":"","background-media":"","overlay-type":"","overlay-color":"","overlay-opacity":"","overlay-gradient":""},"tablet":{"background-color":"var(--ast-global-color-5)","background-image":"","background-repeat":"repeat","background-position":"center center","background-size":"auto","background-attachment":"scroll","background-type":"","background-media":"","overlay-type":"","overlay-color":"","overlay-opacity":"","overlay-gradient":""},"mobile":{"background-color":"var(--ast-global-color-5)","background-image":"","background-repeat":"repeat","background-position":"center center","background-size":"auto","background-attachment":"scroll","background-type":"","background-media":"","overlay-type":"","overlay-color":"","overlay-opacity":"","overlay-gradient":""}},"iawp_total_views":5},"product_brand":[],"product_cat":[252],"product_tag":[],"class_list":{"0":"post-15711","1":"product","2":"type-product","3":"status-publish","4":"has-post-thumbnail","6":"product_cat-bulk-cables","7":"desktop-align-left","8":"tablet-align-left","9":"mobile-align-left","11":"first","12":"instock","13":"shipping-taxable","14":"purchasable","15":"product-type-simple"},"acf":[],"_links":{"self":[{"href":"https:\/\/www.fjpremium.com\/pt\/wp-json\/wp\/v2\/product\/15711","targetHints":{"allow":["GET"]}}],"collection":[{"href":"https:\/\/www.fjpremium.com\/pt\/wp-json\/wp\/v2\/product"}],"about":[{"href":"https:\/\/www.fjpremium.com\/pt\/wp-json\/wp\/v2\/types\/product"}],"wp:featuredmedia":[{"embeddable":true,"href":"https:\/\/www.fjpremium.com\/pt\/wp-json\/wp\/v2\/media\/15718"}],"wp:attachment":[{"href":"https:\/\/www.fjpremium.com\/pt\/wp-json\/wp\/v2\/media?parent=15711"}],"wp:term":[{"taxonomy":"product_brand","embeddable":true,"href":"https:\/\/www.fjpremium.com\/pt\/wp-json\/wp\/v2\/product_brand?post=15711"},{"taxonomy":"product_cat","embeddable":true,"href":"https:\/\/www.fjpremium.com\/pt\/wp-json\/wp\/v2\/product_cat?post=15711"},{"taxonomy":"product_tag","embeddable":true,"href":"https:\/\/www.fjpremium.com\/pt\/wp-json\/wp\/v2\/product_tag?post=15711"}],"curies":[{"name":"wp","href":"https:\/\/api.w.org\/{rel}","templated":true}]}}