{"id":15692,"date":"2020-08-11T13:13:45","date_gmt":"2020-08-11T05:13:45","guid":{"rendered":"https:\/\/www.fjpremium.com\/?post_type=product&#038;p=15692"},"modified":"2023-12-14T13:53:46","modified_gmt":"2023-12-14T05:53:46","slug":"farsince-3-in-1-smart-mobile-phone-to-hdtv-hdmi-mirroring-adapter-cable-micro-type-8pin-connect-to-phone-and-tv-cable","status":"publish","type":"product","link":"https:\/\/www.fjpremium.com\/pt\/product\/farsince-3-in-1-smart-mobile-phone-to-hdtv-hdmi-mirroring-adapter-cable-micro-type-8pin-connect-to-phone-and-tv-cable\/","title":{"rendered":"Cabo adaptador de telem\u00f3vel inteligente 3 em 1, telem\u00f3vel para HD TV Espelhamento HDMI Micro tipo 8 pinos Conectar ao telefone e cabo de TV"},"content":{"rendered":"<p>Com 3 portas distintas, o nosso cabo liga sem esfor\u00e7o os seus telem\u00f3veis Micro USB\/Tipo C, iPhones e outros a ecr\u00e3s equipados com HDMI.<\/p>\n<p>Pode desfrutar de filmes, jogos e imagens no grande ecr\u00e3 com uma impressionante resolu\u00e7\u00e3o de 1080P.<\/p>\n<p>Os conectores dourados e o revestimento robusto em PVC garantem estabilidade e velocidade, enquanto o comprimento de 2M oferece flexibilidade.<\/p>\n<p>Al\u00e9m disso, com a funcionalidade \"plug-and-play\", a configura\u00e7\u00e3o \u00e9 muito f\u00e1cil; n\u00e3o \u00e9 necess\u00e1rio WIFI ou controladores.<\/p>\n<p>Adornado em cinzento, cor-de-rosa ou laranja e com uma garantia de 2 anos, este cabo adaptador para smartphone \u00e9 indispens\u00e1vel para quem procura qualidade e comodidade. Em geral, contacte-nos hoje mesmo e invista nele.<\/p>","protected":false},"excerpt":{"rendered":"<p>Descubra o cabo adaptador 3 em 1 para telem\u00f3veis inteligentes da FARSINCE, com conectores antigos, 2 m de comprimento, resolu\u00e7\u00e3o 1080P e ampla compatibilidade para garantir um espelhamento HD de alto n\u00edvel do telem\u00f3vel para o televisor.<\/p>","protected":false},"featured_media":15693,"template":"","meta":{"_acf_changed":false,"_seopress_robots_primary_cat":"","_seopress_titles_title":"3 in 1 Smart Phone Adapter Cable - Farsince","_seopress_titles_desc":"Discover FARSINCE 3 in 1 smart phone adapter cable, featuring old connectors, 2m length, 1080P resolution, and broad compatibility.","_seopress_robots_index":"","site-sidebar-layout":"default","site-content-layout":"default","ast-site-content-layout":"default","site-content-style":"default","site-sidebar-style":"default","ast-global-header-display":"","ast-banner-title-visibility":"","ast-main-header-display":"","ast-hfb-above-header-display":"","ast-hfb-below-header-display":"","ast-hfb-mobile-header-display":"","site-post-title":"","ast-breadcrumbs-content":"","ast-featured-img":"","footer-sml-layout":"","ast-disable-related-posts":"","theme-transparent-header-meta":"default","adv-header-id-meta":"","stick-header-meta":"","header-above-stick-meta":"","header-main-stick-meta":"","header-below-stick-meta":"","astra-migrate-meta-layouts":"set","ast-page-background-enabled":"default","ast-page-background-meta":{"desktop":{"background-color":"","background-image":"","background-repeat":"repeat","background-position":"center center","background-size":"auto","background-attachment":"scroll","background-type":"","background-media":"","overlay-type":"","overlay-color":"","overlay-opacity":"","overlay-gradient":""},"tablet":{"background-color":"","background-image":"","background-repeat":"repeat","background-position":"center center","background-size":"auto","background-attachment":"scroll","background-type":"","background-media":"","overlay-type":"","overlay-color":"","overlay-opacity":"","overlay-gradient":""},"mobile":{"background-color":"","background-image":"","background-repeat":"repeat","background-position":"center center","background-size":"auto","background-attachment":"scroll","background-type":"","background-media":"","overlay-type":"","overlay-color":"","overlay-opacity":"","overlay-gradient":""}},"ast-content-background-meta":{"desktop":{"background-color":"var(--ast-global-color-5)","background-image":"","background-repeat":"repeat","background-position":"center center","background-size":"auto","background-attachment":"scroll","background-type":"","background-media":"","overlay-type":"","overlay-color":"","overlay-opacity":"","overlay-gradient":""},"tablet":{"background-color":"var(--ast-global-color-5)","background-image":"","background-repeat":"repeat","background-position":"center center","background-size":"auto","background-attachment":"scroll","background-type":"","background-media":"","overlay-type":"","overlay-color":"","overlay-opacity":"","overlay-gradient":""},"mobile":{"background-color":"var(--ast-global-color-5)","background-image":"","background-repeat":"repeat","background-position":"center center","background-size":"auto","background-attachment":"scroll","background-type":"","background-media":"","overlay-type":"","overlay-color":"","overlay-opacity":"","overlay-gradient":""}},"iawp_total_views":10},"product_brand":[],"product_cat":[252],"product_tag":[],"class_list":{"0":"post-15692","1":"product","2":"type-product","3":"status-publish","4":"has-post-thumbnail","6":"product_cat-bulk-cables","7":"desktop-align-left","8":"tablet-align-left","9":"mobile-align-left","11":"first","12":"instock","13":"shipping-taxable","14":"purchasable","15":"product-type-simple"},"acf":[],"_links":{"self":[{"href":"https:\/\/www.fjpremium.com\/pt\/wp-json\/wp\/v2\/product\/15692","targetHints":{"allow":["GET"]}}],"collection":[{"href":"https:\/\/www.fjpremium.com\/pt\/wp-json\/wp\/v2\/product"}],"about":[{"href":"https:\/\/www.fjpremium.com\/pt\/wp-json\/wp\/v2\/types\/product"}],"wp:featuredmedia":[{"embeddable":true,"href":"https:\/\/www.fjpremium.com\/pt\/wp-json\/wp\/v2\/media\/15693"}],"wp:attachment":[{"href":"https:\/\/www.fjpremium.com\/pt\/wp-json\/wp\/v2\/media?parent=15692"}],"wp:term":[{"taxonomy":"product_brand","embeddable":true,"href":"https:\/\/www.fjpremium.com\/pt\/wp-json\/wp\/v2\/product_brand?post=15692"},{"taxonomy":"product_cat","embeddable":true,"href":"https:\/\/www.fjpremium.com\/pt\/wp-json\/wp\/v2\/product_cat?post=15692"},{"taxonomy":"product_tag","embeddable":true,"href":"https:\/\/www.fjpremium.com\/pt\/wp-json\/wp\/v2\/product_tag?post=15692"}],"curies":[{"name":"wp","href":"https:\/\/api.w.org\/{rel}","templated":true}]}}