{"id":15652,"date":"2020-08-06T11:14:28","date_gmt":"2020-08-06T03:14:28","guid":{"rendered":"https:\/\/www.fjpremium.com\/?post_type=product&#038;p=15652"},"modified":"2024-03-12T09:33:27","modified_gmt":"2024-03-12T01:33:27","slug":"farsince-hdmi-4k-male-to-hdmi-female-m3-screw-wall-mount-panel-mount-2-0-extension-cable-female-socket-metal-exposed","status":"publish","type":"product","link":"https:\/\/www.fjpremium.com\/pt\/product\/farsince-hdmi-4k-male-to-hdmi-female-m3-screw-wall-mount-panel-mount-2-0-extension-cable-female-socket-metal-exposed\/","title":{"rendered":"Cabo HDMI 4K macho para extens\u00e3o HDMI f\u00eamea Cabo HDMI f\u00eamea Tomada met\u00e1lica exposta"},"content":{"rendered":"<p>Especialmente concebido para unir dois cabos HDMI atrav\u00e9s de um suporte de painel, o cabo facilita uma liga\u00e7\u00e3o segura do ecr\u00e3 a partir de qualquer fonte.<\/p>\n<p>A sua forma compacta minimiza a perda de sinal, prometendo uma sa\u00edda n\u00edtida e detalhada at\u00e9 4K*2K@50\/60 (2160p).<\/p>\n<p>Constru\u00eddo com condutores de cobre de qualidade e totalmente blindado para resist\u00eancia EMI\/RFI, \u00e9 tamb\u00e9m adornado com conectores banhados a ouro 24-K para uma transfer\u00eancia de sinal superior.<\/p>\n<p>Com um desempenho inigual\u00e1vel, o nosso cabo garante uma largura de banda at\u00e9 18 Gbps, suporte de v\u00eddeo 3D, Deep Color e x.v. Color\u2122.<\/p>\n<p>Al\u00e9m disso, com uma variedade de seis tipos de montagem f\u00eamea para versatilidade nas instala\u00e7\u00f5es, \u00e9 o ep\u00edtome da fiabilidade, apoiado por uma garantia de 2 anos.<\/p>\n<p>Por isso, contacte-nos hoje mesmo e encomende este cabo HDMI de extens\u00e3o.<\/p>","protected":false},"excerpt":{"rendered":"<p>Eleve a sua experi\u00eancia visual com o cabo de extens\u00e3o HDMI da FARSINCE, habilmente projetado para perda m\u00ednima de sinal e resolu\u00e7\u00e3o de v\u00eddeo 4K superior.<\/p>","protected":false},"featured_media":15678,"template":"","meta":{"_acf_changed":false,"_seopress_robots_primary_cat":"","_seopress_titles_title":"Extension HDMI Cable Female Socket Metal Exposed - Farsince","_seopress_titles_desc":"","_seopress_robots_index":"","site-sidebar-layout":"default","site-content-layout":"default","ast-site-content-layout":"default","site-content-style":"default","site-sidebar-style":"default","ast-global-header-display":"","ast-banner-title-visibility":"","ast-main-header-display":"","ast-hfb-above-header-display":"","ast-hfb-below-header-display":"","ast-hfb-mobile-header-display":"","site-post-title":"","ast-breadcrumbs-content":"","ast-featured-img":"","footer-sml-layout":"","ast-disable-related-posts":"","theme-transparent-header-meta":"default","adv-header-id-meta":"","stick-header-meta":"","header-above-stick-meta":"","header-main-stick-meta":"","header-below-stick-meta":"","astra-migrate-meta-layouts":"set","ast-page-background-enabled":"default","ast-page-background-meta":{"desktop":{"background-color":"","background-image":"","background-repeat":"repeat","background-position":"center center","background-size":"auto","background-attachment":"scroll","background-type":"","background-media":"","overlay-type":"","overlay-color":"","overlay-opacity":"","overlay-gradient":""},"tablet":{"background-color":"","background-image":"","background-repeat":"repeat","background-position":"center center","background-size":"auto","background-attachment":"scroll","background-type":"","background-media":"","overlay-type":"","overlay-color":"","overlay-opacity":"","overlay-gradient":""},"mobile":{"background-color":"","background-image":"","background-repeat":"repeat","background-position":"center center","background-size":"auto","background-attachment":"scroll","background-type":"","background-media":"","overlay-type":"","overlay-color":"","overlay-opacity":"","overlay-gradient":""}},"ast-content-background-meta":{"desktop":{"background-color":"var(--ast-global-color-5)","background-image":"","background-repeat":"repeat","background-position":"center center","background-size":"auto","background-attachment":"scroll","background-type":"","background-media":"","overlay-type":"","overlay-color":"","overlay-opacity":"","overlay-gradient":""},"tablet":{"background-color":"var(--ast-global-color-5)","background-image":"","background-repeat":"repeat","background-position":"center center","background-size":"auto","background-attachment":"scroll","background-type":"","background-media":"","overlay-type":"","overlay-color":"","overlay-opacity":"","overlay-gradient":""},"mobile":{"background-color":"var(--ast-global-color-5)","background-image":"","background-repeat":"repeat","background-position":"center center","background-size":"auto","background-attachment":"scroll","background-type":"","background-media":"","overlay-type":"","overlay-color":"","overlay-opacity":"","overlay-gradient":""}},"iawp_total_views":7},"product_brand":[],"product_cat":[238,678],"product_tag":[],"class_list":{"0":"post-15652","1":"product","2":"type-product","3":"status-publish","4":"has-post-thumbnail","6":"product_cat-panel-mount","7":"product_cat-panel-mount-cables","8":"desktop-align-left","9":"tablet-align-left","10":"mobile-align-left","12":"first","13":"instock","14":"shipping-taxable","15":"purchasable","16":"product-type-simple"},"acf":[],"_links":{"self":[{"href":"https:\/\/www.fjpremium.com\/pt\/wp-json\/wp\/v2\/product\/15652","targetHints":{"allow":["GET"]}}],"collection":[{"href":"https:\/\/www.fjpremium.com\/pt\/wp-json\/wp\/v2\/product"}],"about":[{"href":"https:\/\/www.fjpremium.com\/pt\/wp-json\/wp\/v2\/types\/product"}],"wp:featuredmedia":[{"embeddable":true,"href":"https:\/\/www.fjpremium.com\/pt\/wp-json\/wp\/v2\/media\/15678"}],"wp:attachment":[{"href":"https:\/\/www.fjpremium.com\/pt\/wp-json\/wp\/v2\/media?parent=15652"}],"wp:term":[{"taxonomy":"product_brand","embeddable":true,"href":"https:\/\/www.fjpremium.com\/pt\/wp-json\/wp\/v2\/product_brand?post=15652"},{"taxonomy":"product_cat","embeddable":true,"href":"https:\/\/www.fjpremium.com\/pt\/wp-json\/wp\/v2\/product_cat?post=15652"},{"taxonomy":"product_tag","embeddable":true,"href":"https:\/\/www.fjpremium.com\/pt\/wp-json\/wp\/v2\/product_tag?post=15652"}],"curies":[{"name":"wp","href":"https:\/\/api.w.org\/{rel}","templated":true}]}}