{"id":15651,"date":"2020-08-06T11:14:27","date_gmt":"2020-08-06T03:14:27","guid":{"rendered":"https:\/\/www.fjpremium.com\/?post_type=product&#038;p=15651"},"modified":"2024-03-12T09:48:45","modified_gmt":"2024-03-12T01:48:45","slug":"farsince-surface-hdmi-4k-male-to-hdmi-female-m3-screw-wall-mount-panel-mount-2-0-extension-cable-female-port-plastic-exposed","status":"publish","type":"product","link":"https:\/\/www.fjpremium.com\/pt\/product\/farsince-surface-hdmi-4k-male-to-hdmi-female-m3-screw-wall-mount-panel-mount-2-0-extension-cable-female-port-plastic-exposed\/","title":{"rendered":"Cabo de extens\u00e3o HDMI 4K macho para HDMI f\u00eamea curto"},"content":{"rendered":"<div>\n<div data-section=\"AliMagic-dyu2rp\" data-section-title=\"Product Description\" data-spm-anchor-id=\"a2700.wholesale.pronpeci14.i0.5c734457XjAHdR\">\n<p>Concebido para unir dois cabos HDMI atrav\u00e9s de um painel sem falhas, o nosso cabo de extens\u00e3o HDMI curto facilita a conetividade do ecr\u00e3 a partir de uma fonte segura.<\/p>\n<p>O design compacto garante uma perda m\u00ednima de sinal, tornando-o numa ferramenta indispens\u00e1vel para qualquer configura\u00e7\u00e3o visual de alta defini\u00e7\u00e3o. Al\u00e9m disso, com suporte para resolu\u00e7\u00f5es de v\u00eddeo at\u00e9 4K*2K@50\/60 (2160p), proporciona imagens cristalinas quatro vezes mais n\u00edtidas do que a resolu\u00e7\u00e3o de v\u00eddeo de 1080p\/60.<\/p>\n<p>Constru\u00eddo com materiais de alta qualidade, este cabo robusto promete uma vida inteira de desempenho consistente e fi\u00e1vel.<\/p>\n<p>Desfrutar\u00e1 de imunidade a interfer\u00eancias EMI\/RFI, cortesia dos seus condutores totalmente blindados, e desfrutar\u00e1 de uma transfer\u00eancia de sinal superior com conectores banhados a ouro de 24 K.<\/p>\n<p>E testado para cumprir as normas da ind\u00fastria, oferece at\u00e9 18 Gbps e suporta v\u00eddeo 3D, Deep Color e x.v. Color\u2122.<\/p>\n<p>Al\u00e9m disso, a porta f\u00eamea exposta e o design de parafuso asseguram as suas liga\u00e7\u00f5es, enquanto as suas seis op\u00e7\u00f5es de montagem diferentes fazem dele uma escolha vers\u00e1til para instala\u00e7\u00f5es variadas.<\/p>\n<p>Em suma, confie na nossa promessa de qualidade, apoiada por uma garantia de 2 anos. Contacte-nos hoje e encomende este cabo de extens\u00e3o HDMI curto.<\/p>\n<\/div>\n<\/div>","protected":false},"excerpt":{"rendered":"<p>Entre em um mundo de qualidade visual incompar\u00e1vel com o cabo de extens\u00e3o HDMI curto HDMI 4K macho para HDMI f\u00eamea da FARSINCE para perda m\u00ednima de sinal.<\/p>","protected":false},"featured_media":15672,"template":"","meta":{"_acf_changed":false,"_seopress_robots_primary_cat":"","_seopress_titles_title":"Best Short HDMI Extension Cable - Farsince","_seopress_titles_desc":"","_seopress_robots_index":"","site-sidebar-layout":"default","site-content-layout":"default","ast-site-content-layout":"default","site-content-style":"default","site-sidebar-style":"default","ast-global-header-display":"","ast-banner-title-visibility":"","ast-main-header-display":"","ast-hfb-above-header-display":"","ast-hfb-below-header-display":"","ast-hfb-mobile-header-display":"","site-post-title":"","ast-breadcrumbs-content":"","ast-featured-img":"","footer-sml-layout":"","ast-disable-related-posts":"","theme-transparent-header-meta":"default","adv-header-id-meta":"","stick-header-meta":"","header-above-stick-meta":"","header-main-stick-meta":"","header-below-stick-meta":"","astra-migrate-meta-layouts":"set","ast-page-background-enabled":"default","ast-page-background-meta":{"desktop":{"background-color":"","background-image":"","background-repeat":"repeat","background-position":"center center","background-size":"auto","background-attachment":"scroll","background-type":"","background-media":"","overlay-type":"","overlay-color":"","overlay-opacity":"","overlay-gradient":""},"tablet":{"background-color":"","background-image":"","background-repeat":"repeat","background-position":"center center","background-size":"auto","background-attachment":"scroll","background-type":"","background-media":"","overlay-type":"","overlay-color":"","overlay-opacity":"","overlay-gradient":""},"mobile":{"background-color":"","background-image":"","background-repeat":"repeat","background-position":"center center","background-size":"auto","background-attachment":"scroll","background-type":"","background-media":"","overlay-type":"","overlay-color":"","overlay-opacity":"","overlay-gradient":""}},"ast-content-background-meta":{"desktop":{"background-color":"var(--ast-global-color-5)","background-image":"","background-repeat":"repeat","background-position":"center center","background-size":"auto","background-attachment":"scroll","background-type":"","background-media":"","overlay-type":"","overlay-color":"","overlay-opacity":"","overlay-gradient":""},"tablet":{"background-color":"var(--ast-global-color-5)","background-image":"","background-repeat":"repeat","background-position":"center center","background-size":"auto","background-attachment":"scroll","background-type":"","background-media":"","overlay-type":"","overlay-color":"","overlay-opacity":"","overlay-gradient":""},"mobile":{"background-color":"var(--ast-global-color-5)","background-image":"","background-repeat":"repeat","background-position":"center center","background-size":"auto","background-attachment":"scroll","background-type":"","background-media":"","overlay-type":"","overlay-color":"","overlay-opacity":"","overlay-gradient":""}},"iawp_total_views":14},"product_brand":[],"product_cat":[238,678],"product_tag":[],"class_list":{"0":"post-15651","1":"product","2":"type-product","3":"status-publish","4":"has-post-thumbnail","6":"product_cat-panel-mount","7":"product_cat-panel-mount-cables","8":"desktop-align-left","9":"tablet-align-left","10":"mobile-align-left","12":"first","13":"instock","14":"shipping-taxable","15":"purchasable","16":"product-type-simple"},"acf":[],"_links":{"self":[{"href":"https:\/\/www.fjpremium.com\/pt\/wp-json\/wp\/v2\/product\/15651","targetHints":{"allow":["GET"]}}],"collection":[{"href":"https:\/\/www.fjpremium.com\/pt\/wp-json\/wp\/v2\/product"}],"about":[{"href":"https:\/\/www.fjpremium.com\/pt\/wp-json\/wp\/v2\/types\/product"}],"wp:featuredmedia":[{"embeddable":true,"href":"https:\/\/www.fjpremium.com\/pt\/wp-json\/wp\/v2\/media\/15672"}],"wp:attachment":[{"href":"https:\/\/www.fjpremium.com\/pt\/wp-json\/wp\/v2\/media?parent=15651"}],"wp:term":[{"taxonomy":"product_brand","embeddable":true,"href":"https:\/\/www.fjpremium.com\/pt\/wp-json\/wp\/v2\/product_brand?post=15651"},{"taxonomy":"product_cat","embeddable":true,"href":"https:\/\/www.fjpremium.com\/pt\/wp-json\/wp\/v2\/product_cat?post=15651"},{"taxonomy":"product_tag","embeddable":true,"href":"https:\/\/www.fjpremium.com\/pt\/wp-json\/wp\/v2\/product_tag?post=15651"}],"curies":[{"name":"wp","href":"https:\/\/api.w.org\/{rel}","templated":true}]}}