{"id":15650,"date":"2020-08-06T11:14:26","date_gmt":"2020-08-06T03:14:26","guid":{"rendered":"https:\/\/www.fjpremium.com\/?post_type=product&#038;p=15650"},"modified":"2024-03-12T09:42:42","modified_gmt":"2024-03-12T01:42:42","slug":"farsince-hdmi-classis-4k-male-to-hdmi-female-m3-screw-wall-mount-panel-mount-2-0-extension-cable-flat-mount","status":"publish","type":"product","link":"https:\/\/www.fjpremium.com\/pt\/product\/farsince-hdmi-classis-4k-male-to-hdmi-female-m3-screw-wall-mount-panel-mount-2-0-extension-cable-flat-mount\/","title":{"rendered":"Cabo de extens\u00e3o de montagem em painel HDMI 4K macho para HDMI f\u00eamea montagem plana"},"content":{"rendered":"<div>\n<div data-section=\"AliMagic-k1jo3i\" data-section-title=\"Product Description\" data-spm-anchor-id=\"a2700.wholesale.pronpeci14.i0.32e4193bbVCi0z\">\n<p>Esta solu\u00e7\u00e3o elegante, que combina dois cabos HDMI para uma conetividade perfeita atrav\u00e9s de um painel, permite-lhe criar conetividade de ecr\u00e3 a partir de um local seguro.<\/p>\n<p>Apesar da sua estrutura compacta, foi concebido com precis\u00e3o para uma perda m\u00ednima de sinal, suportando resolu\u00e7\u00f5es de v\u00eddeo at\u00e9 uns impressionantes 4K*2K@50\/60 (2160p).<\/p>\n<p>Fabricado com materiais de qualidade superior e t\u00e9cnicas de constru\u00e7\u00e3o avan\u00e7adas, o nosso cabo de montagem plana garante uma vida \u00fatil de desempenho fi\u00e1vel.<\/p>\n<p>Os seus condutores totalmente blindados asseguram uma imunidade total \u00e0s interfer\u00eancias EMI\/RFI, enquanto os conectores banhados a ouro de 24 K proporcionam uma transfer\u00eancia de sinal inigual\u00e1vel.<\/p>\n<p>Certificado para cumprir as normas da ind\u00fastria, tamb\u00e9m oferece largura de banda at\u00e9 18 Gbps, suportando v\u00eddeo 3D, Deep Color e x.v. Color\u2122.<\/p>\n<p>A carater\u00edstica f\u00eamea de montagem plana e um design de parafuso seguro oferecem liga\u00e7\u00f5es apertadas e seguras. Al\u00e9m disso, pode escolher entre seis op\u00e7\u00f5es de montagem diferentes para se adaptar a uma variedade de instala\u00e7\u00f5es.<\/p>\n<p>Em geral, confie no nosso compromisso com a qualidade, sustentado por uma garantia de 2 anos, e encomende o cabo de extens\u00e3o para montagem em painel.<\/p>\n<\/div>\n<\/div>","protected":false},"excerpt":{"rendered":"<p>Mergulhe em um mundo de visuais impressionantes com o cabo de extens\u00e3o de montagem em painel HDMI 4K macho para HDMI f\u00eamea da FARSINCE, projetado para perda m\u00ednima de sinal.<\/p>","protected":false},"featured_media":15661,"template":"","meta":{"_acf_changed":false,"_seopress_robots_primary_cat":"","_seopress_titles_title":"Panel Mount Extension Cable Flat Mount - Farsince","_seopress_titles_desc":"","_seopress_robots_index":"","site-sidebar-layout":"default","site-content-layout":"default","ast-site-content-layout":"default","site-content-style":"default","site-sidebar-style":"default","ast-global-header-display":"","ast-banner-title-visibility":"","ast-main-header-display":"","ast-hfb-above-header-display":"","ast-hfb-below-header-display":"","ast-hfb-mobile-header-display":"","site-post-title":"","ast-breadcrumbs-content":"","ast-featured-img":"","footer-sml-layout":"","ast-disable-related-posts":"","theme-transparent-header-meta":"default","adv-header-id-meta":"","stick-header-meta":"","header-above-stick-meta":"","header-main-stick-meta":"","header-below-stick-meta":"","astra-migrate-meta-layouts":"set","ast-page-background-enabled":"default","ast-page-background-meta":{"desktop":{"background-color":"","background-image":"","background-repeat":"repeat","background-position":"center center","background-size":"auto","background-attachment":"scroll","background-type":"","background-media":"","overlay-type":"","overlay-color":"","overlay-opacity":"","overlay-gradient":""},"tablet":{"background-color":"","background-image":"","background-repeat":"repeat","background-position":"center center","background-size":"auto","background-attachment":"scroll","background-type":"","background-media":"","overlay-type":"","overlay-color":"","overlay-opacity":"","overlay-gradient":""},"mobile":{"background-color":"","background-image":"","background-repeat":"repeat","background-position":"center center","background-size":"auto","background-attachment":"scroll","background-type":"","background-media":"","overlay-type":"","overlay-color":"","overlay-opacity":"","overlay-gradient":""}},"ast-content-background-meta":{"desktop":{"background-color":"var(--ast-global-color-5)","background-image":"","background-repeat":"repeat","background-position":"center center","background-size":"auto","background-attachment":"scroll","background-type":"","background-media":"","overlay-type":"","overlay-color":"","overlay-opacity":"","overlay-gradient":""},"tablet":{"background-color":"var(--ast-global-color-5)","background-image":"","background-repeat":"repeat","background-position":"center center","background-size":"auto","background-attachment":"scroll","background-type":"","background-media":"","overlay-type":"","overlay-color":"","overlay-opacity":"","overlay-gradient":""},"mobile":{"background-color":"var(--ast-global-color-5)","background-image":"","background-repeat":"repeat","background-position":"center center","background-size":"auto","background-attachment":"scroll","background-type":"","background-media":"","overlay-type":"","overlay-color":"","overlay-opacity":"","overlay-gradient":""}},"iawp_total_views":8},"product_brand":[],"product_cat":[238,678],"product_tag":[],"class_list":{"0":"post-15650","1":"product","2":"type-product","3":"status-publish","4":"has-post-thumbnail","6":"product_cat-panel-mount","7":"product_cat-panel-mount-cables","8":"desktop-align-left","9":"tablet-align-left","10":"mobile-align-left","12":"first","13":"instock","14":"shipping-taxable","15":"purchasable","16":"product-type-simple"},"acf":[],"_links":{"self":[{"href":"https:\/\/www.fjpremium.com\/pt\/wp-json\/wp\/v2\/product\/15650","targetHints":{"allow":["GET"]}}],"collection":[{"href":"https:\/\/www.fjpremium.com\/pt\/wp-json\/wp\/v2\/product"}],"about":[{"href":"https:\/\/www.fjpremium.com\/pt\/wp-json\/wp\/v2\/types\/product"}],"wp:featuredmedia":[{"embeddable":true,"href":"https:\/\/www.fjpremium.com\/pt\/wp-json\/wp\/v2\/media\/15661"}],"wp:attachment":[{"href":"https:\/\/www.fjpremium.com\/pt\/wp-json\/wp\/v2\/media?parent=15650"}],"wp:term":[{"taxonomy":"product_brand","embeddable":true,"href":"https:\/\/www.fjpremium.com\/pt\/wp-json\/wp\/v2\/product_brand?post=15650"},{"taxonomy":"product_cat","embeddable":true,"href":"https:\/\/www.fjpremium.com\/pt\/wp-json\/wp\/v2\/product_cat?post=15650"},{"taxonomy":"product_tag","embeddable":true,"href":"https:\/\/www.fjpremium.com\/pt\/wp-json\/wp\/v2\/product_tag?post=15650"}],"curies":[{"name":"wp","href":"https:\/\/api.w.org\/{rel}","templated":true}]}}