{"id":15608,"date":"2020-08-06T10:29:15","date_gmt":"2020-08-06T02:29:15","guid":{"rendered":"https:\/\/www.fjpremium.com\/?post_type=product&#038;p=15608"},"modified":"2024-03-11T17:31:40","modified_gmt":"2024-03-11T09:31:40","slug":"farsince-flat-hdmi-4k-female-to-hdmi-female-m3-screw-wall-mount-panel-mount-2-0-cable","status":"publish","type":"product","link":"https:\/\/www.fjpremium.com\/pt\/product\/farsince-flat-hdmi-4k-female-to-hdmi-female-m3-screw-wall-mount-panel-mount-2-0-cable\/","title":{"rendered":"Cabo HDMI 4K plano F\u00eamea para F\u00eamea para montagem em painel 2.0"},"content":{"rendered":"<div>\n<div data-section=\"AliMagic-x5qxsk\" data-section-title=\"Product Description\" data-spm-anchor-id=\"a2700.wholesale.pronpeci14.i0.8c0141fb4iFaLo\">\n<p>O nosso cabo combina dois cabos HDMI para permitir a liga\u00e7\u00e3o de ecr\u00e3s de alta qualidade a partir de qualquer fonte alojada de forma segura.<\/p>\n<p>O seu formato compacto foi concebido para garantir uma degrada\u00e7\u00e3o insignificante do sinal, ao mesmo tempo que suporta resolu\u00e7\u00f5es de v\u00eddeo excepcionais at\u00e9 4K*2K@50\/60 (2160p).<\/p>\n<p>Este cabo HDMI 4K f\u00eamea a f\u00eamea de alto desempenho \u00e9 fabricado com materiais superiores, prometendo uma vida \u00fatil duradoura de fornecimento consistente.<\/p>\n<p>Possui condutores totalmente blindados que erradicam a interfer\u00eancia EMI\/RFI e conectores banhados a ouro para uma melhor transmiss\u00e3o do sinal.<\/p>\n<p>Al\u00e9m disso, com uma largura de banda robusta de at\u00e9 18 Gbps, d\u00e1 vida a v\u00eddeo 3D, Deep Color e x.v. Color\u2122. E o inovador design plano, juntamente com um mecanismo de parafuso M3, oferece m\u00faltiplas op\u00e7\u00f5es de instala\u00e7\u00e3o.<\/p>\n<p>Por conseguinte, invista no nosso desempenho comprovado, apoiado por uma garantia de 2 anos.<\/p>\n<\/div>\n<\/div>","protected":false},"excerpt":{"rendered":"<p>Experimente conectividade 4K incompar\u00e1vel com o cabo HDMI plano 4K f\u00eamea para f\u00eamea da FARSINCE, proporcionando perda m\u00ednima de sinal, largura de banda robusta e m\u00faltiplas op\u00e7\u00f5es de montagem.<\/p>","protected":false},"featured_media":15629,"template":"","meta":{"_acf_changed":false,"_seopress_robots_primary_cat":"","_seopress_titles_title":"Best Flat 4K HDMI Cable Female to Female - Farsince","_seopress_titles_desc":"Experience unrivaled connectivity with the flat 4K HDMI cable female to female, providing minimal signal loss, robust bandwidth, and multiple mounting options.","_seopress_robots_index":"","site-sidebar-layout":"default","site-content-layout":"default","ast-site-content-layout":"default","site-content-style":"default","site-sidebar-style":"default","ast-global-header-display":"","ast-banner-title-visibility":"","ast-main-header-display":"","ast-hfb-above-header-display":"","ast-hfb-below-header-display":"","ast-hfb-mobile-header-display":"","site-post-title":"","ast-breadcrumbs-content":"","ast-featured-img":"","footer-sml-layout":"","ast-disable-related-posts":"","theme-transparent-header-meta":"default","adv-header-id-meta":"","stick-header-meta":"","header-above-stick-meta":"","header-main-stick-meta":"","header-below-stick-meta":"","astra-migrate-meta-layouts":"set","ast-page-background-enabled":"default","ast-page-background-meta":{"desktop":{"background-color":"","background-image":"","background-repeat":"repeat","background-position":"center center","background-size":"auto","background-attachment":"scroll","background-type":"","background-media":"","overlay-type":"","overlay-color":"","overlay-opacity":"","overlay-gradient":""},"tablet":{"background-color":"","background-image":"","background-repeat":"repeat","background-position":"center center","background-size":"auto","background-attachment":"scroll","background-type":"","background-media":"","overlay-type":"","overlay-color":"","overlay-opacity":"","overlay-gradient":""},"mobile":{"background-color":"","background-image":"","background-repeat":"repeat","background-position":"center center","background-size":"auto","background-attachment":"scroll","background-type":"","background-media":"","overlay-type":"","overlay-color":"","overlay-opacity":"","overlay-gradient":""}},"ast-content-background-meta":{"desktop":{"background-color":"var(--ast-global-color-5)","background-image":"","background-repeat":"repeat","background-position":"center center","background-size":"auto","background-attachment":"scroll","background-type":"","background-media":"","overlay-type":"","overlay-color":"","overlay-opacity":"","overlay-gradient":""},"tablet":{"background-color":"var(--ast-global-color-5)","background-image":"","background-repeat":"repeat","background-position":"center center","background-size":"auto","background-attachment":"scroll","background-type":"","background-media":"","overlay-type":"","overlay-color":"","overlay-opacity":"","overlay-gradient":""},"mobile":{"background-color":"var(--ast-global-color-5)","background-image":"","background-repeat":"repeat","background-position":"center center","background-size":"auto","background-attachment":"scroll","background-type":"","background-media":"","overlay-type":"","overlay-color":"","overlay-opacity":"","overlay-gradient":""}},"iawp_total_views":4},"product_brand":[],"product_cat":[238,678],"product_tag":[],"class_list":{"0":"post-15608","1":"product","2":"type-product","3":"status-publish","4":"has-post-thumbnail","6":"product_cat-panel-mount","7":"product_cat-panel-mount-cables","8":"desktop-align-left","9":"tablet-align-left","10":"mobile-align-left","12":"first","13":"instock","14":"shipping-taxable","15":"purchasable","16":"product-type-simple"},"acf":[],"_links":{"self":[{"href":"https:\/\/www.fjpremium.com\/pt\/wp-json\/wp\/v2\/product\/15608","targetHints":{"allow":["GET"]}}],"collection":[{"href":"https:\/\/www.fjpremium.com\/pt\/wp-json\/wp\/v2\/product"}],"about":[{"href":"https:\/\/www.fjpremium.com\/pt\/wp-json\/wp\/v2\/types\/product"}],"wp:featuredmedia":[{"embeddable":true,"href":"https:\/\/www.fjpremium.com\/pt\/wp-json\/wp\/v2\/media\/15629"}],"wp:attachment":[{"href":"https:\/\/www.fjpremium.com\/pt\/wp-json\/wp\/v2\/media?parent=15608"}],"wp:term":[{"taxonomy":"product_brand","embeddable":true,"href":"https:\/\/www.fjpremium.com\/pt\/wp-json\/wp\/v2\/product_brand?post=15608"},{"taxonomy":"product_cat","embeddable":true,"href":"https:\/\/www.fjpremium.com\/pt\/wp-json\/wp\/v2\/product_cat?post=15608"},{"taxonomy":"product_tag","embeddable":true,"href":"https:\/\/www.fjpremium.com\/pt\/wp-json\/wp\/v2\/product_tag?post=15608"}],"curies":[{"name":"wp","href":"https:\/\/api.w.org\/{rel}","templated":true}]}}