{"id":15606,"date":"2020-08-06T10:29:13","date_gmt":"2020-08-06T02:29:13","guid":{"rendered":"https:\/\/www.fjpremium.com\/?post_type=product&#038;p=15606"},"modified":"2024-03-11T16:55:54","modified_gmt":"2024-03-11T08:55:54","slug":"farsince-surface-hdmi-4k-female-to-hdmi-female-m3-screw-wall-mount-panel-mount-2-0-cable-female-port-plastic-exposed","status":"publish","type":"product","link":"https:\/\/www.fjpremium.com\/pt\/product\/farsince-surface-hdmi-4k-female-to-hdmi-female-m3-screw-wall-mount-panel-mount-2-0-cable-female-port-plastic-exposed\/","title":{"rendered":"Cabo HDMI f\u00eamea para f\u00eamea 4k, parafuso M3 para montagem em parede, montagem em painel 2.0, cabo f\u00eamea, pl\u00e1stico exposto"},"content":{"rendered":"<p>O cabo combina desempenho superior e versatilidade. Fabricado com condutores de cobre de alta qualidade, possui uma blindagem extensa, incluindo folha de alum\u00ednio, tran\u00e7a, uma caixa de blindagem met\u00e1lica e folha de cobre.<\/p>\n<p>O nosso cabo foi concebido para combinar na perfei\u00e7\u00e3o dois cabos HDMI atrav\u00e9s de um painel, garantindo uma liga\u00e7\u00e3o segura com o seu design de parafuso \u00fanico.<\/p>\n<p>Com uma elevada largura de banda de 18 Gbps, suporta uma resolu\u00e7\u00e3o de 4K@60Hz, proporcionando quatro vezes a nitidez de uma resolu\u00e7\u00e3o de v\u00eddeo de 1080p\/60.<\/p>\n<p>Este cabo HDMI f\u00eamea para f\u00eamea 4k tamb\u00e9m suporta v\u00eddeo 3D, Deep Color e x.v. Color\u2122. Embalado num saco PE, apresenta uma cor dourada e est\u00e1 protegido com um revestimento de PVC duradouro.<\/p>\n<p>Al\u00e9m disso, \u00e9 aprovado pela HDMI ATC, ROHS e REACH e \u00e9 apoiado pela garantia de 2 anos da FARSINCE.<\/p>\n<p>Em suma, contacte-nos hoje mesmo e encomende o nosso produto.<\/p>","protected":false},"excerpt":{"rendered":"<p>Descubra o cabo HDMI f\u00eamea para f\u00eamea 4k de superf\u00edcie da FARSINCE, que oferece uma largura de banda de 18 Gbps e uma resolu\u00e7\u00e3o de 4K@60Hz.<\/p>","protected":false},"featured_media":15617,"template":"","meta":{"_acf_changed":false,"_seopress_robots_primary_cat":"","_seopress_titles_title":"Best HDMI Female to Female 4k Cable - Farsince","_seopress_titles_desc":"Discover the FARSINCE surface HDMI Female to Female 4k Cable, offering a bandwidth of 18Gbps and 4K@60Hz resolution.","_seopress_robots_index":"","site-sidebar-layout":"default","site-content-layout":"default","ast-site-content-layout":"default","site-content-style":"default","site-sidebar-style":"default","ast-global-header-display":"","ast-banner-title-visibility":"","ast-main-header-display":"","ast-hfb-above-header-display":"","ast-hfb-below-header-display":"","ast-hfb-mobile-header-display":"","site-post-title":"","ast-breadcrumbs-content":"","ast-featured-img":"","footer-sml-layout":"","ast-disable-related-posts":"","theme-transparent-header-meta":"default","adv-header-id-meta":"","stick-header-meta":"","header-above-stick-meta":"","header-main-stick-meta":"","header-below-stick-meta":"","astra-migrate-meta-layouts":"set","ast-page-background-enabled":"default","ast-page-background-meta":{"desktop":{"background-color":"","background-image":"","background-repeat":"repeat","background-position":"center center","background-size":"auto","background-attachment":"scroll","background-type":"","background-media":"","overlay-type":"","overlay-color":"","overlay-opacity":"","overlay-gradient":""},"tablet":{"background-color":"","background-image":"","background-repeat":"repeat","background-position":"center center","background-size":"auto","background-attachment":"scroll","background-type":"","background-media":"","overlay-type":"","overlay-color":"","overlay-opacity":"","overlay-gradient":""},"mobile":{"background-color":"","background-image":"","background-repeat":"repeat","background-position":"center center","background-size":"auto","background-attachment":"scroll","background-type":"","background-media":"","overlay-type":"","overlay-color":"","overlay-opacity":"","overlay-gradient":""}},"ast-content-background-meta":{"desktop":{"background-color":"var(--ast-global-color-5)","background-image":"","background-repeat":"repeat","background-position":"center center","background-size":"auto","background-attachment":"scroll","background-type":"","background-media":"","overlay-type":"","overlay-color":"","overlay-opacity":"","overlay-gradient":""},"tablet":{"background-color":"var(--ast-global-color-5)","background-image":"","background-repeat":"repeat","background-position":"center center","background-size":"auto","background-attachment":"scroll","background-type":"","background-media":"","overlay-type":"","overlay-color":"","overlay-opacity":"","overlay-gradient":""},"mobile":{"background-color":"var(--ast-global-color-5)","background-image":"","background-repeat":"repeat","background-position":"center center","background-size":"auto","background-attachment":"scroll","background-type":"","background-media":"","overlay-type":"","overlay-color":"","overlay-opacity":"","overlay-gradient":""}},"iawp_total_views":13},"product_brand":[],"product_cat":[238,678],"product_tag":[],"class_list":{"0":"post-15606","1":"product","2":"type-product","3":"status-publish","4":"has-post-thumbnail","6":"product_cat-panel-mount","7":"product_cat-panel-mount-cables","8":"desktop-align-left","9":"tablet-align-left","10":"mobile-align-left","12":"first","13":"instock","14":"shipping-taxable","15":"purchasable","16":"product-type-simple"},"acf":[],"_links":{"self":[{"href":"https:\/\/www.fjpremium.com\/pt\/wp-json\/wp\/v2\/product\/15606","targetHints":{"allow":["GET"]}}],"collection":[{"href":"https:\/\/www.fjpremium.com\/pt\/wp-json\/wp\/v2\/product"}],"about":[{"href":"https:\/\/www.fjpremium.com\/pt\/wp-json\/wp\/v2\/types\/product"}],"wp:featuredmedia":[{"embeddable":true,"href":"https:\/\/www.fjpremium.com\/pt\/wp-json\/wp\/v2\/media\/15617"}],"wp:attachment":[{"href":"https:\/\/www.fjpremium.com\/pt\/wp-json\/wp\/v2\/media?parent=15606"}],"wp:term":[{"taxonomy":"product_brand","embeddable":true,"href":"https:\/\/www.fjpremium.com\/pt\/wp-json\/wp\/v2\/product_brand?post=15606"},{"taxonomy":"product_cat","embeddable":true,"href":"https:\/\/www.fjpremium.com\/pt\/wp-json\/wp\/v2\/product_cat?post=15606"},{"taxonomy":"product_tag","embeddable":true,"href":"https:\/\/www.fjpremium.com\/pt\/wp-json\/wp\/v2\/product_tag?post=15606"}],"curies":[{"name":"wp","href":"https:\/\/api.w.org\/{rel}","templated":true}]}}