{"id":15605,"date":"2020-08-06T10:29:12","date_gmt":"2020-08-06T02:29:12","guid":{"rendered":"https:\/\/www.fjpremium.com\/?post_type=product&#038;p=15605"},"modified":"2024-03-11T16:48:46","modified_gmt":"2024-03-11T08:48:46","slug":"farsince-hdmi-4k-female-to-hdmi-female-m3-screw-wall-mount-panel-mount-2-0-cable-female-socket-metal-exposed","status":"publish","type":"product","link":"https:\/\/www.fjpremium.com\/pt\/product\/farsince-hdmi-4k-female-to-hdmi-female-m3-screw-wall-mount-panel-mount-2-0-cable-female-socket-metal-exposed\/","title":{"rendered":"Cabo HDMI f\u00eamea para f\u00eamea Tomada f\u00eamea de metal exposta"},"content":{"rendered":"<div>\n<div data-section=\"AliMagic-e2mbdi\" data-section-title=\"Product Description\" data-spm-anchor-id=\"a2700.wholesale.pronpeci14.i0.12497ea6b9m5ly\">\n<p>Com um design \u00fanico que combina dois cabos HDMI atrav\u00e9s de um painel, este cabo assegura uma liga\u00e7\u00e3o segura e fi\u00e1vel, especificamente optimizada para reduzir a perda de sinal.<\/p>\n<p>O seu encaixe met\u00e1lico f\u00eamea est\u00e1 exposto, proporcionando uma f\u00e1cil acessibilidade e uma melhor ader\u00eancia.<\/p>\n<p>Al\u00e9m disso, constru\u00eddo com condutores de cobre de primeira qualidade e blindagem abrangente, incluindo folha de alum\u00ednio, tran\u00e7a, uma caixa de blindagem met\u00e1lica e folha de cobre, garante prote\u00e7\u00e3o contra interfer\u00eancias EMI\/RFI.<\/p>\n<p>Os conectores banhados a ouro 24-K facilitam a transfer\u00eancia de sinal superior, permitindo resolu\u00e7\u00f5es de v\u00eddeo at\u00e9 4K*2K@50\/60(2160p).<\/p>\n<p>O cabo dourado tem 30 cm de comprimento e \u00e9 revestido por uma capa de PVC dur\u00e1vel. Embalado num saco PE, cumpre as aprova\u00e7\u00f5es HDMI ATC, ROHS e REACH, e oferecemos uma garantia de 2 anos para assegurar a qualidade.<\/p>\n<p>Em suma, contacte-nos hoje e invista no nosso cabo HDMI f\u00eamea para f\u00eamea.<\/p>\n<\/div>\n<\/div>","protected":false},"excerpt":{"rendered":"<p>Apresentando o cabo HDMI f\u00eamea para f\u00eamea FARSINCE, habilmente elaborado para perda m\u00ednima de sinal, suportando resolu\u00e7\u00f5es 4K*2K@50\/60(2160p) e oferecendo prote\u00e7\u00e3o abrangente contra interfer\u00eancia EMI\/RFI.<\/p>","protected":false},"featured_media":15609,"template":"","meta":{"_acf_changed":false,"_seopress_robots_primary_cat":"","_seopress_titles_title":"Best Female to Female HDMI Cable - Farsince","_seopress_titles_desc":"Presenting our female to female HDMI cable, expertly crafted for minimal signal loss, supporting 4K*2K@50\/60(2160p) resolutions.\n","_seopress_robots_index":"","site-sidebar-layout":"default","site-content-layout":"default","ast-site-content-layout":"default","site-content-style":"default","site-sidebar-style":"default","ast-global-header-display":"","ast-banner-title-visibility":"","ast-main-header-display":"","ast-hfb-above-header-display":"","ast-hfb-below-header-display":"","ast-hfb-mobile-header-display":"","site-post-title":"","ast-breadcrumbs-content":"","ast-featured-img":"","footer-sml-layout":"","ast-disable-related-posts":"","theme-transparent-header-meta":"default","adv-header-id-meta":"","stick-header-meta":"","header-above-stick-meta":"","header-main-stick-meta":"","header-below-stick-meta":"","astra-migrate-meta-layouts":"set","ast-page-background-enabled":"default","ast-page-background-meta":{"desktop":{"background-color":"","background-image":"","background-repeat":"repeat","background-position":"center center","background-size":"auto","background-attachment":"scroll","background-type":"","background-media":"","overlay-type":"","overlay-color":"","overlay-opacity":"","overlay-gradient":""},"tablet":{"background-color":"","background-image":"","background-repeat":"repeat","background-position":"center center","background-size":"auto","background-attachment":"scroll","background-type":"","background-media":"","overlay-type":"","overlay-color":"","overlay-opacity":"","overlay-gradient":""},"mobile":{"background-color":"","background-image":"","background-repeat":"repeat","background-position":"center center","background-size":"auto","background-attachment":"scroll","background-type":"","background-media":"","overlay-type":"","overlay-color":"","overlay-opacity":"","overlay-gradient":""}},"ast-content-background-meta":{"desktop":{"background-color":"var(--ast-global-color-5)","background-image":"","background-repeat":"repeat","background-position":"center center","background-size":"auto","background-attachment":"scroll","background-type":"","background-media":"","overlay-type":"","overlay-color":"","overlay-opacity":"","overlay-gradient":""},"tablet":{"background-color":"var(--ast-global-color-5)","background-image":"","background-repeat":"repeat","background-position":"center center","background-size":"auto","background-attachment":"scroll","background-type":"","background-media":"","overlay-type":"","overlay-color":"","overlay-opacity":"","overlay-gradient":""},"mobile":{"background-color":"var(--ast-global-color-5)","background-image":"","background-repeat":"repeat","background-position":"center center","background-size":"auto","background-attachment":"scroll","background-type":"","background-media":"","overlay-type":"","overlay-color":"","overlay-opacity":"","overlay-gradient":""}},"iawp_total_views":5},"product_brand":[],"product_cat":[238,678],"product_tag":[],"class_list":{"0":"post-15605","1":"product","2":"type-product","3":"status-publish","4":"has-post-thumbnail","6":"product_cat-panel-mount","7":"product_cat-panel-mount-cables","8":"desktop-align-left","9":"tablet-align-left","10":"mobile-align-left","12":"first","13":"instock","14":"shipping-taxable","15":"purchasable","16":"product-type-simple"},"acf":[],"_links":{"self":[{"href":"https:\/\/www.fjpremium.com\/pt\/wp-json\/wp\/v2\/product\/15605","targetHints":{"allow":["GET"]}}],"collection":[{"href":"https:\/\/www.fjpremium.com\/pt\/wp-json\/wp\/v2\/product"}],"about":[{"href":"https:\/\/www.fjpremium.com\/pt\/wp-json\/wp\/v2\/types\/product"}],"wp:featuredmedia":[{"embeddable":true,"href":"https:\/\/www.fjpremium.com\/pt\/wp-json\/wp\/v2\/media\/15609"}],"wp:attachment":[{"href":"https:\/\/www.fjpremium.com\/pt\/wp-json\/wp\/v2\/media?parent=15605"}],"wp:term":[{"taxonomy":"product_brand","embeddable":true,"href":"https:\/\/www.fjpremium.com\/pt\/wp-json\/wp\/v2\/product_brand?post=15605"},{"taxonomy":"product_cat","embeddable":true,"href":"https:\/\/www.fjpremium.com\/pt\/wp-json\/wp\/v2\/product_cat?post=15605"},{"taxonomy":"product_tag","embeddable":true,"href":"https:\/\/www.fjpremium.com\/pt\/wp-json\/wp\/v2\/product_tag?post=15605"}],"curies":[{"name":"wp","href":"https:\/\/api.w.org\/{rel}","templated":true}]}}