{"id":15564,"date":"2020-08-06T10:09:31","date_gmt":"2020-08-06T02:09:31","guid":{"rendered":"https:\/\/www.fjpremium.com\/?post_type=product&#038;p=15564"},"modified":"2023-12-14T13:52:22","modified_gmt":"2023-12-14T05:52:22","slug":"farsince-hdmi-male-to-composite-3-rca-video-audio-av-converter-cable-adapter-6-5ft-2m-with-best-price-support-1080p","status":"publish","type":"product","link":"https:\/\/www.fjpremium.com\/pt\/product\/farsince-hdmi-male-to-composite-3-rca-video-audio-av-converter-cable-adapter-6-5ft-2m-with-best-price-support-1080p\/","title":{"rendered":"Adaptador de cabo HDMI 1080P para 3 RCA de convers\u00e3o de \u00e1udio e v\u00eddeo 6,5 p\u00e9s\/2 m"},"content":{"rendered":"<p>A ferramenta de 6,5 p\u00e9s\/2 m \u00e9 a sua resposta para ligar novos dispositivos HDMI a televisores\/ecr\u00e3s antigos. Engenhosamente concebida com um chipset HDMI para AV incorporado, converte na perfei\u00e7\u00e3o sinais HDMI em sinais anal\u00f3gicos RCA para dispositivos AV.<\/p>\n<p>Compat\u00edvel com HDMI 1.3 e suportando entradas de 480i a 1080P, assegura a sincroniza\u00e7\u00e3o perfeita do \u00e1udio com o v\u00eddeo.<\/p>\n<p>Com suporte para os formatos NTSC e PAL, esta \u00e9 uma solu\u00e7\u00e3o de cabo tudo-em-um que elimina a necessidade de cabos adicionais.<\/p>\n<p>As suas especifica\u00e7\u00f5es:<\/p>\n<ul>\n<li>Cores RCA: Vermelho\/branco para som est\u00e9reo, amarelo para v\u00eddeo<\/li>\n<li>Caixa do adaptador: Inv\u00f3lucro em ABS<\/li>\n<li>Condutor do cabo: Cobre nu<\/li>\n<li>Revestimento: PVC<\/li>\n<li>OD: 4,7MM<\/li>\n<li>Resolu\u00e7\u00e3o: 1920*1080@60Hz<\/li>\n<li>Conformidade: RoHS<\/li>\n<li>Embalagem: Saco com fecho<\/li>\n<li>Garantia: 2 anos<\/li>\n<\/ul>\n<p>Al\u00e9m disso, tenha em aten\u00e7\u00e3o que requer uma fonte de alimenta\u00e7\u00e3o USB 5V\/1A e n\u00e3o suporta 3D. Por conseguinte, contacte-nos hoje mesmo e encomende o nosso adaptador de cabo conversor de \u00e1udio e v\u00eddeo HDMI para 3 RCA.<\/p>\n<p>&nbsp;<\/p>\n<p><strong>Conte\u00fado da embalagem:<\/strong><\/p>\n<ul>\n<li>Cabo conversor AV digital HDMI para 3 RCA 2m x 1pcs<\/li>\n<li>Manual do utilizador<\/li>\n<\/ul>","protected":false},"excerpt":{"rendered":"<p>Aproveite o poder da versatilidade com o adaptador de cabo conversor de \u00e1udio e v\u00eddeo 1080P HDMI para 3 RCA da FARSINCE, prometendo convers\u00e3o perfeita de sinais digitais para anal\u00f3gicos, \u00e1udio-v\u00eddeo sincronizado e suporte para formato de TV duplo.<\/p>","protected":false},"featured_media":16553,"template":"","meta":{"_acf_changed":false,"_seopress_robots_primary_cat":"","_seopress_titles_title":"HDMI to 3 RCA Video Audio Converter Cable Adapter - Farsince","_seopress_titles_desc":"Embrace the power of versatility with this 1080P HDMI to 3 RCA video audio converter cable adapter, promising seamless conversion from digital to analog signals","_seopress_robots_index":"","site-sidebar-layout":"default","site-content-layout":"default","ast-site-content-layout":"default","site-content-style":"default","site-sidebar-style":"default","ast-global-header-display":"","ast-banner-title-visibility":"","ast-main-header-display":"","ast-hfb-above-header-display":"","ast-hfb-below-header-display":"","ast-hfb-mobile-header-display":"","site-post-title":"","ast-breadcrumbs-content":"","ast-featured-img":"","footer-sml-layout":"","ast-disable-related-posts":"","theme-transparent-header-meta":"default","adv-header-id-meta":"","stick-header-meta":"","header-above-stick-meta":"","header-main-stick-meta":"","header-below-stick-meta":"","astra-migrate-meta-layouts":"set","ast-page-background-enabled":"default","ast-page-background-meta":{"desktop":{"background-color":"","background-image":"","background-repeat":"repeat","background-position":"center center","background-size":"auto","background-attachment":"scroll","background-type":"","background-media":"","overlay-type":"","overlay-color":"","overlay-opacity":"","overlay-gradient":""},"tablet":{"background-color":"","background-image":"","background-repeat":"repeat","background-position":"center center","background-size":"auto","background-attachment":"scroll","background-type":"","background-media":"","overlay-type":"","overlay-color":"","overlay-opacity":"","overlay-gradient":""},"mobile":{"background-color":"","background-image":"","background-repeat":"repeat","background-position":"center center","background-size":"auto","background-attachment":"scroll","background-type":"","background-media":"","overlay-type":"","overlay-color":"","overlay-opacity":"","overlay-gradient":""}},"ast-content-background-meta":{"desktop":{"background-color":"var(--ast-global-color-5)","background-image":"","background-repeat":"repeat","background-position":"center center","background-size":"auto","background-attachment":"scroll","background-type":"","background-media":"","overlay-type":"","overlay-color":"","overlay-opacity":"","overlay-gradient":""},"tablet":{"background-color":"var(--ast-global-color-5)","background-image":"","background-repeat":"repeat","background-position":"center center","background-size":"auto","background-attachment":"scroll","background-type":"","background-media":"","overlay-type":"","overlay-color":"","overlay-opacity":"","overlay-gradient":""},"mobile":{"background-color":"var(--ast-global-color-5)","background-image":"","background-repeat":"repeat","background-position":"center center","background-size":"auto","background-attachment":"scroll","background-type":"","background-media":"","overlay-type":"","overlay-color":"","overlay-opacity":"","overlay-gradient":""}},"iawp_total_views":23},"product_brand":[],"product_cat":[211,638],"product_tag":[],"class_list":{"0":"post-15564","1":"product","2":"type-product","3":"status-publish","4":"has-post-thumbnail","6":"product_cat-hdmi","7":"product_cat-hdmi-cables","8":"desktop-align-left","9":"tablet-align-left","10":"mobile-align-left","12":"first","13":"instock","14":"shipping-taxable","15":"purchasable","16":"product-type-simple"},"acf":[],"_links":{"self":[{"href":"https:\/\/www.fjpremium.com\/pt\/wp-json\/wp\/v2\/product\/15564","targetHints":{"allow":["GET"]}}],"collection":[{"href":"https:\/\/www.fjpremium.com\/pt\/wp-json\/wp\/v2\/product"}],"about":[{"href":"https:\/\/www.fjpremium.com\/pt\/wp-json\/wp\/v2\/types\/product"}],"wp:featuredmedia":[{"embeddable":true,"href":"https:\/\/www.fjpremium.com\/pt\/wp-json\/wp\/v2\/media\/16553"}],"wp:attachment":[{"href":"https:\/\/www.fjpremium.com\/pt\/wp-json\/wp\/v2\/media?parent=15564"}],"wp:term":[{"taxonomy":"product_brand","embeddable":true,"href":"https:\/\/www.fjpremium.com\/pt\/wp-json\/wp\/v2\/product_brand?post=15564"},{"taxonomy":"product_cat","embeddable":true,"href":"https:\/\/www.fjpremium.com\/pt\/wp-json\/wp\/v2\/product_cat?post=15564"},{"taxonomy":"product_tag","embeddable":true,"href":"https:\/\/www.fjpremium.com\/pt\/wp-json\/wp\/v2\/product_tag?post=15564"}],"curies":[{"name":"wp","href":"https:\/\/api.w.org\/{rel}","templated":true}]}}