{"id":15556,"date":"2020-08-06T10:02:07","date_gmt":"2020-08-06T02:02:07","guid":{"rendered":"https:\/\/www.fjpremium.com\/?post_type=product&#038;p=15556"},"modified":"2024-03-13T09:42:29","modified_gmt":"2024-03-13T01:42:29","slug":"usb-2-0-micro-usb-male-connector-to-micro-usb-b-female-connector-panel-mount-extension-data-cable-0-3m","status":"publish","type":"product","link":"https:\/\/www.fjpremium.com\/pt\/product\/usb-2-0-micro-usb-male-connector-to-micro-usb-b-female-connector-panel-mount-extension-data-cable-0-3m\/","title":{"rendered":"Cabo de dados de extens\u00e3o de montagem em painel com conetor USB 2.0 Micro USB macho para f\u00eamea 0,3 m"},"content":{"rendered":"<div data-section=\"AliMagic-qdfe3x\" data-section-title=\"Product Description\" data-spm-anchor-id=\"a2700.wholesale.pronpeci14.i0.115b519aAiJ4va\">\n<p>Este conetor oferece a solu\u00e7\u00e3o perfeita para combinar dois cabos Micro USB, permitindo uma conetividade segura atrav\u00e9s de um painel.<\/p>\n<p>O seu comprimento curto e o seu design inovador asseguram uma perda m\u00ednima de sinal, garantindo um desempenho \u00f3timo. Al\u00e9m disso, proporciona uma elevada taxa de transfer\u00eancia de at\u00e9 480 Mbps, garantindo uma transfer\u00eancia de dados r\u00e1pida e eficiente.<\/p>\n<p>O conetor USB 2.0 Micro USB liga-se facilmente a qualquer dispositivo USB, oferecendo flexibilidade e comodidade.<\/p>\n<p>Constru\u00eddo com blindagem de folha e tran\u00e7a, proporciona imunidade total \u00e0 interfer\u00eancia EMI\/RFI, garantindo uma transfer\u00eancia de dados fi\u00e1vel e sem erros.<\/p>\n<p>E a constru\u00e7\u00e3o em par entran\u00e7ado reduz ainda mais a diafonia, garantindo uma transmiss\u00e3o precisa e de alta velocidade.<\/p>\n<p>Al\u00e9m disso, cada cabo \u00e9 exaustivamente testado para cumprir as normas da ind\u00fastria, proporcionando um desempenho excecional. Por isso, contacte-nos hoje mesmo e melhore as suas op\u00e7\u00f5es de conetividade com ele.<\/p>\n<\/div>\n<div data-section=\"AliMagic-qdfe3x\" data-section-title=\"Product Description\" data-spm-anchor-id=\"a2700.wholesale.pronpeci14.i0.115b519aAiJ4va\"><\/div>\n<div id=\"ali-anchor-AliMagic-qdfe3x\" class=\"magic-0\" data-section=\"AliMagic-qdfe3x\" data-section-title=\"Product Description\" data-spm-anchor-id=\"a2700.wholesale.pronpeci14.i0.115b519aAiJ4va\"><strong>Descri\u00e7\u00e3o do produto<\/strong><\/div>\n<div class=\"ife-detail-decorate-table\">\n<table class=\"all magic-4\">\n<tbody>\n<tr>\n<td colspan=\"1\" rowspan=\"1\">Prazo de entrega<\/td>\n<td colspan=\"1\" rowspan=\"1\">3-10 dias<\/td>\n<\/tr>\n<tr>\n<td colspan=\"1\" rowspan=\"1\">Especifica\u00e7\u00e3o do cabo<\/td>\n<td colspan=\"1\" rowspan=\"1\">Cobre 28AWG,<\/td>\n<\/tr>\n<tr>\n<td colspan=\"1\" rowspan=\"1\">\n<div class=\"magic-8\">Conector 1<\/div>\n<\/td>\n<td colspan=\"1\" rowspan=\"1\">\n<div class=\"magic-9\">\n<div class=\"magic-9\">Micro USB B macho, banhado a n\u00edquel<\/div>\n<\/div>\n<\/td>\n<\/tr>\n<tr>\n<td colspan=\"1\" rowspan=\"1\">\n<div class=\"magic-5\">Conector 1<\/div>\n<\/td>\n<td colspan=\"1\" rowspan=\"1\">\n<div class=\"magic-7\">\n<div class=\"magic-9\">Micro USB B f\u00eamea com parafuso, niquelado<\/div>\n<\/div>\n<\/td>\n<\/tr>\n<tr>\n<td colspan=\"1\" rowspan=\"1\">Parafuso\/Porca<\/td>\n<td colspan=\"1\" rowspan=\"1\">M3<\/td>\n<\/tr>\n<tr>\n<td colspan=\"1\" rowspan=\"1\">\n<div class=\"magic-8\">Dist\u00e2ncia do furo<\/div>\n<\/td>\n<td colspan=\"1\" rowspan=\"1\">\n<div class=\"magic-9\">A: 17MM, B: 27MM<\/div>\n<\/td>\n<\/tr>\n<tr>\n<td colspan=\"1\" rowspan=\"1\">\n<div class=\"magic-8\">Comprimento<\/div>\n<\/td>\n<td colspan=\"1\" rowspan=\"1\">\n<div class=\"magic-9\">30 cm<\/div>\n<\/td>\n<\/tr>\n<tr>\n<td colspan=\"1\" rowspan=\"1\">\n<div class=\"magic-8\">Embalagem<\/div>\n<\/td>\n<td colspan=\"1\" rowspan=\"1\">\n<div class=\"magic-9\">Saco branco com fecho de correr<\/div>\n<\/td>\n<\/tr>\n<tr>\n<td colspan=\"1\" rowspan=\"1\">\n<div class=\"magic-8\">Certificado<\/div>\n<\/td>\n<td colspan=\"1\" rowspan=\"1\">\n<div class=\"magic-9\">RoHS<\/div>\n<\/td>\n<\/tr>\n<tr>\n<td colspan=\"1\" rowspan=\"1\">\n<div class=\"magic-5\">Garantia<\/div>\n<\/td>\n<td colspan=\"1\" rowspan=\"1\">\n<div class=\"magic-7\">2 anos<\/div>\n<\/td>\n<\/tr>\n<\/tbody>\n<\/table>\n<\/div>","protected":false},"excerpt":{"rendered":"<p>Desbloqueie o poder da conectividade com o conector USB 2.0 Micro USB de alta qualidade da Farsince, combinando dois cabos Micro USB com seguran\u00e7a atrav\u00e9s de um painel, garantindo transfer\u00eancia de dados r\u00e1pida e sem erros.<\/p>","protected":false},"featured_media":15561,"template":"","meta":{"_acf_changed":false,"_seopress_robots_primary_cat":"","_seopress_titles_title":"USB 2.0 Micro USB Connector Male to Female - Farsince","_seopress_titles_desc":"Unlock the power of connectivity with the Farsince high-quality USB 2.0 Micro USB connector, combining two Micro USB cables securely through a panel.","_seopress_robots_index":"","site-sidebar-layout":"default","site-content-layout":"default","ast-site-content-layout":"default","site-content-style":"default","site-sidebar-style":"default","ast-global-header-display":"","ast-banner-title-visibility":"","ast-main-header-display":"","ast-hfb-above-header-display":"","ast-hfb-below-header-display":"","ast-hfb-mobile-header-display":"","site-post-title":"","ast-breadcrumbs-content":"","ast-featured-img":"","footer-sml-layout":"","ast-disable-related-posts":"","theme-transparent-header-meta":"default","adv-header-id-meta":"","stick-header-meta":"","header-above-stick-meta":"","header-main-stick-meta":"","header-below-stick-meta":"","astra-migrate-meta-layouts":"set","ast-page-background-enabled":"default","ast-page-background-meta":{"desktop":{"background-color":"","background-image":"","background-repeat":"repeat","background-position":"center center","background-size":"auto","background-attachment":"scroll","background-type":"","background-media":"","overlay-type":"","overlay-color":"","overlay-opacity":"","overlay-gradient":""},"tablet":{"background-color":"","background-image":"","background-repeat":"repeat","background-position":"center center","background-size":"auto","background-attachment":"scroll","background-type":"","background-media":"","overlay-type":"","overlay-color":"","overlay-opacity":"","overlay-gradient":""},"mobile":{"background-color":"","background-image":"","background-repeat":"repeat","background-position":"center center","background-size":"auto","background-attachment":"scroll","background-type":"","background-media":"","overlay-type":"","overlay-color":"","overlay-opacity":"","overlay-gradient":""}},"ast-content-background-meta":{"desktop":{"background-color":"var(--ast-global-color-5)","background-image":"","background-repeat":"repeat","background-position":"center center","background-size":"auto","background-attachment":"scroll","background-type":"","background-media":"","overlay-type":"","overlay-color":"","overlay-opacity":"","overlay-gradient":""},"tablet":{"background-color":"var(--ast-global-color-5)","background-image":"","background-repeat":"repeat","background-position":"center center","background-size":"auto","background-attachment":"scroll","background-type":"","background-media":"","overlay-type":"","overlay-color":"","overlay-opacity":"","overlay-gradient":""},"mobile":{"background-color":"var(--ast-global-color-5)","background-image":"","background-repeat":"repeat","background-position":"center center","background-size":"auto","background-attachment":"scroll","background-type":"","background-media":"","overlay-type":"","overlay-color":"","overlay-opacity":"","overlay-gradient":""}},"iawp_total_views":7},"product_brand":[],"product_cat":[238,678],"product_tag":[],"class_list":{"0":"post-15556","1":"product","2":"type-product","3":"status-publish","4":"has-post-thumbnail","6":"product_cat-panel-mount","7":"product_cat-panel-mount-cables","8":"desktop-align-left","9":"tablet-align-left","10":"mobile-align-left","12":"first","13":"instock","14":"shipping-taxable","15":"purchasable","16":"product-type-simple"},"acf":[],"_links":{"self":[{"href":"https:\/\/www.fjpremium.com\/pt\/wp-json\/wp\/v2\/product\/15556","targetHints":{"allow":["GET"]}}],"collection":[{"href":"https:\/\/www.fjpremium.com\/pt\/wp-json\/wp\/v2\/product"}],"about":[{"href":"https:\/\/www.fjpremium.com\/pt\/wp-json\/wp\/v2\/types\/product"}],"wp:featuredmedia":[{"embeddable":true,"href":"https:\/\/www.fjpremium.com\/pt\/wp-json\/wp\/v2\/media\/15561"}],"wp:attachment":[{"href":"https:\/\/www.fjpremium.com\/pt\/wp-json\/wp\/v2\/media?parent=15556"}],"wp:term":[{"taxonomy":"product_brand","embeddable":true,"href":"https:\/\/www.fjpremium.com\/pt\/wp-json\/wp\/v2\/product_brand?post=15556"},{"taxonomy":"product_cat","embeddable":true,"href":"https:\/\/www.fjpremium.com\/pt\/wp-json\/wp\/v2\/product_cat?post=15556"},{"taxonomy":"product_tag","embeddable":true,"href":"https:\/\/www.fjpremium.com\/pt\/wp-json\/wp\/v2\/product_tag?post=15556"}],"curies":[{"name":"wp","href":"https:\/\/api.w.org\/{rel}","templated":true}]}}