{"id":15542,"date":"2020-10-06T09:51:44","date_gmt":"2020-10-06T01:51:44","guid":{"rendered":"https:\/\/www.fjpremium.com\/?post_type=product&#038;p=15542"},"modified":"2023-12-14T13:51:44","modified_gmt":"2023-12-14T05:51:44","slug":"best-emi-suppressor-high-speed-computer-cable-for-ps4-with-ethernet-ultra-hd-3d-4k60hz-2-0-hdmi-cable-gold-plated-1-5-meter","status":"publish","type":"product","link":"https:\/\/www.fjpremium.com\/pt\/product\/best-emi-suppressor-high-speed-computer-cable-for-ps4-with-ethernet-ultra-hd-3d-4k60hz-2-0-hdmi-cable-gold-plated-1-5-meter\/","title":{"rendered":"Cabos de venda quente Melhor cabo HDMI 4K 60hz com Ethernet para 3D"},"content":{"rendered":"<p>Concebido para otimizar as aplica\u00e7\u00f5es de cinema em casa ou de \u00e1udio e v\u00eddeo de secret\u00e1ria, o nosso cabo suporta funcionalidades HDMI de alta velocidade, conetividade Ethernet e resolu\u00e7\u00f5es 4K@60Hz.<\/p>\n<p>Com uma largura de banda de at\u00e9 18 Gbps, proporciona um v\u00eddeo soberbamente fluido, abrangendo o formato de cinema 21:9. Al\u00e9m disso, as suas capacidades Ethernet facilitam o acesso a conte\u00fados interactivos online ou a atualiza\u00e7\u00e3o do firmware do dispositivo, permitindo a liga\u00e7\u00e3o com um \u00fanico cabo de v\u00e1rios dispositivos HDMI com capacidade Ethernet.<\/p>\n<p>Este vers\u00e1til cabo HDMI 4K 60hz \u00e9 igualmente adequado para empilhamento de comutadores de rede com equipamento compat\u00edvel.<\/p>\n<p>Apoiado por uma garantia de 2 anos e em conformidade com as normas RoHS e REACH, promete um desempenho consistente e padr\u00e3o da ind\u00fastria.<\/p>\n<p>As suas especifica\u00e7\u00f5es:<\/p>\n<ul>\n<li>Contacto banhado a ouro, concha banhada a ouro<\/li>\n<li>Condutor do cabo: Cobre sem oxig\u00e9nio de alta pureza<\/li>\n<li>Bitola do fio: 30AWG(1-3M), 28\/30AWG(5M), 26\/28AWG(7.5-10m)<\/li>\n<li>Blindagem tripla: folha de AL torcida, folha de AL total, entran\u00e7ado<\/li>\n<li>Revestimento: PVC<\/li>\n<\/ul>\n<p>Al\u00e9m disso, pode sentir o impacto do Dolby\u00ae TrueHD e do DTS-HD Master Audio\u2122 e saborear a sincronia afinada do \u00e1udio e do v\u00eddeo.<\/p>\n<p>Em suma, contacte-nos hoje mesmo e fa\u00e7a dela a sua escolha para uma multim\u00e9dia vibrante e de alta defini\u00e7\u00e3o.<\/p>","protected":false},"excerpt":{"rendered":"<p>Intensifique a conetividade multim\u00e9dia com o cabo HDMI 4K 60hz da FARSINCE, que apresenta uma qualidade de v\u00eddeo semelhante \u00e0 do cinema e uma sincroniza\u00e7\u00e3o \u00e1udio-v\u00eddeo perfeita.<\/p>","protected":false},"featured_media":15549,"template":"","meta":{"_acf_changed":false,"_seopress_robots_primary_cat":"","_seopress_titles_title":"Best 4K 60hz HDMI Cable with Ethernet for 3D - Farsince","_seopress_titles_desc":"","_seopress_robots_index":"","site-sidebar-layout":"default","site-content-layout":"default","ast-site-content-layout":"default","site-content-style":"default","site-sidebar-style":"default","ast-global-header-display":"","ast-banner-title-visibility":"","ast-main-header-display":"","ast-hfb-above-header-display":"","ast-hfb-below-header-display":"","ast-hfb-mobile-header-display":"","site-post-title":"","ast-breadcrumbs-content":"","ast-featured-img":"","footer-sml-layout":"","ast-disable-related-posts":"","theme-transparent-header-meta":"default","adv-header-id-meta":"","stick-header-meta":"","header-above-stick-meta":"","header-main-stick-meta":"","header-below-stick-meta":"","astra-migrate-meta-layouts":"set","ast-page-background-enabled":"default","ast-page-background-meta":{"desktop":{"background-color":"","background-image":"","background-repeat":"repeat","background-position":"center center","background-size":"auto","background-attachment":"scroll","background-type":"","background-media":"","overlay-type":"","overlay-color":"","overlay-opacity":"","overlay-gradient":""},"tablet":{"background-color":"","background-image":"","background-repeat":"repeat","background-position":"center center","background-size":"auto","background-attachment":"scroll","background-type":"","background-media":"","overlay-type":"","overlay-color":"","overlay-opacity":"","overlay-gradient":""},"mobile":{"background-color":"","background-image":"","background-repeat":"repeat","background-position":"center center","background-size":"auto","background-attachment":"scroll","background-type":"","background-media":"","overlay-type":"","overlay-color":"","overlay-opacity":"","overlay-gradient":""}},"ast-content-background-meta":{"desktop":{"background-color":"var(--ast-global-color-5)","background-image":"","background-repeat":"repeat","background-position":"center center","background-size":"auto","background-attachment":"scroll","background-type":"","background-media":"","overlay-type":"","overlay-color":"","overlay-opacity":"","overlay-gradient":""},"tablet":{"background-color":"var(--ast-global-color-5)","background-image":"","background-repeat":"repeat","background-position":"center center","background-size":"auto","background-attachment":"scroll","background-type":"","background-media":"","overlay-type":"","overlay-color":"","overlay-opacity":"","overlay-gradient":""},"mobile":{"background-color":"var(--ast-global-color-5)","background-image":"","background-repeat":"repeat","background-position":"center center","background-size":"auto","background-attachment":"scroll","background-type":"","background-media":"","overlay-type":"","overlay-color":"","overlay-opacity":"","overlay-gradient":""}},"iawp_total_views":6},"product_brand":[],"product_cat":[211,638],"product_tag":[],"class_list":{"0":"post-15542","1":"product","2":"type-product","3":"status-publish","4":"has-post-thumbnail","6":"product_cat-hdmi","7":"product_cat-hdmi-cables","8":"desktop-align-left","9":"tablet-align-left","10":"mobile-align-left","12":"first","13":"instock","14":"shipping-taxable","15":"purchasable","16":"product-type-simple"},"acf":[],"_links":{"self":[{"href":"https:\/\/www.fjpremium.com\/pt\/wp-json\/wp\/v2\/product\/15542","targetHints":{"allow":["GET"]}}],"collection":[{"href":"https:\/\/www.fjpremium.com\/pt\/wp-json\/wp\/v2\/product"}],"about":[{"href":"https:\/\/www.fjpremium.com\/pt\/wp-json\/wp\/v2\/types\/product"}],"wp:featuredmedia":[{"embeddable":true,"href":"https:\/\/www.fjpremium.com\/pt\/wp-json\/wp\/v2\/media\/15549"}],"wp:attachment":[{"href":"https:\/\/www.fjpremium.com\/pt\/wp-json\/wp\/v2\/media?parent=15542"}],"wp:term":[{"taxonomy":"product_brand","embeddable":true,"href":"https:\/\/www.fjpremium.com\/pt\/wp-json\/wp\/v2\/product_brand?post=15542"},{"taxonomy":"product_cat","embeddable":true,"href":"https:\/\/www.fjpremium.com\/pt\/wp-json\/wp\/v2\/product_cat?post=15542"},{"taxonomy":"product_tag","embeddable":true,"href":"https:\/\/www.fjpremium.com\/pt\/wp-json\/wp\/v2\/product_tag?post=15542"}],"curies":[{"name":"wp","href":"https:\/\/api.w.org\/{rel}","templated":true}]}}