{"id":15541,"date":"2020-08-06T09:51:42","date_gmt":"2020-08-06T01:51:42","guid":{"rendered":"https:\/\/www.fjpremium.com\/?post_type=product&#038;p=15541"},"modified":"2024-03-15T11:30:21","modified_gmt":"2024-03-15T03:30:21","slug":"hdmi-2-0-panel-mount-coupler-adapter-female-to-female-hdmi-wall-mount-connector-short-body-gold-plated-connector-4k-3d","status":"publish","type":"product","link":"https:\/\/www.fjpremium.com\/pt\/product\/hdmi-2-0-panel-mount-coupler-adapter-female-to-female-hdmi-wall-mount-connector-short-body-gold-plated-connector-4k-3d\/","title":{"rendered":"Adaptador de acoplador de montagem em painel HDMI 2.0 f\u00eamea para f\u00eamea Conector de parede HDMI Corpo curto Conector banhado a ouro 4K 3D"},"content":{"rendered":"<div data-section=\"AliMagic-yq8dvh\" data-section-title=\"Product Description\" data-spm-anchor-id=\"a2700.wholesale.pronpeci14.i0.72394306dxcRYq\">\n<p>O nosso conetor proporciona a solu\u00e7\u00e3o ideal para combinar dois cabos HDMI e obter conetividade atrav\u00e9s de um painel. Agora, pode fornecer conetividade de ecr\u00e3 sem esfor\u00e7o a partir de um local seguro.<\/p>\n<p>O design cuidadosamente elaborado deste conetor de parede HDMI assegura uma perda m\u00ednima de sinal, garantindo um desempenho \u00f3timo.<\/p>\n<p>Suporta resolu\u00e7\u00f5es de v\u00eddeo impressionantes at\u00e9 4K*2K@50\/60 (2160p), proporcionando uma nitidez e detalhes v\u00edvidos de cortar a respira\u00e7\u00e3o.<\/p>\n<p>Os conectores banhados a ouro 24 K proporcionam uma transfer\u00eancia de sinal superior, garantindo uma experi\u00eancia de visualiza\u00e7\u00e3o perfeita e ininterrupta.<\/p>\n<p>Cada conetor \u00e9 cuidadosamente testado para cumprir as normas da ind\u00fastria, garantindo uma funcionalidade fi\u00e1vel.<\/p>\n<p>Al\u00e9m disso, pode confiar na nossa garantia de 2 anos para uma paz de esp\u00edrito inigual\u00e1vel. Assim, contacte-nos hoje mesmo e encomende-o.<\/p>\n<\/div>\n<div data-section=\"AliMagic-yq8dvh\" data-section-title=\"Product Description\" data-spm-anchor-id=\"a2700.wholesale.pronpeci14.i0.72394306dxcRYq\"><\/div>\n<div id=\"ali-anchor-AliMagic-yq8dvh\" class=\"magic-0\" data-section=\"AliMagic-yq8dvh\" data-section-title=\"Product Description\" data-spm-anchor-id=\"a2700.wholesale.pronpeci14.i0.72394306dxcRYq\"><strong>Descri\u00e7\u00e3o do produto<\/strong><\/div>\n<div class=\"ife-detail-decorate-table\">\n<table class=\"all magic-4\" style=\"height: 283px;\" width=\"780\">\n<tbody>\n<tr>\n<td colspan=\"1\" rowspan=\"1\">Prazo de entrega<\/td>\n<td colspan=\"1\" rowspan=\"1\">7-10 dias<\/td>\n<\/tr>\n<tr>\n<td colspan=\"1\" rowspan=\"1\">Conector 1<\/td>\n<td colspan=\"1\" rowspan=\"1\">HDMI f\u00eamea, banhado a ouro<\/td>\n<\/tr>\n<tr>\n<td colspan=\"1\" rowspan=\"1\"><span class=\"magic-6\" data-spm-anchor-id=\"a2700.siteadmin.0.i8.49fc3333DMAnrI\">Conector 2<\/span><\/td>\n<td colspan=\"1\" rowspan=\"1\">HDMI f\u00eamea, banhado a ouro<\/td>\n<\/tr>\n<tr>\n<td colspan=\"1\" rowspan=\"1\">comprimento<\/td>\n<td colspan=\"1\" rowspan=\"1\">Acoplador<\/td>\n<\/tr>\n<tr>\n<td colspan=\"1\" rowspan=\"1\">\n<div class=\"magic-8\">Certificado<\/div>\n<\/td>\n<td colspan=\"1\" rowspan=\"1\">\n<div class=\"magic-9\">\n<div class=\"magic-8\"><span style=\"font-size: 16px; font-family: inherit;\">RoHS<\/span><\/div>\n<\/div>\n<\/td>\n<\/tr>\n<\/tbody>\n<\/table>\n<\/div>","protected":false},"excerpt":{"rendered":"<p>Obtenha uma conetividade de ecr\u00e3 perfeita com o conetor de parede HDMI de alta qualidade FARSINCE, que oferece uma impressionante resolu\u00e7\u00e3o de 4K*2K@50\/60 (2160p).<\/p>","protected":false},"featured_media":15543,"template":"","meta":{"_acf_changed":false,"_seopress_robots_primary_cat":"","_seopress_titles_title":"Female to Female HDMI Wall Connector - Farsince","_seopress_titles_desc":"","_seopress_robots_index":"","site-sidebar-layout":"default","site-content-layout":"default","ast-site-content-layout":"default","site-content-style":"default","site-sidebar-style":"default","ast-global-header-display":"","ast-banner-title-visibility":"","ast-main-header-display":"","ast-hfb-above-header-display":"","ast-hfb-below-header-display":"","ast-hfb-mobile-header-display":"","site-post-title":"","ast-breadcrumbs-content":"","ast-featured-img":"","footer-sml-layout":"","ast-disable-related-posts":"","theme-transparent-header-meta":"default","adv-header-id-meta":"","stick-header-meta":"","header-above-stick-meta":"","header-main-stick-meta":"","header-below-stick-meta":"","astra-migrate-meta-layouts":"set","ast-page-background-enabled":"default","ast-page-background-meta":{"desktop":{"background-color":"","background-image":"","background-repeat":"repeat","background-position":"center center","background-size":"auto","background-attachment":"scroll","background-type":"","background-media":"","overlay-type":"","overlay-color":"","overlay-opacity":"","overlay-gradient":""},"tablet":{"background-color":"","background-image":"","background-repeat":"repeat","background-position":"center center","background-size":"auto","background-attachment":"scroll","background-type":"","background-media":"","overlay-type":"","overlay-color":"","overlay-opacity":"","overlay-gradient":""},"mobile":{"background-color":"","background-image":"","background-repeat":"repeat","background-position":"center center","background-size":"auto","background-attachment":"scroll","background-type":"","background-media":"","overlay-type":"","overlay-color":"","overlay-opacity":"","overlay-gradient":""}},"ast-content-background-meta":{"desktop":{"background-color":"var(--ast-global-color-5)","background-image":"","background-repeat":"repeat","background-position":"center center","background-size":"auto","background-attachment":"scroll","background-type":"","background-media":"","overlay-type":"","overlay-color":"","overlay-opacity":"","overlay-gradient":""},"tablet":{"background-color":"var(--ast-global-color-5)","background-image":"","background-repeat":"repeat","background-position":"center center","background-size":"auto","background-attachment":"scroll","background-type":"","background-media":"","overlay-type":"","overlay-color":"","overlay-opacity":"","overlay-gradient":""},"mobile":{"background-color":"var(--ast-global-color-5)","background-image":"","background-repeat":"repeat","background-position":"center center","background-size":"auto","background-attachment":"scroll","background-type":"","background-media":"","overlay-type":"","overlay-color":"","overlay-opacity":"","overlay-gradient":""}},"iawp_total_views":7},"product_brand":[],"product_cat":[238,679],"product_tag":[],"class_list":{"0":"post-15541","1":"product","2":"type-product","3":"status-publish","4":"has-post-thumbnail","6":"product_cat-panel-mount","7":"product_cat-panel-mount-couplers","8":"desktop-align-left","9":"tablet-align-left","10":"mobile-align-left","12":"first","13":"instock","14":"shipping-taxable","15":"purchasable","16":"product-type-simple"},"acf":[],"_links":{"self":[{"href":"https:\/\/www.fjpremium.com\/pt\/wp-json\/wp\/v2\/product\/15541","targetHints":{"allow":["GET"]}}],"collection":[{"href":"https:\/\/www.fjpremium.com\/pt\/wp-json\/wp\/v2\/product"}],"about":[{"href":"https:\/\/www.fjpremium.com\/pt\/wp-json\/wp\/v2\/types\/product"}],"wp:featuredmedia":[{"embeddable":true,"href":"https:\/\/www.fjpremium.com\/pt\/wp-json\/wp\/v2\/media\/15543"}],"wp:attachment":[{"href":"https:\/\/www.fjpremium.com\/pt\/wp-json\/wp\/v2\/media?parent=15541"}],"wp:term":[{"taxonomy":"product_brand","embeddable":true,"href":"https:\/\/www.fjpremium.com\/pt\/wp-json\/wp\/v2\/product_brand?post=15541"},{"taxonomy":"product_cat","embeddable":true,"href":"https:\/\/www.fjpremium.com\/pt\/wp-json\/wp\/v2\/product_cat?post=15541"},{"taxonomy":"product_tag","embeddable":true,"href":"https:\/\/www.fjpremium.com\/pt\/wp-json\/wp\/v2\/product_tag?post=15541"}],"curies":[{"name":"wp","href":"https:\/\/api.w.org\/{rel}","templated":true}]}}