{"id":15398,"date":"2020-05-29T15:06:34","date_gmt":"2020-05-29T07:06:34","guid":{"rendered":"https:\/\/www.fjpremium.com\/?post_type=product&#038;p=15398"},"modified":"2023-09-18T17:13:53","modified_gmt":"2023-09-18T09:13:53","slug":"usb-3-1-type-c-usb-c-to-3-port-usb-3-0-multi-port-hub-with-power-delivery","status":"publish","type":"product","link":"https:\/\/www.fjpremium.com\/pt\/product\/usb-3-1-type-c-usb-c-to-3-port-usb-3-0-multi-port-hub-with-power-delivery\/","title":{"rendered":"Hub USB 3.0 4 em 1 de 3 portas USB C com Power Delivery"},"content":{"rendered":"<p>O nosso hub melhora as capacidades USB do seu dispositivo com tr\u00eas portas USB-A adicionais, enquanto carrega o seu dispositivo. Com um conetor USB-C sim\u00e9trico, oferece uma experi\u00eancia de liga\u00e7\u00e3o sem complica\u00e7\u00f5es.<\/p>\n<p>Al\u00e9m disso, com uma taxa de transfer\u00eancia de dados de at\u00e9 5 Gbps, a transfer\u00eancia de dados r\u00e1pida e eficiente \u00e9 uma garantia.<\/p>\n<p>Com uma constru\u00e7\u00e3o de par entran\u00e7ado blindado com folha de alum\u00ednio, este hub promete uma comunica\u00e7\u00e3o de dados de alta velocidade e sem erros. Al\u00e9m disso, o design leve e compacto \u00e9 ideal para a comodidade de transporte.<\/p>\n<p>As suas especifica\u00e7\u00f5es:<\/p>\n<ul>\n<li>Conector 1: USB tipo C macho<\/li>\n<li>Conector 2: USB 3.0 f\u00eamea x 3\/ USB Tipo C f\u00eamea<\/li>\n<li>Contacto banhado a ouro, concha banhada a n\u00edquel<\/li>\n<li>Condutor do cabo: Cobre estanhado<\/li>\n<li>Isolamento: Espuma de PE SKIN\/HDPE<\/li>\n<li>Bitola do fio: 32\/32\/26AWG<\/li>\n<li>Caixa: Concha em ABS<\/li>\n<li>Revestimento: PVC<\/li>\n<li>Di\u00e2metro exterior: 4,2\u00b10,2 mm<\/li>\n<li>Conformidade: RoHS, REACH, CE<\/li>\n<\/ul>\n<p>Al\u00e9m disso, testado rigorosamente para cumprir as normas da ind\u00fastria, possui uma garantia de 2 anos da Farsince. Em suma, contacte-nos hoje mesmo e encomende o concentrador USB C com alimenta\u00e7\u00e3o el\u00e9ctrica.<\/p>","protected":false},"excerpt":{"rendered":"<p>Transforme a \u00fanica porta USB-C em m\u00faltiplas com o hub USB 3.0 4 em 1 de alta qualidade USB C de 3 portas com fornecimento de energia para transfer\u00eancia r\u00e1pida de dados, carregamento simult\u00e2neo e conex\u00e3o descomplicada.<\/p>","protected":false},"featured_media":15413,"template":"","meta":{"_acf_changed":false,"_seopress_robots_primary_cat":"","_seopress_titles_title":"3 Port USB C Hub with Power Delivery - Farsince","_seopress_titles_desc":"Transform the single USB-C port into multiple with the high-quality USB C hub with power delivery for fast data transfer and hassle-free connection.","_seopress_robots_index":"","site-sidebar-layout":"default","site-content-layout":"default","ast-site-content-layout":"default","site-content-style":"default","site-sidebar-style":"default","ast-global-header-display":"","ast-banner-title-visibility":"","ast-main-header-display":"","ast-hfb-above-header-display":"","ast-hfb-below-header-display":"","ast-hfb-mobile-header-display":"","site-post-title":"","ast-breadcrumbs-content":"","ast-featured-img":"","footer-sml-layout":"","ast-disable-related-posts":"","theme-transparent-header-meta":"default","adv-header-id-meta":"","stick-header-meta":"","header-above-stick-meta":"","header-main-stick-meta":"","header-below-stick-meta":"","astra-migrate-meta-layouts":"set","ast-page-background-enabled":"default","ast-page-background-meta":{"desktop":{"background-color":"","background-image":"","background-repeat":"repeat","background-position":"center center","background-size":"auto","background-attachment":"scroll","background-type":"","background-media":"","overlay-type":"","overlay-color":"","overlay-opacity":"","overlay-gradient":""},"tablet":{"background-color":"","background-image":"","background-repeat":"repeat","background-position":"center center","background-size":"auto","background-attachment":"scroll","background-type":"","background-media":"","overlay-type":"","overlay-color":"","overlay-opacity":"","overlay-gradient":""},"mobile":{"background-color":"","background-image":"","background-repeat":"repeat","background-position":"center center","background-size":"auto","background-attachment":"scroll","background-type":"","background-media":"","overlay-type":"","overlay-color":"","overlay-opacity":"","overlay-gradient":""}},"ast-content-background-meta":{"desktop":{"background-color":"var(--ast-global-color-5)","background-image":"","background-repeat":"repeat","background-position":"center center","background-size":"auto","background-attachment":"scroll","background-type":"","background-media":"","overlay-type":"","overlay-color":"","overlay-opacity":"","overlay-gradient":""},"tablet":{"background-color":"var(--ast-global-color-5)","background-image":"","background-repeat":"repeat","background-position":"center center","background-size":"auto","background-attachment":"scroll","background-type":"","background-media":"","overlay-type":"","overlay-color":"","overlay-opacity":"","overlay-gradient":""},"mobile":{"background-color":"var(--ast-global-color-5)","background-image":"","background-repeat":"repeat","background-position":"center center","background-size":"auto","background-attachment":"scroll","background-type":"","background-media":"","overlay-type":"","overlay-color":"","overlay-opacity":"","overlay-gradient":""}},"iawp_total_views":3},"product_brand":[],"product_cat":[222],"product_tag":[],"class_list":{"0":"post-15398","1":"product","2":"type-product","3":"status-publish","4":"has-post-thumbnail","6":"product_cat-usb-c-cables","7":"desktop-align-left","8":"tablet-align-left","9":"mobile-align-left","11":"first","12":"instock","13":"shipping-taxable","14":"purchasable","15":"product-type-simple"},"acf":[],"_links":{"self":[{"href":"https:\/\/www.fjpremium.com\/pt\/wp-json\/wp\/v2\/product\/15398","targetHints":{"allow":["GET"]}}],"collection":[{"href":"https:\/\/www.fjpremium.com\/pt\/wp-json\/wp\/v2\/product"}],"about":[{"href":"https:\/\/www.fjpremium.com\/pt\/wp-json\/wp\/v2\/types\/product"}],"wp:featuredmedia":[{"embeddable":true,"href":"https:\/\/www.fjpremium.com\/pt\/wp-json\/wp\/v2\/media\/15413"}],"wp:attachment":[{"href":"https:\/\/www.fjpremium.com\/pt\/wp-json\/wp\/v2\/media?parent=15398"}],"wp:term":[{"taxonomy":"product_brand","embeddable":true,"href":"https:\/\/www.fjpremium.com\/pt\/wp-json\/wp\/v2\/product_brand?post=15398"},{"taxonomy":"product_cat","embeddable":true,"href":"https:\/\/www.fjpremium.com\/pt\/wp-json\/wp\/v2\/product_cat?post=15398"},{"taxonomy":"product_tag","embeddable":true,"href":"https:\/\/www.fjpremium.com\/pt\/wp-json\/wp\/v2\/product_tag?post=15398"}],"curies":[{"name":"wp","href":"https:\/\/api.w.org\/{rel}","templated":true}]}}