{"id":15397,"date":"2020-05-29T15:06:33","date_gmt":"2020-05-29T07:06:33","guid":{"rendered":"https:\/\/www.fjpremium.com\/?post_type=product&#038;p=15397"},"modified":"2023-09-18T17:14:55","modified_gmt":"2023-09-18T09:14:55","slug":"usb-3-1-type-c-usb-c-male-to-usb2-0-mini-displayport-pd-3-in-1-multi-port-hub-adapter","status":"publish","type":"product","link":"https:\/\/www.fjpremium.com\/pt\/product\/usb-3-1-type-c-usb-c-male-to-usb2-0-mini-displayport-pd-3-in-1-multi-port-hub-adapter\/","title":{"rendered":"Adaptador multiporta Mini DisplayPort para hub USB C"},"content":{"rendered":"<p>O adaptador \u00e9 um acess\u00f3rio crucial para o seu computador ou tablet com USB Tipo C. Permite uma sa\u00edda de v\u00eddeo 4K n\u00edtida atrav\u00e9s da porta mini DP, transfer\u00eancias de dados r\u00e1pidas atrav\u00e9s da porta USB 3.0 e carregamento eficiente atrav\u00e9s da porta f\u00eamea USB Tipo C.<\/p>\n<p>Concebido com um condutor de cabo de cobre estanhado e revestido por um inv\u00f3lucro em ABS, este adaptador robusto garante um desempenho superior.<\/p>\n<p>Al\u00e9m disso, \u00e9 compacto, leve e n\u00e3o necessita de condutor para funcionar, o que o torna perfeito para ambientes BYOD.<\/p>\n<p>As suas especifica\u00e7\u00f5es:<\/p>\n<ul>\n<li>Contacto banhado a ouro, concha banhada a n\u00edquel<\/li>\n<li>Isolamento: Espuma de PE SKIN\/HDPE<\/li>\n<li>Bitola do fio: 34\/32\/22AWG<\/li>\n<li>Blindagem tripla: par entran\u00e7ado de folha de alum\u00ednio, folha de alum\u00ednio geral, entran\u00e7ado<\/li>\n<li>Chipset: FUSB300C+SM39R01<\/li>\n<li>Revestimento: PVC<\/li>\n<li>Di\u00e2metro exterior: 4,2\u00b10,2mm<\/li>\n<li>Conformidade: RoHS, REACH, CE<\/li>\n<\/ul>\n<p>Al\u00e9m disso, testado para funcionar de acordo com os padr\u00f5es da ind\u00fastria, \u00e9 apoiado pela garantia de 2 anos da Farsince. Em suma, contacte-nos hoje mesmo e encomende este adaptador USB C hub multiportas.<\/p>","protected":false},"excerpt":{"rendered":"<p>Melhore a sua conetividade com este adaptador multiportas 3-em-1 mini DisplayPort para hub USB C para transfer\u00eancias de dados r\u00e1pidas, sa\u00edda de v\u00eddeo 4K e carregamento eficiente.<\/p>","protected":false},"featured_media":15408,"template":"","meta":{"_acf_changed":false,"_seopress_robots_primary_cat":"","_seopress_titles_title":"Mini DisplayPort to USB C Hub Multiport Adapter - FARSINCE","_seopress_titles_desc":"","_seopress_robots_index":"","site-sidebar-layout":"default","site-content-layout":"default","ast-site-content-layout":"default","site-content-style":"default","site-sidebar-style":"default","ast-global-header-display":"","ast-banner-title-visibility":"","ast-main-header-display":"","ast-hfb-above-header-display":"","ast-hfb-below-header-display":"","ast-hfb-mobile-header-display":"","site-post-title":"","ast-breadcrumbs-content":"","ast-featured-img":"","footer-sml-layout":"","ast-disable-related-posts":"","theme-transparent-header-meta":"default","adv-header-id-meta":"","stick-header-meta":"","header-above-stick-meta":"","header-main-stick-meta":"","header-below-stick-meta":"","astra-migrate-meta-layouts":"set","ast-page-background-enabled":"default","ast-page-background-meta":{"desktop":{"background-color":"","background-image":"","background-repeat":"repeat","background-position":"center center","background-size":"auto","background-attachment":"scroll","background-type":"","background-media":"","overlay-type":"","overlay-color":"","overlay-opacity":"","overlay-gradient":""},"tablet":{"background-color":"","background-image":"","background-repeat":"repeat","background-position":"center center","background-size":"auto","background-attachment":"scroll","background-type":"","background-media":"","overlay-type":"","overlay-color":"","overlay-opacity":"","overlay-gradient":""},"mobile":{"background-color":"","background-image":"","background-repeat":"repeat","background-position":"center center","background-size":"auto","background-attachment":"scroll","background-type":"","background-media":"","overlay-type":"","overlay-color":"","overlay-opacity":"","overlay-gradient":""}},"ast-content-background-meta":{"desktop":{"background-color":"var(--ast-global-color-5)","background-image":"","background-repeat":"repeat","background-position":"center center","background-size":"auto","background-attachment":"scroll","background-type":"","background-media":"","overlay-type":"","overlay-color":"","overlay-opacity":"","overlay-gradient":""},"tablet":{"background-color":"var(--ast-global-color-5)","background-image":"","background-repeat":"repeat","background-position":"center center","background-size":"auto","background-attachment":"scroll","background-type":"","background-media":"","overlay-type":"","overlay-color":"","overlay-opacity":"","overlay-gradient":""},"mobile":{"background-color":"var(--ast-global-color-5)","background-image":"","background-repeat":"repeat","background-position":"center center","background-size":"auto","background-attachment":"scroll","background-type":"","background-media":"","overlay-type":"","overlay-color":"","overlay-opacity":"","overlay-gradient":""}},"iawp_total_views":10},"product_brand":[],"product_cat":[222],"product_tag":[],"class_list":{"0":"post-15397","1":"product","2":"type-product","3":"status-publish","4":"has-post-thumbnail","6":"product_cat-usb-c-cables","7":"desktop-align-left","8":"tablet-align-left","9":"mobile-align-left","11":"first","12":"instock","13":"shipping-taxable","14":"purchasable","15":"product-type-simple"},"acf":[],"_links":{"self":[{"href":"https:\/\/www.fjpremium.com\/pt\/wp-json\/wp\/v2\/product\/15397","targetHints":{"allow":["GET"]}}],"collection":[{"href":"https:\/\/www.fjpremium.com\/pt\/wp-json\/wp\/v2\/product"}],"about":[{"href":"https:\/\/www.fjpremium.com\/pt\/wp-json\/wp\/v2\/types\/product"}],"wp:featuredmedia":[{"embeddable":true,"href":"https:\/\/www.fjpremium.com\/pt\/wp-json\/wp\/v2\/media\/15408"}],"wp:attachment":[{"href":"https:\/\/www.fjpremium.com\/pt\/wp-json\/wp\/v2\/media?parent=15397"}],"wp:term":[{"taxonomy":"product_brand","embeddable":true,"href":"https:\/\/www.fjpremium.com\/pt\/wp-json\/wp\/v2\/product_brand?post=15397"},{"taxonomy":"product_cat","embeddable":true,"href":"https:\/\/www.fjpremium.com\/pt\/wp-json\/wp\/v2\/product_cat?post=15397"},{"taxonomy":"product_tag","embeddable":true,"href":"https:\/\/www.fjpremium.com\/pt\/wp-json\/wp\/v2\/product_tag?post=15397"}],"curies":[{"name":"wp","href":"https:\/\/api.w.org\/{rel}","templated":true}]}}