{"id":15273,"date":"2020-05-29T14:22:12","date_gmt":"2020-05-29T06:22:12","guid":{"rendered":"https:\/\/www.fjpremium.com\/?post_type=product&#038;p=15273"},"modified":"2023-09-20T10:45:54","modified_gmt":"2023-09-20T02:45:54","slug":"usb-3-1-type-c-usb-c-male-to-sata-male-adapter-cable","status":"publish","type":"product","link":"https:\/\/www.fjpremium.com\/pt\/product\/usb-3-1-type-c-usb-c-male-to-sata-male-adapter-cable\/","title":{"rendered":"Cabo adaptador macho para macho USB C para SATA"},"content":{"rendered":"<p>Este adaptador macho USB-C para macho SATA, uma solu\u00e7\u00e3o de alta qualidade para ligar o seu disco r\u00edgido ou SSD SATA de 2,5 polegadas ou 3,5 polegadas ao seu computador atrav\u00e9s de uma porta USB-C dispon\u00edvel, pode suportar uma taxa de transfer\u00eancia de dados r\u00e1pida de at\u00e9 5 Gbps.<\/p>\n<p>Com compatibilidade de d\u00e9bito de dados SATA 3, est\u00e1 preparado para o futuro, sendo tamb\u00e9m totalmente compat\u00edvel com os discos r\u00edgidos SATA 2.<\/p>\n<p>O design revers\u00edvel do conetor USB-C \u00e9 pr\u00e1tico, permitindo a liga\u00e7\u00e3o de qualquer forma.<\/p>\n<p>Al\u00e9m disso, refor\u00e7ado com folha met\u00e1lica, blindagem entran\u00e7ada contra interfer\u00eancias EMI\/RFI e uma constru\u00e7\u00e3o de par entran\u00e7ado que reduz a diafonia, o nosso cabo adaptador USB C para SATA garante uma transfer\u00eancia de dados r\u00e1pida e sem erros.<\/p>\n<p>As suas especifica\u00e7\u00f5es:<\/p>\n<ul>\n<li>Conector 1: USB tipo C macho<\/li>\n<li>Conector 2: SATA 3.0 22PIN macho<\/li>\n<li>Contacto banhado a ouro, concha banhada a n\u00edquel<\/li>\n<li>Condutor do cabo: Cobre estanhado<\/li>\n<li>Isolamento: Espuma de PE SKIN\/HDPE<\/li>\n<li>Bitola do fio: 30\/32AWG<\/li>\n<li>Caixa: Concha de pl\u00e1stico<\/li>\n<li>Chip: ASM1153E<\/li>\n<li>Revestimento: PVC<\/li>\n<li>Di\u00e2metro exterior: 4,8\u00b10,2mm<\/li>\n<li>Conformidade: RoHS, REACH, CE<\/li>\n<\/ul>\n<p>Em geral, contacte-nos hoje mesmo e encomende o cabo.<\/p>","protected":false},"excerpt":{"rendered":"<p>Conecte o disco r\u00edgido SATA ao computador de forma r\u00e1pida e f\u00e1cil com o cabo adaptador USB C para SATA de alta qualidade da Farsince, capaz de taxas de transfer\u00eancia de dados de 5 Gbps.<\/p>","protected":false},"featured_media":16913,"template":"","meta":{"_acf_changed":false,"_seopress_robots_primary_cat":"","_seopress_titles_title":"Best Male to Male USB C to SATA Adapter Cable - FARSINCE","_seopress_titles_desc":"","_seopress_robots_index":"","_seopress_analysis_target_kw":"USB C to SATA Adapter Cable","site-sidebar-layout":"default","site-content-layout":"default","ast-site-content-layout":"default","site-content-style":"default","site-sidebar-style":"default","ast-global-header-display":"","ast-banner-title-visibility":"","ast-main-header-display":"","ast-hfb-above-header-display":"","ast-hfb-below-header-display":"","ast-hfb-mobile-header-display":"","site-post-title":"","ast-breadcrumbs-content":"","ast-featured-img":"","footer-sml-layout":"","ast-disable-related-posts":"","theme-transparent-header-meta":"default","adv-header-id-meta":"","stick-header-meta":"","header-above-stick-meta":"","header-main-stick-meta":"","header-below-stick-meta":"","astra-migrate-meta-layouts":"set","ast-page-background-enabled":"default","ast-page-background-meta":{"desktop":{"background-color":"","background-image":"","background-repeat":"repeat","background-position":"center center","background-size":"auto","background-attachment":"scroll","background-type":"","background-media":"","overlay-type":"","overlay-color":"","overlay-opacity":"","overlay-gradient":""},"tablet":{"background-color":"","background-image":"","background-repeat":"repeat","background-position":"center center","background-size":"auto","background-attachment":"scroll","background-type":"","background-media":"","overlay-type":"","overlay-color":"","overlay-opacity":"","overlay-gradient":""},"mobile":{"background-color":"","background-image":"","background-repeat":"repeat","background-position":"center center","background-size":"auto","background-attachment":"scroll","background-type":"","background-media":"","overlay-type":"","overlay-color":"","overlay-opacity":"","overlay-gradient":""}},"ast-content-background-meta":{"desktop":{"background-color":"var(--ast-global-color-5)","background-image":"","background-repeat":"repeat","background-position":"center center","background-size":"auto","background-attachment":"scroll","background-type":"","background-media":"","overlay-type":"","overlay-color":"","overlay-opacity":"","overlay-gradient":""},"tablet":{"background-color":"var(--ast-global-color-5)","background-image":"","background-repeat":"repeat","background-position":"center center","background-size":"auto","background-attachment":"scroll","background-type":"","background-media":"","overlay-type":"","overlay-color":"","overlay-opacity":"","overlay-gradient":""},"mobile":{"background-color":"var(--ast-global-color-5)","background-image":"","background-repeat":"repeat","background-position":"center center","background-size":"auto","background-attachment":"scroll","background-type":"","background-media":"","overlay-type":"","overlay-color":"","overlay-opacity":"","overlay-gradient":""}},"iawp_total_views":17},"product_brand":[],"product_cat":[222],"product_tag":[],"class_list":{"0":"post-15273","1":"product","2":"type-product","3":"status-publish","4":"has-post-thumbnail","6":"product_cat-usb-c-cables","7":"desktop-align-left","8":"tablet-align-left","9":"mobile-align-left","11":"first","12":"instock","13":"shipping-taxable","14":"purchasable","15":"product-type-simple"},"acf":[],"_links":{"self":[{"href":"https:\/\/www.fjpremium.com\/pt\/wp-json\/wp\/v2\/product\/15273","targetHints":{"allow":["GET"]}}],"collection":[{"href":"https:\/\/www.fjpremium.com\/pt\/wp-json\/wp\/v2\/product"}],"about":[{"href":"https:\/\/www.fjpremium.com\/pt\/wp-json\/wp\/v2\/types\/product"}],"wp:featuredmedia":[{"embeddable":true,"href":"https:\/\/www.fjpremium.com\/pt\/wp-json\/wp\/v2\/media\/16913"}],"wp:attachment":[{"href":"https:\/\/www.fjpremium.com\/pt\/wp-json\/wp\/v2\/media?parent=15273"}],"wp:term":[{"taxonomy":"product_brand","embeddable":true,"href":"https:\/\/www.fjpremium.com\/pt\/wp-json\/wp\/v2\/product_brand?post=15273"},{"taxonomy":"product_cat","embeddable":true,"href":"https:\/\/www.fjpremium.com\/pt\/wp-json\/wp\/v2\/product_cat?post=15273"},{"taxonomy":"product_tag","embeddable":true,"href":"https:\/\/www.fjpremium.com\/pt\/wp-json\/wp\/v2\/product_tag?post=15273"}],"curies":[{"name":"wp","href":"https:\/\/api.w.org\/{rel}","templated":true}]}}