{"id":15260,"date":"2020-05-29T14:17:12","date_gmt":"2020-05-29T06:17:12","guid":{"rendered":"https:\/\/www.fjpremium.com\/?post_type=product&#038;p=15260"},"modified":"2023-09-18T17:34:52","modified_gmt":"2023-09-18T09:34:52","slug":"usb-3-1-type-c-usb-c-male-to-hdmi-male-adapter-cable","status":"publish","type":"product","link":"https:\/\/www.fjpremium.com\/pt\/product\/usb-3-1-type-c-usb-c-male-to-hdmi-male-adapter-cable\/","title":{"rendered":"Adaptador macho para macho, cabo tipo C para HDMI, at\u00e9 8K@60Hz"},"content":{"rendered":"<p>O cabo adaptador USB 3.1 Tipo C (USB-C) macho para HDMI macho \u00e9 um produto de alta qualidade que liga dispositivos equipados com uma porta USB Tipo C e ecr\u00e3s com uma porta HDMI, como HDTVs, monitores e projectores.<\/p>\n<p>Capaz de suportar uma resolu\u00e7\u00e3o at\u00e9 8k@60Hz, proporciona uma imagem de v\u00eddeo de alta qualidade para uma experi\u00eancia de visualiza\u00e7\u00e3o envolvente. Al\u00e9m disso, o conetor USB tipo C \u00e9 revers\u00edvel e sim\u00e9trico, simplificando o processo de liga\u00e7\u00e3o.<\/p>\n<p>O nosso cabo Tipo C para HDMI \u00e9 fabricado em cobre estanhado e possui blindagem tripla com folha de alum\u00ednio e entran\u00e7ado para garantir um sinal fi\u00e1vel e sem interfer\u00eancias.<\/p>\n<p>A caixa \u00e9 em ABS ou alum\u00ednio dur\u00e1vel e o di\u00e2metro exterior \u00e9 de 4,5 \u00b1 0,2 mm.<\/p>\n<p>As suas especifica\u00e7\u00f5es:<\/p>\n<ul>\n<li>Conector 1: USB tipo C macho<\/li>\n<li>Conector 2: HDMI 19 pinos macho<\/li>\n<li>Contacto banhado a ouro, concha banhada a ouro<\/li>\n<li>Condutor do cabo: Cobre estanhado<\/li>\n<li>Isolamento: Espuma de PE SKIN\/HDPE<\/li>\n<li>Bitola do fio: 32\/32\/26AWG<\/li>\n<li>Chipset: RTD2171U ou AG9310 ou RTD2172U<\/li>\n<li>Revestimento: PVC<\/li>\n<\/ul>\n<p>Al\u00e9m disso, est\u00e1 em conformidade com as normas RoHS, REACH e CE e \u00e9 fornecido com uma garantia de 2 anos da Farsince. Por conseguinte, contacte-nos hoje mesmo e encomende este cabo.<\/p>","protected":false},"excerpt":{"rendered":"<p>Experimente a transmiss\u00e3o de v\u00eddeo de alta qualidade com o cabo USB 3.1 Tipo C para HDMI da Farsince, capaz de suportar uma resolu\u00e7\u00e3o de 8K@60Hz.<\/p>","protected":false},"featured_media":16869,"template":"","meta":{"_acf_changed":false,"_seopress_robots_primary_cat":"","_seopress_titles_title":"Male to Male Adapter, Type C to HDMI Cable - Farsince","_seopress_titles_desc":"","_seopress_robots_index":"","site-sidebar-layout":"default","site-content-layout":"default","ast-site-content-layout":"default","site-content-style":"default","site-sidebar-style":"default","ast-global-header-display":"","ast-banner-title-visibility":"","ast-main-header-display":"","ast-hfb-above-header-display":"","ast-hfb-below-header-display":"","ast-hfb-mobile-header-display":"","site-post-title":"","ast-breadcrumbs-content":"","ast-featured-img":"","footer-sml-layout":"","ast-disable-related-posts":"","theme-transparent-header-meta":"default","adv-header-id-meta":"","stick-header-meta":"","header-above-stick-meta":"","header-main-stick-meta":"","header-below-stick-meta":"","astra-migrate-meta-layouts":"set","ast-page-background-enabled":"default","ast-page-background-meta":{"desktop":{"background-color":"","background-image":"","background-repeat":"repeat","background-position":"center center","background-size":"auto","background-attachment":"scroll","background-type":"","background-media":"","overlay-type":"","overlay-color":"","overlay-opacity":"","overlay-gradient":""},"tablet":{"background-color":"","background-image":"","background-repeat":"repeat","background-position":"center center","background-size":"auto","background-attachment":"scroll","background-type":"","background-media":"","overlay-type":"","overlay-color":"","overlay-opacity":"","overlay-gradient":""},"mobile":{"background-color":"","background-image":"","background-repeat":"repeat","background-position":"center center","background-size":"auto","background-attachment":"scroll","background-type":"","background-media":"","overlay-type":"","overlay-color":"","overlay-opacity":"","overlay-gradient":""}},"ast-content-background-meta":{"desktop":{"background-color":"var(--ast-global-color-5)","background-image":"","background-repeat":"repeat","background-position":"center center","background-size":"auto","background-attachment":"scroll","background-type":"","background-media":"","overlay-type":"","overlay-color":"","overlay-opacity":"","overlay-gradient":""},"tablet":{"background-color":"var(--ast-global-color-5)","background-image":"","background-repeat":"repeat","background-position":"center center","background-size":"auto","background-attachment":"scroll","background-type":"","background-media":"","overlay-type":"","overlay-color":"","overlay-opacity":"","overlay-gradient":""},"mobile":{"background-color":"var(--ast-global-color-5)","background-image":"","background-repeat":"repeat","background-position":"center center","background-size":"auto","background-attachment":"scroll","background-type":"","background-media":"","overlay-type":"","overlay-color":"","overlay-opacity":"","overlay-gradient":""}},"iawp_total_views":2},"product_brand":[],"product_cat":[222],"product_tag":[],"class_list":{"0":"post-15260","1":"product","2":"type-product","3":"status-publish","4":"has-post-thumbnail","6":"product_cat-usb-c-cables","7":"desktop-align-left","8":"tablet-align-left","9":"mobile-align-left","11":"first","12":"instock","13":"shipping-taxable","14":"purchasable","15":"product-type-simple"},"acf":[],"_links":{"self":[{"href":"https:\/\/www.fjpremium.com\/pt\/wp-json\/wp\/v2\/product\/15260","targetHints":{"allow":["GET"]}}],"collection":[{"href":"https:\/\/www.fjpremium.com\/pt\/wp-json\/wp\/v2\/product"}],"about":[{"href":"https:\/\/www.fjpremium.com\/pt\/wp-json\/wp\/v2\/types\/product"}],"wp:featuredmedia":[{"embeddable":true,"href":"https:\/\/www.fjpremium.com\/pt\/wp-json\/wp\/v2\/media\/16869"}],"wp:attachment":[{"href":"https:\/\/www.fjpremium.com\/pt\/wp-json\/wp\/v2\/media?parent=15260"}],"wp:term":[{"taxonomy":"product_brand","embeddable":true,"href":"https:\/\/www.fjpremium.com\/pt\/wp-json\/wp\/v2\/product_brand?post=15260"},{"taxonomy":"product_cat","embeddable":true,"href":"https:\/\/www.fjpremium.com\/pt\/wp-json\/wp\/v2\/product_cat?post=15260"},{"taxonomy":"product_tag","embeddable":true,"href":"https:\/\/www.fjpremium.com\/pt\/wp-json\/wp\/v2\/product_tag?post=15260"}],"curies":[{"name":"wp","href":"https:\/\/api.w.org\/{rel}","templated":true}]}}