{"id":15191,"date":"2020-05-29T13:52:30","date_gmt":"2020-05-29T05:52:30","guid":{"rendered":"https:\/\/www.fjpremium.com\/?post_type=product&#038;p=15191"},"modified":"2023-12-14T13:56:47","modified_gmt":"2023-12-14T05:56:47","slug":"30awg-ultra-slim-cat8-s-ftp-shielded-twisted-4-pairs-patch-cord-40gbase-t2000mhz","status":"publish","type":"product","link":"https:\/\/www.fjpremium.com\/pt\/product\/30awg-ultra-slim-cat8-s-ftp-shielded-twisted-4-pairs-patch-cord-40gbase-t2000mhz\/","title":{"rendered":"F\/FTP Cabo de rede fino Cat8 28AWG 30AWG 32AWG"},"content":{"rendered":"<p>Ideal para utiliza\u00e7\u00e3o em casa ou no escrit\u00f3rio, o nosso cabo de rede cat8 suporta Ethernet Gigabit 10GBase-T e proporciona um desempenho excecional com a sua constru\u00e7\u00e3o dupla totalmente blindada, protegendo contra ru\u00eddos EMI\/RFI e interfer\u00eancias electromagn\u00e9ticas.<\/p>\n<p>Cumprindo ou excedendo as normas da Categoria 8 em conformidade com as especifica\u00e7\u00f5es TIA\/EIA-568-C.2, assegura a transfer\u00eancia de dados a alta velocidade com uma largura de banda at\u00e9 2000MHz, perfeita para aplica\u00e7\u00f5es de servidor, computa\u00e7\u00e3o em nuvem, vigil\u00e2ncia por v\u00eddeo e transmiss\u00e3o de v\u00eddeo de alta defini\u00e7\u00e3o online.<\/p>\n<p>Este cabo de rede cat8 inclui op\u00e7\u00f5es de cabo entran\u00e7ado 28AWG (7\/0,12 mm), 30AWG (7\/0,10 mm) e 32AWG (7\/0,08 mm) para m\u00e1xima flexibilidade, blindagem individual em folha de alum\u00ednio para cada par e conformidade com as especifica\u00e7\u00f5es ISO\/IEC 11801.<\/p>\n<p>Al\u00e9m disso, concebido para os requisitos arquitect\u00f3nicos dos centros de dados, o cabo est\u00e1 dispon\u00edvel em v\u00e1rias cores e comprimentos para se adaptar \u00e0s suas necessidades e est\u00e1 em conformidade com as normas RoHS e REACH.<\/p>\n<p>Ostenta:<\/p>\n<ul>\n<li>Condutores: Cobre nu ou cobre estanhado<\/li>\n<li>Isolamento: Espuma PE, pares com c\u00f3digo de cores<\/li>\n<li>Fio de drenagem: 28AWG (7\/0,12mm), 30AWG (7\/0,10mm), 32AWG (7\/0,08mm)<\/li>\n<li>Revestimento: PVC<\/li>\n<li>Di\u00e2metros exteriores: 28AWG (5,3 mm), 30AWG (4,3 mm), 32AWG (3,8 mm)<\/li>\n<li>Conectores: RJ45 Cat8 FTP, contactos 50U banhados a ouro, casquilhos niquelados<\/li>\n<li>Testado: Testador Fluke para um desempenho fi\u00e1vel<\/li>\n<\/ul>\n<p>Assim, experimente a diferen\u00e7a em termos de velocidade, flexibilidade e durabilidade com este cabo de rede cat8 de \u00faltima gera\u00e7\u00e3o e leve a sua experi\u00eancia de rede a novos patamares.<\/p>\n<h2>Descarregar:<\/h2>\n<ul>\n<li>Folha de dados do cabo de liga\u00e7\u00e3o ultrafino Cat8 S\/FTP torcido n\u00e3o blindado de 4 pares<\/li>\n<\/ul>\n<h2>Informa\u00e7\u00f5es sobre a encomenda:<\/h2>\n<p>FS17110C1**-xxx: Cabo de remendo de 28AWG ultrafino Cat8 S\/FTP n\u00e3o blindado torcido de 4 pares<\/p>\n<p>FS17110C2**-xxx: Cabo de remendo de 4 pares torcido n\u00e3o blindado Cat8 S\/FTP ultrafino 30AWG<\/p>\n<p>FS17110C3**-xxx: Cabo de remendo de 4 pares torcido n\u00e3o blindado Cat8 S\/FTP ultrafino de 32AWG<\/p>\n<ul>\n<li>**=cor: GY=CINZA, BK=PRETO, WT=BRANCO, BU=AZUL, RD=VERMELHO, YL=AMARELO, OG=LARanja, GN=VERDE<\/li>\n<li>xxx=Comprimento: 003=0,3M, 005=0,5M, 010=1,0M, 018=1,8M, 030=3,0M, 050=5,0M, 075=7,5M, 100=10M, 200=20M, 300=30M<\/li>\n<li>Por exemplo: FS17110C1BU-018=28AWG Cat8 S\/FTP n\u00e3o blindado torcido 4 pares patch cord, cor azul, 1.8M comprimento<\/li>\n<\/ul>","protected":false},"excerpt":{"rendered":"<p>Apresentamos o cabo de rede cat8 fino Farsince F\/FTP, a solu\u00e7\u00e3o perfeita para criar uma liga\u00e7\u00e3o de rede segura em ambientes EMI\/RFI ruidosos.<\/p>","protected":false},"featured_media":16707,"template":"","meta":{"_acf_changed":false,"_seopress_robots_primary_cat":"","_seopress_titles_title":"Best Cat8 Network Cable - Farsince","_seopress_titles_desc":"","_seopress_robots_index":"","site-sidebar-layout":"default","site-content-layout":"default","ast-site-content-layout":"default","site-content-style":"default","site-sidebar-style":"default","ast-global-header-display":"","ast-banner-title-visibility":"","ast-main-header-display":"","ast-hfb-above-header-display":"","ast-hfb-below-header-display":"","ast-hfb-mobile-header-display":"","site-post-title":"","ast-breadcrumbs-content":"","ast-featured-img":"","footer-sml-layout":"","ast-disable-related-posts":"","theme-transparent-header-meta":"default","adv-header-id-meta":"","stick-header-meta":"","header-above-stick-meta":"","header-main-stick-meta":"","header-below-stick-meta":"","astra-migrate-meta-layouts":"default","ast-page-background-enabled":"default","ast-page-background-meta":{"desktop":{"background-color":"","background-image":"","background-repeat":"repeat","background-position":"center center","background-size":"auto","background-attachment":"scroll","background-type":"","background-media":"","overlay-type":"","overlay-color":"","overlay-opacity":"","overlay-gradient":""},"tablet":{"background-color":"","background-image":"","background-repeat":"repeat","background-position":"center center","background-size":"auto","background-attachment":"scroll","background-type":"","background-media":"","overlay-type":"","overlay-color":"","overlay-opacity":"","overlay-gradient":""},"mobile":{"background-color":"","background-image":"","background-repeat":"repeat","background-position":"center center","background-size":"auto","background-attachment":"scroll","background-type":"","background-media":"","overlay-type":"","overlay-color":"","overlay-opacity":"","overlay-gradient":""}},"ast-content-background-meta":{"desktop":{"background-color":"var(--ast-global-color-5)","background-image":"","background-repeat":"repeat","background-position":"center center","background-size":"auto","background-attachment":"scroll","background-type":"","background-media":"","overlay-type":"","overlay-color":"","overlay-opacity":"","overlay-gradient":""},"tablet":{"background-color":"var(--ast-global-color-5)","background-image":"","background-repeat":"repeat","background-position":"center center","background-size":"auto","background-attachment":"scroll","background-type":"","background-media":"","overlay-type":"","overlay-color":"","overlay-opacity":"","overlay-gradient":""},"mobile":{"background-color":"var(--ast-global-color-5)","background-image":"","background-repeat":"repeat","background-position":"center center","background-size":"auto","background-attachment":"scroll","background-type":"","background-media":"","overlay-type":"","overlay-color":"","overlay-opacity":"","overlay-gradient":""}},"iawp_total_views":27},"product_brand":[],"product_cat":[631,209],"product_tag":[],"class_list":{"0":"post-15191","1":"product","2":"type-product","3":"status-publish","4":"has-post-thumbnail","6":"product_cat-patch-cables","7":"product_cat-ethernet-cable","8":"desktop-align-left","9":"tablet-align-left","10":"mobile-align-left","12":"first","13":"instock","14":"shipping-taxable","15":"purchasable","16":"product-type-simple"},"acf":[],"_links":{"self":[{"href":"https:\/\/www.fjpremium.com\/pt\/wp-json\/wp\/v2\/product\/15191","targetHints":{"allow":["GET"]}}],"collection":[{"href":"https:\/\/www.fjpremium.com\/pt\/wp-json\/wp\/v2\/product"}],"about":[{"href":"https:\/\/www.fjpremium.com\/pt\/wp-json\/wp\/v2\/types\/product"}],"wp:featuredmedia":[{"embeddable":true,"href":"https:\/\/www.fjpremium.com\/pt\/wp-json\/wp\/v2\/media\/16707"}],"wp:attachment":[{"href":"https:\/\/www.fjpremium.com\/pt\/wp-json\/wp\/v2\/media?parent=15191"}],"wp:term":[{"taxonomy":"product_brand","embeddable":true,"href":"https:\/\/www.fjpremium.com\/pt\/wp-json\/wp\/v2\/product_brand?post=15191"},{"taxonomy":"product_cat","embeddable":true,"href":"https:\/\/www.fjpremium.com\/pt\/wp-json\/wp\/v2\/product_cat?post=15191"},{"taxonomy":"product_tag","embeddable":true,"href":"https:\/\/www.fjpremium.com\/pt\/wp-json\/wp\/v2\/product_tag?post=15191"}],"curies":[{"name":"wp","href":"https:\/\/api.w.org\/{rel}","templated":true}]}}