{"id":15190,"date":"2020-05-29T13:52:27","date_gmt":"2020-05-29T05:52:27","guid":{"rendered":"https:\/\/www.fjpremium.com\/?post_type=product&#038;p=15190"},"modified":"2023-12-14T13:56:48","modified_gmt":"2023-12-14T05:56:48","slug":"26awg-cat8-s-ftp-shielded-twisted-4-pairs-patch-cord-40gbase-t2000mhz","status":"publish","type":"product","link":"https:\/\/www.fjpremium.com\/pt\/product\/26awg-cat8-s-ftp-shielded-twisted-4-pairs-patch-cord-40gbase-t2000mhz\/","title":{"rendered":"Cabo SSTP\/SFTP RJ45 blindado Cat 8 Plenum 26AWG"},"content":{"rendered":"<p>Concebido para se destacar em ambientes EMI\/RFI ruidosos, o nosso cabo plenum cat 8 \u00e9 perfeito para configurar a sua rede dom\u00e9stica ou de escrit\u00f3rio com Gigabit Ethernet 10GBase-T.<\/p>\n<p>As caracter\u00edsticas excepcionais deste cabo incluem a m\u00e1xima flexibilidade com condutores entran\u00e7ados de 26AWG e blindagem individual em folha de alum\u00ednio para cada par, de modo a garantir uma excelente prote\u00e7\u00e3o contra ru\u00eddos EMI\/RFI e interfer\u00eancias electromagn\u00e9ticas.<\/p>\n<p>Garante uma excelente qualidade de transmiss\u00e3o e uma perda m\u00ednima de sinal e est\u00e1 em conformidade com as especifica\u00e7\u00f5es TIA\/EIA-568-C.2 e ISO\/IEC 11801.<\/p>\n<p>Al\u00e9m disso, os conectores s\u00e3o concebidos com contactos banhados a ouro, botas de al\u00edvio de tens\u00e3o moldadas e moldes sem falhas, garantindo durabilidade e uma liga\u00e7\u00e3o segura.<\/p>\n<p>Ideal para requisitos arquitect\u00f3nicos de centros de dados, este cabo plenum cat 8 est\u00e1 dispon\u00edvel em v\u00e1rias cores e comprimentos para personalizar a sua configura\u00e7\u00e3o de rede.<\/p>\n<p>Os seus condutores de cobre nu melhoram o desempenho do cabo e cumprem as normas para cabos de comunica\u00e7\u00e3o.<\/p>\n<p>Al\u00e9m disso, a flexibilidade e a durabilidade do cabo s\u00e3o complementadas pela sua elevada capacidade de largura de banda de at\u00e9 2000 MHz, tornando-o ideal para aplica\u00e7\u00f5es de servidor, computa\u00e7\u00e3o em nuvem, vigil\u00e2ncia por v\u00eddeo e transmiss\u00e3o de v\u00eddeo de alta defini\u00e7\u00e3o online.<\/p>\n<p>Especifica\u00e7\u00f5es:<\/p>\n<ul>\n<li>Isolamento: Espuma PE<\/li>\n<li>Cor do isolamento: Azul\/Branco, Azul; Laranja\/Branco, Laranja; Verde\/Branco, Verde; Castanho\/Branco, Castanho<\/li>\n<li>Tran\u00e7ado: Tran\u00e7a 16\/5\/0.12 Alum\u00ednio Magn\u00e9sio<\/li>\n<li>Revestimento: PVC<\/li>\n<li>Di\u00e2metro exterior: 602\u00b10,2mm<\/li>\n<li>Conector 1: RJ45 Cat8 FTP<\/li>\n<li>Conector 1: RJ45 Cat8 FTP<\/li>\n<li>Testes: Aparelho de teste Fluke<\/li>\n<\/ul>\n<p>Em resumo, com a sua excecional blindagem, design flex\u00edvel e especifica\u00e7\u00f5es de topo, o nosso cabo plenum cat 8 \u00e9 a escolha perfeita para ligar dispositivos em ambientes com elevados n\u00edveis de interfer\u00eancia EMI\/RFI. Escolha-nos para todas as suas solu\u00e7\u00f5es avan\u00e7adas de cabos de rede.<\/p>\n<h2>Descarregar:<\/h2>\n<ul>\n<li>Ficha t\u00e9cnica de 26 AWG Cat8 S\/FTP n\u00e3o blindado torcido 4 pares patch cord<\/li>\n<\/ul>\n<h2>Informa\u00e7\u00f5es sobre a encomenda:<\/h2>\n<p>FS17110B**-xxx: Cabo de liga\u00e7\u00e3o Cat8 S\/FTP blindado e torcido de 4 pares<\/p>\n<ul>\n<li>**=cor: GY=CINZA, BK=PRETO, WT=BRANCO, BU=AZUL, RD=VERMELHO, YL=AMARELO, OG=LARanja, GN=VERDE<\/li>\n<li>xxx=Comprimento: 003=0,3M, 005=0,5M, 010=1,0M, 018=1,8M, 030=3,0M, 050=5,0M, 075=7,5M, 100=10M, 200=20M, 300=30M<\/li>\n<li>Por exemplo: FS17110BBU-018= Cat8 S\/FTP blindado torcido 4 pares patch cord, cor azul, 1.8M comprimento<\/li>\n<\/ul>","protected":false},"excerpt":{"rendered":"<p>Experimente um desempenho sem paralelo com este cabo plenum SSTP\/SFTP RJ45 blindado cat 8, a solu\u00e7\u00e3o definitiva para as suas exig\u00eancias de rede de alta velocidade.<\/p>","protected":false},"featured_media":16698,"template":"","meta":{"_acf_changed":false,"_seopress_robots_primary_cat":"","_seopress_titles_title":"SSTP\/SFTP RJ45 Shield Cat 8 Plenum Cable - Farsince","_seopress_titles_desc":"","_seopress_robots_index":"","site-sidebar-layout":"default","site-content-layout":"default","ast-site-content-layout":"default","site-content-style":"default","site-sidebar-style":"default","ast-global-header-display":"","ast-banner-title-visibility":"","ast-main-header-display":"","ast-hfb-above-header-display":"","ast-hfb-below-header-display":"","ast-hfb-mobile-header-display":"","site-post-title":"","ast-breadcrumbs-content":"","ast-featured-img":"","footer-sml-layout":"","ast-disable-related-posts":"","theme-transparent-header-meta":"default","adv-header-id-meta":"","stick-header-meta":"","header-above-stick-meta":"","header-main-stick-meta":"","header-below-stick-meta":"","astra-migrate-meta-layouts":"default","ast-page-background-enabled":"default","ast-page-background-meta":{"desktop":{"background-color":"","background-image":"","background-repeat":"repeat","background-position":"center center","background-size":"auto","background-attachment":"scroll","background-type":"","background-media":"","overlay-type":"","overlay-color":"","overlay-opacity":"","overlay-gradient":""},"tablet":{"background-color":"","background-image":"","background-repeat":"repeat","background-position":"center center","background-size":"auto","background-attachment":"scroll","background-type":"","background-media":"","overlay-type":"","overlay-color":"","overlay-opacity":"","overlay-gradient":""},"mobile":{"background-color":"","background-image":"","background-repeat":"repeat","background-position":"center center","background-size":"auto","background-attachment":"scroll","background-type":"","background-media":"","overlay-type":"","overlay-color":"","overlay-opacity":"","overlay-gradient":""}},"ast-content-background-meta":{"desktop":{"background-color":"var(--ast-global-color-5)","background-image":"","background-repeat":"repeat","background-position":"center center","background-size":"auto","background-attachment":"scroll","background-type":"","background-media":"","overlay-type":"","overlay-color":"","overlay-opacity":"","overlay-gradient":""},"tablet":{"background-color":"var(--ast-global-color-5)","background-image":"","background-repeat":"repeat","background-position":"center center","background-size":"auto","background-attachment":"scroll","background-type":"","background-media":"","overlay-type":"","overlay-color":"","overlay-opacity":"","overlay-gradient":""},"mobile":{"background-color":"var(--ast-global-color-5)","background-image":"","background-repeat":"repeat","background-position":"center center","background-size":"auto","background-attachment":"scroll","background-type":"","background-media":"","overlay-type":"","overlay-color":"","overlay-opacity":"","overlay-gradient":""}},"iawp_total_views":33},"product_brand":[],"product_cat":[631,209],"product_tag":[],"class_list":{"0":"post-15190","1":"product","2":"type-product","3":"status-publish","4":"has-post-thumbnail","6":"product_cat-patch-cables","7":"product_cat-ethernet-cable","8":"desktop-align-left","9":"tablet-align-left","10":"mobile-align-left","12":"first","13":"instock","14":"shipping-taxable","15":"purchasable","16":"product-type-simple"},"acf":[],"_links":{"self":[{"href":"https:\/\/www.fjpremium.com\/pt\/wp-json\/wp\/v2\/product\/15190","targetHints":{"allow":["GET"]}}],"collection":[{"href":"https:\/\/www.fjpremium.com\/pt\/wp-json\/wp\/v2\/product"}],"about":[{"href":"https:\/\/www.fjpremium.com\/pt\/wp-json\/wp\/v2\/types\/product"}],"wp:featuredmedia":[{"embeddable":true,"href":"https:\/\/www.fjpremium.com\/pt\/wp-json\/wp\/v2\/media\/16698"}],"wp:attachment":[{"href":"https:\/\/www.fjpremium.com\/pt\/wp-json\/wp\/v2\/media?parent=15190"}],"wp:term":[{"taxonomy":"product_brand","embeddable":true,"href":"https:\/\/www.fjpremium.com\/pt\/wp-json\/wp\/v2\/product_brand?post=15190"},{"taxonomy":"product_cat","embeddable":true,"href":"https:\/\/www.fjpremium.com\/pt\/wp-json\/wp\/v2\/product_cat?post=15190"},{"taxonomy":"product_tag","embeddable":true,"href":"https:\/\/www.fjpremium.com\/pt\/wp-json\/wp\/v2\/product_tag?post=15190"}],"curies":[{"name":"wp","href":"https:\/\/api.w.org\/{rel}","templated":true}]}}