{"id":15188,"date":"2020-05-29T13:52:25","date_gmt":"2020-05-29T05:52:25","guid":{"rendered":"https:\/\/www.fjpremium.com\/?post_type=product&#038;p=15188"},"modified":"2023-12-14T13:56:49","modified_gmt":"2023-12-14T05:56:49","slug":"ultra-thin-cat7-s-ftp-flat-shielded-twisted-4-pairs-patch-cord","status":"publish","type":"product","link":"https:\/\/www.fjpremium.com\/pt\/product\/ultra-thin-cat7-s-ftp-flat-shielded-twisted-4-pairs-patch-cord\/","title":{"rendered":"Cabo de rede plano Cat7 com blindagem RJ45 F\/FTP"},"content":{"rendered":"<p>Este cabo de rede plano foi concebido para Gigabit Ethernet 10GBase-T, garantindo uma transfer\u00eancia de dados r\u00e1pida e eficiente para aplica\u00e7\u00f5es de servidor, computa\u00e7\u00e3o em nuvem, vigil\u00e2ncia por v\u00eddeo e transmiss\u00e3o de v\u00eddeo de alta defini\u00e7\u00e3o online.<\/p>\n<p>Possui uma constru\u00e7\u00e3o Cat7 F\/FTP totalmente blindada, com cada par individualmente blindado com folha de alum\u00ednio para proporcionar uma prote\u00e7\u00e3o excecional contra ru\u00eddo EMI\/RFI e interfer\u00eancias electromagn\u00e9ticas.<\/p>\n<p>O design do cabo entran\u00e7ado garante a m\u00e1xima flexibilidade, enquanto o design plano ajuda a evitar cabos emaranhados e poupa espa\u00e7o.<\/p>\n<p>E cumpre ou excede as especifica\u00e7\u00f5es TIA\/EIA-568-C.2 e ISO\/IEC 11801, garantindo um desempenho de transmiss\u00e3o excecional e baixas perdas de sinal.<\/p>\n<p>Ideal para requisitos arquitect\u00f3nicos de centros de dados, o nosso cabo de rede plano oferece uma instala\u00e7\u00e3o f\u00e1cil em espa\u00e7os apertados gra\u00e7as ao seu design plano.<\/p>\n<p>Os conectores possuem contactos banhados a ouro e conchas banhadas a n\u00edquel para maior durabilidade e uma liga\u00e7\u00e3o segura.<\/p>\n<p>Al\u00e9m disso, os condutores de cobre nu melhoram o desempenho dos cabos e cumprem as especifica\u00e7\u00f5es dos cabos de comunica\u00e7\u00e3o.<\/p>\n<p>Dispon\u00edveis em v\u00e1rias cores e comprimentos, estes cabos est\u00e3o em conformidade com as normas ROHS e REACH.<\/p>\n<p>As suas especifica\u00e7\u00f5es:<\/p>\n<ul>\n<li>Fio Gague: 32AWG 7\/0,08\u00b10,008mm<\/li>\n<li>Isolamento: Espuma PE<\/li>\n<li>Cor do isolamento: Azul\/Branco, Azul; Laranja\/Branco, Laranja; Verde\/Branco, Verde; Castanho\/Branco, Castanho<\/li>\n<li>Blindagem: Folha de alum\u00ednio<\/li>\n<li>Blindagem geral: Folha de alum\u00ednio<\/li>\n<li>Dreno: 32AWG 7\/0,08\u00b10,008mm ou 30AWG 7\/0,10\u00b10,008mm<\/li>\n<li>Revestimento: PVC<\/li>\n<li>Di\u00e2metro exterior: (6,0\u00b10,2mm)(1,9\u00b10,15mm) ou (8,5\u00b10,2mm)(2,8\u00b10,15mm)<\/li>\n<li>Conector 1: RJ45 Cat7 FTP<\/li>\n<li>Conector 1: RJ45 Cat7 FTP<\/li>\n<li>Testes: Aparelho de teste Fluke<\/li>\n<\/ul>\n<p>Assim, com o seu design plano, constru\u00e7\u00e3o flex\u00edvel e excelente blindagem, o nosso cabo de rede plano \u00e9 ideal para ligar os seus dispositivos em ambientes ruidosos e propensos a EMI\/RFI. Confie em n\u00f3s para todos os seus requisitos de cabos de rede de alta velocidade.<\/p>\n<h2>Descarregar:<\/h2>\n<ul>\n<li>Folha de dados do cabo de liga\u00e7\u00e3o plano ultrafino Cat7 F\/FTP<\/li>\n<\/ul>\n<h2>Informa\u00e7\u00f5es sobre a encomenda:<\/h2>\n<p>FS17109F**-xxx: Cabo de liga\u00e7\u00e3o plano Cat7 F\/FTP ultrafino<\/p>\n<ul>\n<li>**=cor: GY=CINZA, BK=PRETO, WT=BRANCO, BU=AZUL, RD=VERMELHO, YL=AMARELO, OG=LARanja, GN=VERDE<\/li>\n<li>xxx=Comprimento: 003=0,3M, 005=0,5M, 010=1,0M, 018=1,8M, 030=3,0M, 050=5,0M, 075=7,5M, 100=10M, 200=20M, 300=30M, 400=40M, 500=50M<\/li>\n<li>Por exemplo: FS17109FBU-018=Cabo de liga\u00e7\u00e3o plano Cat7 F\/FTP ultrafino, cor azul, 1,8 m de comprimento<\/li>\n<\/ul>","protected":false},"excerpt":{"rendered":"<p>Apresentamos o nosso cabo de rede plano cat7 com blindagem F\/FTP RJ45, uma solu\u00e7\u00e3o perfeita para criar liga\u00e7\u00f5es fi\u00e1veis e de alta velocidade em ambientes EMI\/RFI ruidosos.<\/p>","protected":false},"featured_media":16680,"template":"","meta":{"_acf_changed":false,"_seopress_robots_primary_cat":"","_seopress_titles_title":"F\/FTP RJ45 Shield Cat7 Flat Network Cable - Farsince","_seopress_titles_desc":"","_seopress_robots_index":"","site-sidebar-layout":"default","site-content-layout":"default","ast-site-content-layout":"default","site-content-style":"default","site-sidebar-style":"default","ast-global-header-display":"","ast-banner-title-visibility":"","ast-main-header-display":"","ast-hfb-above-header-display":"","ast-hfb-below-header-display":"","ast-hfb-mobile-header-display":"","site-post-title":"","ast-breadcrumbs-content":"","ast-featured-img":"","footer-sml-layout":"","ast-disable-related-posts":"","theme-transparent-header-meta":"default","adv-header-id-meta":"","stick-header-meta":"","header-above-stick-meta":"","header-main-stick-meta":"","header-below-stick-meta":"","astra-migrate-meta-layouts":"default","ast-page-background-enabled":"default","ast-page-background-meta":{"desktop":{"background-color":"","background-image":"","background-repeat":"repeat","background-position":"center center","background-size":"auto","background-attachment":"scroll","background-type":"","background-media":"","overlay-type":"","overlay-color":"","overlay-opacity":"","overlay-gradient":""},"tablet":{"background-color":"","background-image":"","background-repeat":"repeat","background-position":"center center","background-size":"auto","background-attachment":"scroll","background-type":"","background-media":"","overlay-type":"","overlay-color":"","overlay-opacity":"","overlay-gradient":""},"mobile":{"background-color":"","background-image":"","background-repeat":"repeat","background-position":"center center","background-size":"auto","background-attachment":"scroll","background-type":"","background-media":"","overlay-type":"","overlay-color":"","overlay-opacity":"","overlay-gradient":""}},"ast-content-background-meta":{"desktop":{"background-color":"var(--ast-global-color-5)","background-image":"","background-repeat":"repeat","background-position":"center center","background-size":"auto","background-attachment":"scroll","background-type":"","background-media":"","overlay-type":"","overlay-color":"","overlay-opacity":"","overlay-gradient":""},"tablet":{"background-color":"var(--ast-global-color-5)","background-image":"","background-repeat":"repeat","background-position":"center center","background-size":"auto","background-attachment":"scroll","background-type":"","background-media":"","overlay-type":"","overlay-color":"","overlay-opacity":"","overlay-gradient":""},"mobile":{"background-color":"var(--ast-global-color-5)","background-image":"","background-repeat":"repeat","background-position":"center center","background-size":"auto","background-attachment":"scroll","background-type":"","background-media":"","overlay-type":"","overlay-color":"","overlay-opacity":"","overlay-gradient":""}},"iawp_total_views":20},"product_brand":[],"product_cat":[631,209],"product_tag":[],"class_list":{"0":"post-15188","1":"product","2":"type-product","3":"status-publish","4":"has-post-thumbnail","6":"product_cat-patch-cables","7":"product_cat-ethernet-cable","8":"desktop-align-left","9":"tablet-align-left","10":"mobile-align-left","12":"first","13":"instock","14":"shipping-taxable","15":"purchasable","16":"product-type-simple"},"acf":[],"_links":{"self":[{"href":"https:\/\/www.fjpremium.com\/pt\/wp-json\/wp\/v2\/product\/15188","targetHints":{"allow":["GET"]}}],"collection":[{"href":"https:\/\/www.fjpremium.com\/pt\/wp-json\/wp\/v2\/product"}],"about":[{"href":"https:\/\/www.fjpremium.com\/pt\/wp-json\/wp\/v2\/types\/product"}],"wp:featuredmedia":[{"embeddable":true,"href":"https:\/\/www.fjpremium.com\/pt\/wp-json\/wp\/v2\/media\/16680"}],"wp:attachment":[{"href":"https:\/\/www.fjpremium.com\/pt\/wp-json\/wp\/v2\/media?parent=15188"}],"wp:term":[{"taxonomy":"product_brand","embeddable":true,"href":"https:\/\/www.fjpremium.com\/pt\/wp-json\/wp\/v2\/product_brand?post=15188"},{"taxonomy":"product_cat","embeddable":true,"href":"https:\/\/www.fjpremium.com\/pt\/wp-json\/wp\/v2\/product_cat?post=15188"},{"taxonomy":"product_tag","embeddable":true,"href":"https:\/\/www.fjpremium.com\/pt\/wp-json\/wp\/v2\/product_tag?post=15188"}],"curies":[{"name":"wp","href":"https:\/\/api.w.org\/{rel}","templated":true}]}}