{"id":15187,"date":"2020-05-29T13:52:23","date_gmt":"2020-05-29T05:52:23","guid":{"rendered":"https:\/\/www.fjpremium.com\/?post_type=product&#038;p=15187"},"modified":"2023-12-14T13:56:50","modified_gmt":"2023-12-14T05:56:50","slug":"cat7-s-ftp-shielded-twisted-4-pairs-patch-cable","status":"publish","type":"product","link":"https:\/\/www.fjpremium.com\/pt\/product\/cat7-s-ftp-shielded-twisted-4-pairs-patch-cable\/","title":{"rendered":"Cabo Ethernet Cat 7 Conector RJ45 Cabo de rede Cat7 SFTP"},"content":{"rendered":"<p>Concebido para a transmiss\u00e3o de dados a alta velocidade, o nosso cabo Ethernet Cat 7 \u00e9 ideal para estabelecer liga\u00e7\u00f5es de rede em ambientes com forte EMI\/RFI, como escrit\u00f3rios ou casas equipadas com muitos dispositivos electr\u00f3nicos.<\/p>\n<p>Suporta Gigabit Ethernet 10GBase-T, permitindo uma transfer\u00eancia de dados r\u00e1pida e eficiente.<\/p>\n<p>O seu design de blindagem dupla completa, com cada par blindado individualmente com folha de alum\u00ednio, garante uma prote\u00e7\u00e3o superior contra interfer\u00eancias electromagn\u00e9ticas, assegurando um desempenho \u00f3timo de atenua\u00e7\u00e3o e diafonia.<\/p>\n<p>Al\u00e9m disso, foi concebido para cumprir ou exceder o desempenho da Categoria 7 em conformidade com as especifica\u00e7\u00f5es TIA\/EIA-568-C.2 e ISO\/IEC 11801.<\/p>\n<p>Os condutores de cobre nu do nosso cabo Ethernet Cat 7 funcionam para melhorar o desempenho, garantindo que cumprem as especifica\u00e7\u00f5es dos cabos de comunica\u00e7\u00e3o.<\/p>\n<p>O seu design flex\u00edvel e duradouro, associado a uma elevada largura de banda de at\u00e9 600 MHz, garante a transfer\u00eancia de dados a alta velocidade para v\u00e1rias aplica\u00e7\u00f5es de servidor, incluindo computa\u00e7\u00e3o em nuvem, vigil\u00e2ncia por v\u00eddeo e transmiss\u00e3o de v\u00eddeo de alta defini\u00e7\u00e3o online.<\/p>\n<p>Os contactos banhados a ouro deste cabo e o inv\u00f3lucro niquelado dos conectores RJ45 Cat7 FTP proporcionam uma resist\u00eancia extra contra a corros\u00e3o, garantindo uma durabilidade duradoura e liga\u00e7\u00f5es seguras.<\/p>\n<p>Al\u00e9m disso, as botas de al\u00edvio de tens\u00e3o moldadas e os moldes sem entalhes tamb\u00e9m contribuem para a robustez do cabo.<\/p>\n<p>Al\u00e9m disso, o nosso cabo Ethernet Cat 7 est\u00e1 dispon\u00edvel em diferentes comprimentos e cores, facilitando a procura da solu\u00e7\u00e3o adequada para as suas necessidades de rede.<\/p>\n<p>E \u00e9 compat\u00edvel com ROHS e REACH, enfatizando o compromisso da Farsince com os padr\u00f5es de seguran\u00e7a ambiental e de sa\u00fade.<\/p>\n<p>As suas especifica\u00e7\u00f5es:<\/p>\n<ul>\n<li>Fio: 26AWG 7\/0,16\u00b10,015mm<\/li>\n<li>Isolamento: Espuma PE<\/li>\n<li>Cor do isolamento: Azul\/Branco, Azul; Laranja\/Branco, Laranja; Verde\/Branco, Verde; Castanho\/Branco, Castanho<\/li>\n<li>Tran\u00e7ado: Tran\u00e7a 16\/5\/0.12 Alum\u00ednio Magn\u00e9sio<\/li>\n<li>Fio de drenagem: 26AWG 7\/0,16 \u00b10,015mm<\/li>\n<li>Revestimento: PVC<\/li>\n<li>Di\u00e2metro exterior: 6,2\u00b10,2mm<\/li>\n<li>Testes: Aparelho de teste Fluke<\/li>\n<\/ul>\n<p>Em conclus\u00e3o, este produto proporciona liga\u00e7\u00f5es de rede fi\u00e1veis e de alta velocidade, tornando-o uma escolha perfeita para utiliza\u00e7\u00e3o em casa e no escrit\u00f3rio. O seu design superior e a sua constru\u00e7\u00e3o duradoura asseguram que satisfar\u00e1 as exig\u00eancias de qualquer ambiente com forte EMI\/RFI.<\/p>\n<h2>Descarregar:<\/h2>\n<ul>\n<li>Ficha t\u00e9cnica de Cabo de liga\u00e7\u00e3o Cat7 S\/FTP torcido n\u00e3o blindado de 4 pares<\/li>\n<\/ul>\n<h2>Informa\u00e7\u00f5es sobre a encomenda:<\/h2>\n<p>FS17109**-xxx: Cabo de liga\u00e7\u00e3o de 4 pares Cat7 S\/FTP blindado e torcido<\/p>\n<ul>\n<li>**=cor: GY=CINZA, BK=PRETO, WT=BRANCO, BU=AZUL, RD=VERMELHO, YL=AMARELO, OG=LARanja, GN=VERDE<\/li>\n<li>xxx=Comprimento: 003=0,3M, 005=0,5M, 010=1,0M, 018=1,8M, 030=3,0M, 050=5,0M, 075=7,5M, 100=10M, 200=20M, 300=30M, 400=40M, 500=50M<\/li>\n<li>Por exemplo: FS17109BU-018= Cat7 S\/FTP blindado torcido 4 pares patch cord, cor azul, 1.8M comprimento<\/li>\n<\/ul>","protected":false},"excerpt":{"rendered":"<p>Melhore a conetividade da sua rede com este cabo Ethernet Cat 7 de alto desempenho com conetor RJ45 Cabo de rede Cat7 SFTP.<\/p>","protected":false},"featured_media":16674,"template":"","meta":{"_acf_changed":false,"_seopress_robots_primary_cat":"","_seopress_titles_title":"Cat 7 Ethernet Cable RJ45 Connector - Farsince","_seopress_titles_desc":"","_seopress_robots_index":"","site-sidebar-layout":"default","site-content-layout":"default","ast-site-content-layout":"default","site-content-style":"default","site-sidebar-style":"default","ast-global-header-display":"","ast-banner-title-visibility":"","ast-main-header-display":"","ast-hfb-above-header-display":"","ast-hfb-below-header-display":"","ast-hfb-mobile-header-display":"","site-post-title":"","ast-breadcrumbs-content":"","ast-featured-img":"","footer-sml-layout":"","ast-disable-related-posts":"","theme-transparent-header-meta":"default","adv-header-id-meta":"","stick-header-meta":"","header-above-stick-meta":"","header-main-stick-meta":"","header-below-stick-meta":"","astra-migrate-meta-layouts":"default","ast-page-background-enabled":"default","ast-page-background-meta":{"desktop":{"background-color":"","background-image":"","background-repeat":"repeat","background-position":"center center","background-size":"auto","background-attachment":"scroll","background-type":"","background-media":"","overlay-type":"","overlay-color":"","overlay-opacity":"","overlay-gradient":""},"tablet":{"background-color":"","background-image":"","background-repeat":"repeat","background-position":"center center","background-size":"auto","background-attachment":"scroll","background-type":"","background-media":"","overlay-type":"","overlay-color":"","overlay-opacity":"","overlay-gradient":""},"mobile":{"background-color":"","background-image":"","background-repeat":"repeat","background-position":"center center","background-size":"auto","background-attachment":"scroll","background-type":"","background-media":"","overlay-type":"","overlay-color":"","overlay-opacity":"","overlay-gradient":""}},"ast-content-background-meta":{"desktop":{"background-color":"var(--ast-global-color-5)","background-image":"","background-repeat":"repeat","background-position":"center center","background-size":"auto","background-attachment":"scroll","background-type":"","background-media":"","overlay-type":"","overlay-color":"","overlay-opacity":"","overlay-gradient":""},"tablet":{"background-color":"var(--ast-global-color-5)","background-image":"","background-repeat":"repeat","background-position":"center center","background-size":"auto","background-attachment":"scroll","background-type":"","background-media":"","overlay-type":"","overlay-color":"","overlay-opacity":"","overlay-gradient":""},"mobile":{"background-color":"var(--ast-global-color-5)","background-image":"","background-repeat":"repeat","background-position":"center center","background-size":"auto","background-attachment":"scroll","background-type":"","background-media":"","overlay-type":"","overlay-color":"","overlay-opacity":"","overlay-gradient":""}},"iawp_total_views":10},"product_brand":[],"product_cat":[631,209],"product_tag":[],"class_list":{"0":"post-15187","1":"product","2":"type-product","3":"status-publish","4":"has-post-thumbnail","6":"product_cat-patch-cables","7":"product_cat-ethernet-cable","8":"desktop-align-left","9":"tablet-align-left","10":"mobile-align-left","12":"first","13":"instock","14":"shipping-taxable","15":"purchasable","16":"product-type-simple"},"acf":[],"_links":{"self":[{"href":"https:\/\/www.fjpremium.com\/pt\/wp-json\/wp\/v2\/product\/15187","targetHints":{"allow":["GET"]}}],"collection":[{"href":"https:\/\/www.fjpremium.com\/pt\/wp-json\/wp\/v2\/product"}],"about":[{"href":"https:\/\/www.fjpremium.com\/pt\/wp-json\/wp\/v2\/types\/product"}],"wp:featuredmedia":[{"embeddable":true,"href":"https:\/\/www.fjpremium.com\/pt\/wp-json\/wp\/v2\/media\/16674"}],"wp:attachment":[{"href":"https:\/\/www.fjpremium.com\/pt\/wp-json\/wp\/v2\/media?parent=15187"}],"wp:term":[{"taxonomy":"product_brand","embeddable":true,"href":"https:\/\/www.fjpremium.com\/pt\/wp-json\/wp\/v2\/product_brand?post=15187"},{"taxonomy":"product_cat","embeddable":true,"href":"https:\/\/www.fjpremium.com\/pt\/wp-json\/wp\/v2\/product_cat?post=15187"},{"taxonomy":"product_tag","embeddable":true,"href":"https:\/\/www.fjpremium.com\/pt\/wp-json\/wp\/v2\/product_tag?post=15187"}],"curies":[{"name":"wp","href":"https:\/\/api.w.org\/{rel}","templated":true}]}}