{"id":15185,"date":"2020-05-29T13:52:20","date_gmt":"2020-05-29T05:52:20","guid":{"rendered":"https:\/\/www.fjpremium.com\/?post_type=product&#038;p=15185"},"modified":"2023-12-14T13:56:51","modified_gmt":"2023-12-14T05:56:51","slug":"cat6a-s-ftp-shielded-twisted-4-pairs-patch-cable","status":"publish","type":"product","link":"https:\/\/www.fjpremium.com\/pt\/product\/cat6a-s-ftp-shielded-twisted-4-pairs-patch-cable\/","title":{"rendered":"Cabo Ethernet fino Cat6 Cat6A Cabo de rede UTP RJ45"},"content":{"rendered":"<p>Optimizado para 1000 Base-T Gigabit Ethernet, o nosso cabo Ethernet Cat6A cumpre ou excede o desempenho da Categoria 6\/6A em conformidade com as especifica\u00e7\u00f5es TIA\/EIA-568-C.2 e ISO\/IEC 11801.<\/p>\n<p>\u00c9 fabricado com condutores de cobre nu entran\u00e7ado 28AWG de alta qualidade, garantindo um desempenho superior do cabo e o cumprimento de normas de comunica\u00e7\u00e3o rigorosas.<\/p>\n<p>E o seu design fino n\u00e3o s\u00f3 assegura uma instala\u00e7\u00e3o e flexibilidade f\u00e1ceis, como tamb\u00e9m promove um melhor fluxo de ar em espa\u00e7os apertados, tornando-o perfeito para centros de dados densamente povoados.<\/p>\n<p>Uma das principais caracter\u00edsticas deste cabo \u00e9 a sua conetividade vers\u00e1til.<\/p>\n<p>\u00c9 perfeito para ligar v\u00e1rios componentes de rede LAN, tais como PCs, servidores inform\u00e1ticos, impressoras, routers, caixas de comuta\u00e7\u00e3o, leitores multim\u00e9dia de rede, NAS, telefones VOIP e dispositivos POE.<\/p>\n<p>A sua elevada largura de banda de at\u00e9 250 MHz e 500 MHz garante a transfer\u00eancia de dados a alta velocidade para aplica\u00e7\u00f5es de servidor, computa\u00e7\u00e3o em nuvem, vigil\u00e2ncia por v\u00eddeo e transmiss\u00e3o de v\u00eddeo de alta defini\u00e7\u00e3o online.<\/p>\n<p>O nosso cabo Ethernet Cat6A \u00e9 fornecido com conectores RJ45 que possuem contactos banhados a ouro para uma \u00f3ptima condutividade do sinal.<\/p>\n<p>Os conectores tamb\u00e9m t\u00eam botas de al\u00edvio de tens\u00e3o moldadas e moldes sem entalhes que resistem \u00e0 corros\u00e3o, proporcionam durabilidade e garantem uma liga\u00e7\u00e3o segura.<\/p>\n<p>Al\u00e9m disso, o cabo est\u00e1 dispon\u00edvel em diferentes cores e comprimentos, permitindo-lhe escolher o que melhor se adequa \u00e0s suas necessidades de liga\u00e7\u00e3o em rede.<\/p>\n<p>Para al\u00e9m disso, este cabo Ethernet Cat6A est\u00e1 em conformidade com as normas ROHS e REACH, garantindo o respeito pelo ambiente e a seguran\u00e7a.<\/p>\n<p>Cada cabo \u00e9 rigorosamente testado com um aparelho de teste Fluke para garantir o desempenho e a qualidade.<\/p>\n<p>As suas especifica\u00e7\u00f5es:<\/p>\n<ul>\n<li>Fio: 28AWG 7\/0,12\u00b10,015mm<\/li>\n<li>Isolamento: PEAD<\/li>\n<li>Cor do isolamento: Azul\/Branco, Azul; Laranja\/Branco, Laranja; Verde\/Branco, Verde; Castanho\/Branco, Castanho<\/li>\n<li>Blindagem: Nenhuma<\/li>\n<li>Tran\u00e7a: Nenhum<\/li>\n<li>Revestimento: PVC<\/li>\n<li>Di\u00e2metro exterior: 3,8\u00b10,2mm<\/li>\n<\/ul>\n<p>Assim, o nosso cabo \u00e9 ideal para quem procura uma liga\u00e7\u00e3o de rede fi\u00e1vel, de alta velocidade e flex\u00edvel em casa ou no escrit\u00f3rio.<\/p>\n<h2>Descarregar:<\/h2>\n<ul>\n<li>Folha de dados de Cat6\/6A U\/UTP 28AWG cabo de remendo de 4 pares torcido fino n\u00e3o blindado<\/li>\n<\/ul>\n<h2>Informa\u00e7\u00f5es sobre a encomenda:<\/h2>\n<p>FS17107-C6**-xxx: Cabo de liga\u00e7\u00e3o Cat6 U\/UTP fino n\u00e3o blindado torcido de 4 pares<\/p>\n<p>FS17107-C6A**-xxx: Cabo de liga\u00e7\u00e3o Cat6a U\/UTP fino n\u00e3o blindado torcido de 4 pares<\/p>\n<ul>\n<li>**=cor: GY=CINZA, BK=PRETO, WT=BRANCO, BU=AZUL, RD=VERMELHO, YL=AMARELO, OG=LARanja, GN=VERDE<\/li>\n<li>xxx=Comprimento: 003=0,3M, 005=0,5M, 010=1,0M, 018=1,8M, 030=3,0M, 050=5,0M, 075=7,5M, 100=10M, 200=20M, 300=30M, 400=40M, 500=50M<\/li>\n<li>Por exemplo: FS17107-C6BU-018= Cabo de liga\u00e7\u00e3o fino Cat6 U\/UTP, cor azul, 1,8 m de comprimento<\/li>\n<\/ul>","protected":false},"excerpt":{"rendered":"<p>Concebido para liga\u00e7\u00f5es fi\u00e1veis e de alta velocidade, apresentamos este fino cabo Ethernet Cat6A, ideal para configurar e melhorar as suas redes dom\u00e9sticas ou de escrit\u00f3rio.<\/p>","protected":false},"featured_media":16655,"template":"","meta":{"_acf_changed":false,"_seopress_robots_primary_cat":"","_seopress_titles_title":"Slim Cat6 Cat6A Ethernet Cable - Farsince","_seopress_titles_desc":"","_seopress_robots_index":"","site-sidebar-layout":"default","site-content-layout":"default","ast-site-content-layout":"default","site-content-style":"default","site-sidebar-style":"default","ast-global-header-display":"","ast-banner-title-visibility":"","ast-main-header-display":"","ast-hfb-above-header-display":"","ast-hfb-below-header-display":"","ast-hfb-mobile-header-display":"","site-post-title":"","ast-breadcrumbs-content":"","ast-featured-img":"","footer-sml-layout":"","ast-disable-related-posts":"","theme-transparent-header-meta":"default","adv-header-id-meta":"","stick-header-meta":"","header-above-stick-meta":"","header-main-stick-meta":"","header-below-stick-meta":"","astra-migrate-meta-layouts":"default","ast-page-background-enabled":"default","ast-page-background-meta":{"desktop":{"background-color":"","background-image":"","background-repeat":"repeat","background-position":"center center","background-size":"auto","background-attachment":"scroll","background-type":"","background-media":"","overlay-type":"","overlay-color":"","overlay-opacity":"","overlay-gradient":""},"tablet":{"background-color":"","background-image":"","background-repeat":"repeat","background-position":"center center","background-size":"auto","background-attachment":"scroll","background-type":"","background-media":"","overlay-type":"","overlay-color":"","overlay-opacity":"","overlay-gradient":""},"mobile":{"background-color":"","background-image":"","background-repeat":"repeat","background-position":"center center","background-size":"auto","background-attachment":"scroll","background-type":"","background-media":"","overlay-type":"","overlay-color":"","overlay-opacity":"","overlay-gradient":""}},"ast-content-background-meta":{"desktop":{"background-color":"var(--ast-global-color-5)","background-image":"","background-repeat":"repeat","background-position":"center center","background-size":"auto","background-attachment":"scroll","background-type":"","background-media":"","overlay-type":"","overlay-color":"","overlay-opacity":"","overlay-gradient":""},"tablet":{"background-color":"var(--ast-global-color-5)","background-image":"","background-repeat":"repeat","background-position":"center center","background-size":"auto","background-attachment":"scroll","background-type":"","background-media":"","overlay-type":"","overlay-color":"","overlay-opacity":"","overlay-gradient":""},"mobile":{"background-color":"var(--ast-global-color-5)","background-image":"","background-repeat":"repeat","background-position":"center center","background-size":"auto","background-attachment":"scroll","background-type":"","background-media":"","overlay-type":"","overlay-color":"","overlay-opacity":"","overlay-gradient":""}},"iawp_total_views":17},"product_brand":[],"product_cat":[631,209],"product_tag":[],"class_list":{"0":"post-15185","1":"product","2":"type-product","3":"status-publish","4":"has-post-thumbnail","6":"product_cat-patch-cables","7":"product_cat-ethernet-cable","8":"desktop-align-left","9":"tablet-align-left","10":"mobile-align-left","12":"first","13":"instock","14":"shipping-taxable","15":"purchasable","16":"product-type-simple"},"acf":[],"_links":{"self":[{"href":"https:\/\/www.fjpremium.com\/pt\/wp-json\/wp\/v2\/product\/15185","targetHints":{"allow":["GET"]}}],"collection":[{"href":"https:\/\/www.fjpremium.com\/pt\/wp-json\/wp\/v2\/product"}],"about":[{"href":"https:\/\/www.fjpremium.com\/pt\/wp-json\/wp\/v2\/types\/product"}],"wp:featuredmedia":[{"embeddable":true,"href":"https:\/\/www.fjpremium.com\/pt\/wp-json\/wp\/v2\/media\/16655"}],"wp:attachment":[{"href":"https:\/\/www.fjpremium.com\/pt\/wp-json\/wp\/v2\/media?parent=15185"}],"wp:term":[{"taxonomy":"product_brand","embeddable":true,"href":"https:\/\/www.fjpremium.com\/pt\/wp-json\/wp\/v2\/product_brand?post=15185"},{"taxonomy":"product_cat","embeddable":true,"href":"https:\/\/www.fjpremium.com\/pt\/wp-json\/wp\/v2\/product_cat?post=15185"},{"taxonomy":"product_tag","embeddable":true,"href":"https:\/\/www.fjpremium.com\/pt\/wp-json\/wp\/v2\/product_tag?post=15185"}],"curies":[{"name":"wp","href":"https:\/\/api.w.org\/{rel}","templated":true}]}}