{"id":15159,"date":"2020-05-29T11:23:19","date_gmt":"2020-05-29T03:23:19","guid":{"rendered":"https:\/\/www.fjpremium.com\/?post_type=product&#038;p=15159"},"modified":"2023-12-14T13:56:52","modified_gmt":"2023-12-14T05:56:52","slug":"cat6-u-utp-28awg-slim-unshielded-twisted-4-pairs-patch-cable","status":"publish","type":"product","link":"https:\/\/www.fjpremium.com\/pt\/product\/cat6-u-utp-28awg-slim-unshielded-twisted-4-pairs-patch-cable\/","title":{"rendered":"Cabo de liga\u00e7\u00e3o Ethernet UTP Cat6 sem blindagem com conetor RJ45"},"content":{"rendered":"<p>Construa a sua rede dom\u00e9stica ou de escrit\u00f3rio com confian\u00e7a utilizando 1000 Base-T Gigabit Ethernet e desfrute de uma experi\u00eancia de rede sem falhas.<\/p>\n<p>Este patch cable Cat6 n\u00e3o blindado cumpre ou excede o desempenho da Categoria 6 em conformidade com as especifica\u00e7\u00f5es TIA\/EIA-568-C.2 e ISO\/IEC 11801.<\/p>\n<p>Os seus conectores possuem contactos banhados a ouro, botas de al\u00edvio de tens\u00e3o moldadas e moldes sem falhas para resistir \u00e0 corros\u00e3o, proporcionar durabilidade e garantir uma liga\u00e7\u00e3o segura.<\/p>\n<p>Al\u00e9m disso, os condutores de cobre nu utilizados neste cabo melhoram o seu desempenho e cumprem as especifica\u00e7\u00f5es dos cabos de comunica\u00e7\u00f5es.<\/p>\n<p>Flex\u00edvel e dur\u00e1vel, o nosso cabo de liga\u00e7\u00e3o Cat6 n\u00e3o blindado possui uma elevada largura de banda de at\u00e9 500 MHz, garantindo a transfer\u00eancia de dados a alta velocidade para aplica\u00e7\u00f5es de servidor, computa\u00e7\u00e3o em nuvem, vigil\u00e2ncia por v\u00eddeo e transmiss\u00e3o de v\u00eddeo de alta defini\u00e7\u00e3o online.<\/p>\n<p>E a sua constru\u00e7\u00e3o em fio garante a m\u00e1xima flexibilidade e uma instala\u00e7\u00e3o f\u00e1cil.<\/p>\n<p>Al\u00e9m disso, dispon\u00edvel em diferentes cores e comprimentos, o cabo \u00e9 adaptado para satisfazer as suas necessidades espec\u00edficas.<\/p>\n<p>Al\u00e9m disso, est\u00e1 em conformidade com as normas RoHS e REACH, o que o torna uma escolha amiga do ambiente para as suas necessidades de liga\u00e7\u00e3o em rede.<\/p>\n<p>As suas especifica\u00e7\u00f5es:<\/p>\n<ul>\n<li>Bitola do fio: 30\/28\/26\/24AWG<\/li>\n<li>Isolamento: PEAD<\/li>\n<li>Cor do isolamento: Azul\/Branco, Azul; Laranja\/Branco, Laranja; Verde\/Branco, Verde; Castanho\/Branco, Castanho<\/li>\n<li>Blindagem: Nenhuma<\/li>\n<li>Tran\u00e7a: Nenhum<\/li>\n<li>Revestimento: PVC<\/li>\n<li>Di\u00e2metro exterior: 5,0\u00b10,2mm<\/li>\n<li>Conector 1: RJ45 Cat6 UTP<\/li>\n<li>Conector 1: RJ45 Cat6 UTP<\/li>\n<li>Testes: Aparelho de teste Fluke<\/li>\n<\/ul>\n<p>Em geral, melhore a sua rede hoje com o nosso cabo de liga\u00e7\u00e3o Cat6 n\u00e3o blindado e experimente a diferen\u00e7a de velocidade e fiabilidade que este cabo de alta qualidade pode proporcionar.<\/p>\n<h2>Descarregar:<\/h2>\n<ul>\n<li>Folha de dados do cabo de liga\u00e7\u00e3o ethernet Cat6 U\/UTP torcido n\u00e3o blindado de 4 pares<\/li>\n<\/ul>\n<h2>Informa\u00e7\u00f5es sobre a encomenda:<\/h2>\n<p>FS17103**-xxx: Cabo de liga\u00e7\u00e3o de rede Cat6 U\/UTP<\/p>\n<ul>\n<li>**=cor: GY=CINZA, BK=PRETO, WT=BRANCO, BU=AZUL, RD=VERMELHO, YL=AMARELO, OG=LARanja, GN=VERDE<\/li>\n<li>xxx=Comprimento: 003=0,3M, 005=0,5M, 010=1,0M, 018=1,8M, 030=3,0M, 050=5,0M, 075=7,5M, 100=10M, 200=20M, 300=30M, 400=40M, 500=50M<\/li>\n<li>Por exemplo: FS17103BU-018= Patch cord Cat6 U\/UTP ethernet, cor azul, 1.8M de comprimento<\/li>\n<\/ul>","protected":false},"excerpt":{"rendered":"<p>Actualize a conetividade da sua rede LAN com o nosso cabo de liga\u00e7\u00e3o Ethernet UTP Cat6 sem blindagem, a solu\u00e7\u00e3o ideal para ligar muitos componentes da rede LAN.<\/p>","protected":false},"featured_media":16644,"template":"","meta":{"_acf_changed":false,"_seopress_robots_primary_cat":"","_seopress_titles_title":"Unshielded Cat6 UTP Ethernet Patch Cord Cable - Farsince","_seopress_titles_desc":"","_seopress_robots_index":"","site-sidebar-layout":"default","site-content-layout":"default","ast-site-content-layout":"default","site-content-style":"default","site-sidebar-style":"default","ast-global-header-display":"","ast-banner-title-visibility":"","ast-main-header-display":"","ast-hfb-above-header-display":"","ast-hfb-below-header-display":"","ast-hfb-mobile-header-display":"","site-post-title":"","ast-breadcrumbs-content":"","ast-featured-img":"","footer-sml-layout":"","ast-disable-related-posts":"","theme-transparent-header-meta":"default","adv-header-id-meta":"","stick-header-meta":"","header-above-stick-meta":"","header-main-stick-meta":"","header-below-stick-meta":"","astra-migrate-meta-layouts":"default","ast-page-background-enabled":"default","ast-page-background-meta":{"desktop":{"background-color":"","background-image":"","background-repeat":"repeat","background-position":"center center","background-size":"auto","background-attachment":"scroll","background-type":"","background-media":"","overlay-type":"","overlay-color":"","overlay-opacity":"","overlay-gradient":""},"tablet":{"background-color":"","background-image":"","background-repeat":"repeat","background-position":"center center","background-size":"auto","background-attachment":"scroll","background-type":"","background-media":"","overlay-type":"","overlay-color":"","overlay-opacity":"","overlay-gradient":""},"mobile":{"background-color":"","background-image":"","background-repeat":"repeat","background-position":"center center","background-size":"auto","background-attachment":"scroll","background-type":"","background-media":"","overlay-type":"","overlay-color":"","overlay-opacity":"","overlay-gradient":""}},"ast-content-background-meta":{"desktop":{"background-color":"var(--ast-global-color-5)","background-image":"","background-repeat":"repeat","background-position":"center center","background-size":"auto","background-attachment":"scroll","background-type":"","background-media":"","overlay-type":"","overlay-color":"","overlay-opacity":"","overlay-gradient":""},"tablet":{"background-color":"var(--ast-global-color-5)","background-image":"","background-repeat":"repeat","background-position":"center center","background-size":"auto","background-attachment":"scroll","background-type":"","background-media":"","overlay-type":"","overlay-color":"","overlay-opacity":"","overlay-gradient":""},"mobile":{"background-color":"var(--ast-global-color-5)","background-image":"","background-repeat":"repeat","background-position":"center center","background-size":"auto","background-attachment":"scroll","background-type":"","background-media":"","overlay-type":"","overlay-color":"","overlay-opacity":"","overlay-gradient":""}},"iawp_total_views":4},"product_brand":[],"product_cat":[631,209],"product_tag":[],"class_list":{"0":"post-15159","1":"product","2":"type-product","3":"status-publish","4":"has-post-thumbnail","6":"product_cat-patch-cables","7":"product_cat-ethernet-cable","8":"desktop-align-left","9":"tablet-align-left","10":"mobile-align-left","12":"first","13":"instock","14":"shipping-taxable","15":"purchasable","16":"product-type-simple"},"acf":[],"_links":{"self":[{"href":"https:\/\/www.fjpremium.com\/pt\/wp-json\/wp\/v2\/product\/15159","targetHints":{"allow":["GET"]}}],"collection":[{"href":"https:\/\/www.fjpremium.com\/pt\/wp-json\/wp\/v2\/product"}],"about":[{"href":"https:\/\/www.fjpremium.com\/pt\/wp-json\/wp\/v2\/types\/product"}],"wp:featuredmedia":[{"embeddable":true,"href":"https:\/\/www.fjpremium.com\/pt\/wp-json\/wp\/v2\/media\/16644"}],"wp:attachment":[{"href":"https:\/\/www.fjpremium.com\/pt\/wp-json\/wp\/v2\/media?parent=15159"}],"wp:term":[{"taxonomy":"product_brand","embeddable":true,"href":"https:\/\/www.fjpremium.com\/pt\/wp-json\/wp\/v2\/product_brand?post=15159"},{"taxonomy":"product_cat","embeddable":true,"href":"https:\/\/www.fjpremium.com\/pt\/wp-json\/wp\/v2\/product_cat?post=15159"},{"taxonomy":"product_tag","embeddable":true,"href":"https:\/\/www.fjpremium.com\/pt\/wp-json\/wp\/v2\/product_tag?post=15159"}],"curies":[{"name":"wp","href":"https:\/\/api.w.org\/{rel}","templated":true}]}}