{"id":15125,"date":"2020-05-29T11:09:19","date_gmt":"2020-05-29T03:09:19","guid":{"rendered":"https:\/\/www.fjpremium.com\/?post_type=product&#038;p=15125"},"modified":"2023-12-14T13:55:54","modified_gmt":"2023-12-14T05:55:54","slug":"cat-8-s-ftp-shielded-and-foiled-ethernet-installation-cable-40gbase-t2000mhz","status":"publish","type":"product","link":"https:\/\/www.fjpremium.com\/pt\/product\/cat-8-s-ftp-shielded-and-foiled-ethernet-installation-cable-40gbase-t2000mhz\/","title":{"rendered":"Cabo Ethernet Cat 8 S\/FTP blindado e laminado - 40GBASE-T\/2000MHz"},"content":{"rendered":"<p>O nosso cabo Ethernet Cat 8 foi concebido para fornecer redes de dados 40G em dist\u00e2ncias at\u00e9 30 metros, proporcionando quatro vezes a velocidade da maioria dos centros de dados Cat6A actuais.<\/p>\n<p>Possui quatro pares blindados individualmente de condutores s\u00f3lidos de cobre nu de calibre 22, que ajudam a repelir a interfer\u00eancia electromagn\u00e9tica (EMI) em ambientes eletricamente ruidosos.<\/p>\n<p>Uma blindagem global de cobre estanhado tran\u00e7ado acrescenta prote\u00e7\u00e3o extra ao cabo.<\/p>\n<p>Al\u00e9m disso, \u00e9 revestido por uma capa de LSZH e tem marca\u00e7\u00f5es sequenciais em p\u00e9s ou metros, o que facilita a determina\u00e7\u00e3o da quantidade de cabo que resta na bobina.<\/p>\n<p>Este cabo Ethernet Cat 8 \u00e9 fornecido com a sua constru\u00e7\u00e3o S\/FTP, condutores de cobre s\u00f3lido sem oxig\u00e9nio de 22AWG 0,64 mm e isolamento de pele com espuma.<\/p>\n<p>E o seu di\u00e2metro exterior mede 8,4 \u00b1 0,2 mm.<\/p>\n<p>Al\u00e9m disso, o nosso cabo Ethernet Cat 8 est\u00e1 dispon\u00edvel em v\u00e1rias op\u00e7\u00f5es de cores e foi testado pela Fluke e pelo Network Analyzer para garantir um desempenho \u00f3timo.<\/p>\n<p>Tamb\u00e9m est\u00e1 em conformidade com as normas RoHS e REACH, tem certifica\u00e7\u00e3o CPR Eca e Dca e cumpre normas internacionais como a ISO\/IEC 11801-1, EN 50173-1 e IEC 61156-9.<\/p>\n<p>Em geral, actualize a sua rede com o nosso cabo e experimente uma transfer\u00eancia de dados extremamente r\u00e1pida e uma fiabilidade excecional para todos os seus requisitos de rede de elevado desempenho.<\/p>\n<h2>Descarregar:<\/h2>\n<ul>\n<li>Ficha t\u00e9cnica de Cat8 S\/FTP Netwoking installation bulk cable<\/li>\n<\/ul>\n<h2>Informa\u00e7\u00f5es sobre a encomenda:<\/h2>\n<ul>\n<li>FS17010-C: PVC<\/li>\n<li>FS17010-L: LSZH<\/li>\n<li>FS17010-M: Classifica\u00e7\u00e3o CM<\/li>\n<li>FS17010-R: Elevador CMR<\/li>\n<li>FS17010-P: Plenum CMP<\/li>\n<li>FS17010-E: PE para exterior<\/li>\n<\/ul>","protected":false},"excerpt":{"rendered":"<p>Descubra este cabo Ethernet Cat 8 S\/FTP blindado e laminado, a solu\u00e7\u00e3o ideal para grandes instala\u00e7\u00f5es de redes de dados e centros de dados de elevado desempenho.<\/p>","protected":false},"featured_media":15151,"template":"","meta":{"_acf_changed":false,"_seopress_robots_primary_cat":"","_seopress_titles_title":"S\/FTP Shielded and Foiled Cat 8 Ethernet Cable - Farsince","_seopress_titles_desc":"Experience the best in network connectivity with Farsince&#039;s S\/FTP Shielded and Foiled Cat 8 Ethernet Cable. Our cable supports 40GBASE-T\/2000MHz and provides reliable and seamless connection for high-speed data transfer. ","_seopress_robots_index":"","site-sidebar-layout":"default","site-content-layout":"default","ast-site-content-layout":"default","site-content-style":"default","site-sidebar-style":"default","ast-global-header-display":"","ast-banner-title-visibility":"","ast-main-header-display":"","ast-hfb-above-header-display":"","ast-hfb-below-header-display":"","ast-hfb-mobile-header-display":"","site-post-title":"","ast-breadcrumbs-content":"","ast-featured-img":"","footer-sml-layout":"","ast-disable-related-posts":"","theme-transparent-header-meta":"default","adv-header-id-meta":"","stick-header-meta":"","header-above-stick-meta":"","header-main-stick-meta":"","header-below-stick-meta":"","astra-migrate-meta-layouts":"set","ast-page-background-enabled":"default","ast-page-background-meta":{"desktop":{"background-color":"","background-image":"","background-repeat":"repeat","background-position":"center center","background-size":"auto","background-attachment":"scroll","background-type":"","background-media":"","overlay-type":"","overlay-color":"","overlay-opacity":"","overlay-gradient":""},"tablet":{"background-color":"","background-image":"","background-repeat":"repeat","background-position":"center center","background-size":"auto","background-attachment":"scroll","background-type":"","background-media":"","overlay-type":"","overlay-color":"","overlay-opacity":"","overlay-gradient":""},"mobile":{"background-color":"","background-image":"","background-repeat":"repeat","background-position":"center center","background-size":"auto","background-attachment":"scroll","background-type":"","background-media":"","overlay-type":"","overlay-color":"","overlay-opacity":"","overlay-gradient":""}},"ast-content-background-meta":{"desktop":{"background-color":"var(--ast-global-color-5)","background-image":"","background-repeat":"repeat","background-position":"center center","background-size":"auto","background-attachment":"scroll","background-type":"","background-media":"","overlay-type":"","overlay-color":"","overlay-opacity":"","overlay-gradient":""},"tablet":{"background-color":"var(--ast-global-color-5)","background-image":"","background-repeat":"repeat","background-position":"center center","background-size":"auto","background-attachment":"scroll","background-type":"","background-media":"","overlay-type":"","overlay-color":"","overlay-opacity":"","overlay-gradient":""},"mobile":{"background-color":"var(--ast-global-color-5)","background-image":"","background-repeat":"repeat","background-position":"center center","background-size":"auto","background-attachment":"scroll","background-type":"","background-media":"","overlay-type":"","overlay-color":"","overlay-opacity":"","overlay-gradient":""}},"iawp_total_views":19},"product_brand":[],"product_cat":[252,209],"product_tag":[],"class_list":{"0":"post-15125","1":"product","2":"type-product","3":"status-publish","4":"has-post-thumbnail","6":"product_cat-bulk-cables","7":"product_cat-ethernet-cable","8":"desktop-align-left","9":"tablet-align-left","10":"mobile-align-left","12":"first","13":"instock","14":"shipping-taxable","15":"purchasable","16":"product-type-simple"},"acf":[],"_links":{"self":[{"href":"https:\/\/www.fjpremium.com\/pt\/wp-json\/wp\/v2\/product\/15125","targetHints":{"allow":["GET"]}}],"collection":[{"href":"https:\/\/www.fjpremium.com\/pt\/wp-json\/wp\/v2\/product"}],"about":[{"href":"https:\/\/www.fjpremium.com\/pt\/wp-json\/wp\/v2\/types\/product"}],"wp:featuredmedia":[{"embeddable":true,"href":"https:\/\/www.fjpremium.com\/pt\/wp-json\/wp\/v2\/media\/15151"}],"wp:attachment":[{"href":"https:\/\/www.fjpremium.com\/pt\/wp-json\/wp\/v2\/media?parent=15125"}],"wp:term":[{"taxonomy":"product_brand","embeddable":true,"href":"https:\/\/www.fjpremium.com\/pt\/wp-json\/wp\/v2\/product_brand?post=15125"},{"taxonomy":"product_cat","embeddable":true,"href":"https:\/\/www.fjpremium.com\/pt\/wp-json\/wp\/v2\/product_cat?post=15125"},{"taxonomy":"product_tag","embeddable":true,"href":"https:\/\/www.fjpremium.com\/pt\/wp-json\/wp\/v2\/product_tag?post=15125"}],"curies":[{"name":"wp","href":"https:\/\/api.w.org\/{rel}","templated":true}]}}